{"id":1437,"date":"2025-01-23T12:05:20","date_gmt":"2025-01-23T10:05:20","guid":{"rendered":"https:\/\/lastenkamari.fi\/collections\/"},"modified":"2026-04-28T11:06:55","modified_gmt":"2026-04-28T11:06:55","slug":"lastenkamari","status":"publish","type":"page","link":"https:\/\/lastenkamari.fi\/","title":{"rendered":"Lastentarvikkeet netist\u00e4"},"content":{"rendered":"\t\t<div data-elementor-type=\"wp-page\" data-elementor-id=\"1437\" class=\"elementor elementor-1437\">\n\t\t\t\t<div class=\"elementor-element elementor-element-e116474 e-flex e-con-boxed e-con e-parent\" data-id=\"e116474\" data-element_type=\"container\" data-e-type=\"container\">\n\t\t\t\t\t<div class=\"e-con-inner\">\n\t\t\t\t<div class=\"elementor-element elementor-element-8e92f9f elementor-widget elementor-widget-heading\" data-id=\"8e92f9f\" data-element_type=\"widget\" data-e-type=\"widget\" data-widget_type=\"heading.default\">\n\t\t\t\t\t<h1 class=\"elementor-heading-title elementor-size-default\">Lastentarvikkeet<\/h1>\t\t\t\t<\/div>\n\t\t\t\t<div class=\"elementor-element elementor-element-fb80f1d elementor-widget elementor-widget-text-editor\" data-id=\"fb80f1d\" data-element_type=\"widget\" data-e-type=\"widget\" data-widget_type=\"text-editor.default\">\n\t\t\t\t\t\t\t\t\t<p data-start=\"369\" data-end=\"706\"><span class=\"hover:entity-accent entity-underline inline cursor-pointer align-baseline\"><span class=\"whitespace-normal\">Lastenkamari.fi<\/span><\/span> on verkkosivusto, joka kokoaa yhteen lasten tuotteita eri verkkokaupoista. Sivusto toimii inspiraatio- ja l\u00f6yt\u00f6paikkana, jossa voit tutustua leikkikaluihin, vauvan tuotteisiin ja lasten arkea helpottaviin hankintoihin ilman, ett\u00e4 tarvitsee selata useita verkkokauppoja erikseen.<\/p><p data-start=\"708\" data-end=\"738\">Sivustolta l\u00f6ytyy esimerkiksi:<\/p><ul data-start=\"739\" data-end=\"876\"><li data-section-id=\"qpp154\" data-start=\"739\" data-end=\"768\">leluja ja pelej\u00e4 lapsille<\/li><li data-section-id=\"1uwd4es\" data-start=\"769\" data-end=\"806\">vauvojen ja taaperoiden tuotteita<\/li><li data-section-id=\"ilr6fz\" data-start=\"807\" data-end=\"832\">lahjaideoita lapsille<\/li><li data-section-id=\"1tnw0ka\" data-start=\"833\" data-end=\"876\">eri br\u00e4ndien tuotteita yhdest\u00e4 paikasta<\/li><\/ul>\t\t\t\t\t\t\t\t<\/div>\n\t\t\t\t\t<\/div>\n\t\t\t\t<\/div>\n\t\t\t\t<\/div>\n\t\t","protected":false},"excerpt":{"rendered":"<p>Lastentarvikkeet Lastenkamari.fi on verkkosivusto, joka kokoaa yhteen lasten tuotteita eri verkkokaupoista. Sivusto toimii inspiraatio- ja l\u00f6yt\u00f6paikkana, jossa voit tutustua leikkikaluihin, vauvan tuotteisiin ja lasten arkea helpottaviin hankintoihin ilman, ett\u00e4 tarvitsee selata useita verkkokauppoja erikseen. Sivustolta l\u00f6ytyy esimerkiksi: leluja ja pelej\u00e4 lapsille vauvojen ja taaperoiden tuotteita lahjaideoita lapsille eri br\u00e4ndien tuotteita [&hellip;]<\/p>\n","protected":false},"author":1,"featured_media":153250,"parent":0,"menu_order":0,"comment_status":"closed","ping_status":"closed","template":"","meta":{"footnotes":""},"class_list":["post-1437","page","type-page","status-publish","has-post-thumbnail","hentry"],"_links":{"self":[{"href":"https:\/\/lastenkamari.fi\/index.php?rest_route=\/wp\/v2\/pages\/1437","targetHints":{"allow":["GET"]}}],"collection":[{"href":"https:\/\/lastenkamari.fi\/index.php?rest_route=\/wp\/v2\/pages"}],"about":[{"href":"https:\/\/lastenkamari.fi\/index.php?rest_route=\/wp\/v2\/types\/page"}],"author":[{"embeddable":true,"href":"https:\/\/lastenkamari.fi\/index.php?rest_route=\/wp\/v2\/users\/1"}],"replies":[{"embeddable":true,"href":"https:\/\/lastenkamari.fi\/index.php?rest_route=%2Fwp%2Fv2%2Fcomments&post=1437"}],"version-history":[{"count":18,"href":"https:\/\/lastenkamari.fi\/index.php?rest_route=\/wp\/v2\/pages\/1437\/revisions"}],"predecessor-version":[{"id":153237,"href":"https:\/\/lastenkamari.fi\/index.php?rest_route=\/wp\/v2\/pages\/1437\/revisions\/153237"}],"wp:featuredmedia":[{"embeddable":true,"href":"https:\/\/lastenkamari.fi\/index.php?rest_route=\/wp\/v2\/media\/153250"}],"wp:attachment":[{"href":"https:\/\/lastenkamari.fi\/index.php?rest_route=%2Fwp%2Fv2%2Fmedia&parent=1437"}],"curies":[{"name":"wp","href":"https:\/\/api.w.org\/{rel}","templated":true}]}}