{"id":1067,"date":"2026-04-28T10:16:48","date_gmt":"2026-04-28T10:16:48","guid":{"rendered":"https:\/\/lastenkamari.fi\/?post_type=product&#038;p=1067"},"modified":"2026-04-28T10:16:49","modified_gmt":"2026-04-28T10:16:49","slug":"cutie-hat-puuvillapipo-licorice-0-2m","status":"publish","type":"product","link":"https:\/\/lastenkamari.fi\/?product=cutie-hat-puuvillapipo-licorice-0-2m","title":{"rendered":"Cutie Hat -Puuvillapipo | Licorice &#8211; 0-2M"},"content":{"rendered":"<p>Cutie Hat on suloinen ja ajattoman tyylik\u00e4s pipo lapsille. Klassinen Licorice-s\u00e4vy on helppo yhdist\u00e4\u00e4 v\u00e4rikk\u00e4isiin ulkovaatteisiin ja toimii luotettavana valintana sesongista toiseen.<br \/>\nPipo on valmistettu 100 % luomupuuvillasta, joka on pehme\u00e4, hengitt\u00e4v\u00e4 ja miellytt\u00e4v\u00e4 k\u00e4ytt\u00e4\u00e4. Kaksi lankatupsua tuovat pipoon leikkis\u00e4\u00e4 ilmett\u00e4, ja solmittavat nauhat varmistavat hyv\u00e4n istuvuuden.<br \/>\nYhdist\u00e4 pipo saman s\u00e4vyn tuubihuivin kanssa ja saat ajattoman ja toimivan kev\u00e4tkokonaisuuden.<br \/>\nCircus of my life -mallisto on ylistys arjen ainutlaatuisuudelle \u2013 naurulle, kaaokselle ja niille pienille hetkille, jotka tekev\u00e4t lapsiperheen el\u00e4m\u00e4st\u00e4 juuri niin ihanan v\u00e4rik\u00e4st\u00e4 ja vauhdikasta. \ud83d\udda4<\/p>\n","protected":false},"excerpt":{"rendered":"<p>Cutie Hat on suloinen ja ajattoman tyylik\u00e4s pipo lapsille. Klassinen Licorice-s\u00e4vy on helppo yhdist\u00e4\u00e4 v\u00e4rikk\u00e4isiin ulkovaatteisiin ja toimii luotettavana valintana sesongista toiseen. Pipo on valmistettu 100 % luomupuuvillasta, joka on pehme\u00e4, hengitt\u00e4v\u00e4 ja miellytt\u00e4v\u00e4 k\u00e4ytt\u00e4\u00e4. Kaksi lankatupsua tuovat pipoon leikkis\u00e4\u00e4 ilmett\u00e4, ja solmittavat nauhat varmistavat hyv\u00e4n istuvuuden. Yhdist\u00e4 pipo saman [&hellip;]<\/p>\n","protected":false},"featured_media":1068,"comment_status":"open","ping_status":"closed","template":"","meta":[],"product_brand":[51],"product_cat":[59],"product_tag":[26],"class_list":{"0":"post-1067","1":"product","2":"type-product","3":"status-publish","4":"has-post-thumbnail","6":"product_brand-circus-of-my-life","7":"product_cat-asusteet","8":"product_tag-metsola","10":"first","11":"instock","12":"shipping-taxable","13":"product-type-external"},"_links":{"self":[{"href":"https:\/\/lastenkamari.fi\/index.php?rest_route=\/wp\/v2\/product\/1067","targetHints":{"allow":["GET"]}}],"collection":[{"href":"https:\/\/lastenkamari.fi\/index.php?rest_route=\/wp\/v2\/product"}],"about":[{"href":"https:\/\/lastenkamari.fi\/index.php?rest_route=\/wp\/v2\/types\/product"}],"replies":[{"embeddable":true,"href":"https:\/\/lastenkamari.fi\/index.php?rest_route=%2Fwp%2Fv2%2Fcomments&post=1067"}],"wp:featuredmedia":[{"embeddable":true,"href":"https:\/\/lastenkamari.fi\/index.php?rest_route=\/wp\/v2\/media\/1068"}],"wp:attachment":[{"href":"https:\/\/lastenkamari.fi\/index.php?rest_route=%2Fwp%2Fv2%2Fmedia&parent=1067"}],"wp:term":[{"taxonomy":"product_brand","embeddable":true,"href":"https:\/\/lastenkamari.fi\/index.php?rest_route=%2Fwp%2Fv2%2Fproduct_brand&post=1067"},{"taxonomy":"product_cat","embeddable":true,"href":"https:\/\/lastenkamari.fi\/index.php?rest_route=%2Fwp%2Fv2%2Fproduct_cat&post=1067"},{"taxonomy":"product_tag","embeddable":true,"href":"https:\/\/lastenkamari.fi\/index.php?rest_route=%2Fwp%2Fv2%2Fproduct_tag&post=1067"}],"curies":[{"name":"wp","href":"https:\/\/api.w.org\/{rel}","templated":true}]}}