{"id":1071,"date":"2026-04-28T10:16:50","date_gmt":"2026-04-28T10:16:50","guid":{"rendered":"https:\/\/lastenkamari.fi\/?post_type=product&#038;p=1071"},"modified":"2026-04-28T10:16:51","modified_gmt":"2026-04-28T10:16:51","slug":"rib-bear-beanie-pipo-peanut-0-2m","status":"publish","type":"product","link":"https:\/\/lastenkamari.fi\/?product=rib-bear-beanie-pipo-peanut-0-2m","title":{"rendered":"Rib Bear Beanie -Pipo | Peanut &#8211; 0-2M"},"content":{"rendered":"<p>My Happy Place -mallisto tuo v\u00e4rien iloisuuden mukanaan! \ud83d\udc9c<br \/>\nSuloinen Rib Bear Beanie yhdist\u00e4\u00e4 mukavuuden ja hauskan ilmeen! Peanut-s\u00e4vy, l\u00e4mmin ja pehme\u00e4 vaaleanruskea, tuo pipoon ajattoman ilmeen ja tekee siit\u00e4 helposti yhdistelt\u00e4v\u00e4n eri asuihin. Pehme\u00e4 ja joustava luomupuuvillainen rib-neulos tuntuu miellytt\u00e4v\u00e4lt\u00e4 p\u00e4\u00e4ss\u00e4 ja istuu hyvin. Suloiset karhunkorvat viimeistelev\u00e4t pipon ilmeen ja tuovat siihen ripauksen leikkisyytt\u00e4.<br \/>\nHuom. pipo on pient\u00e4 mitoitusta. Mik\u00e4li et ole varma oikeasta koosta, suosittelemme katsomaan apua kokotaulukosta.\u00a0<\/p>\n","protected":false},"excerpt":{"rendered":"<p>My Happy Place -mallisto tuo v\u00e4rien iloisuuden mukanaan! \ud83d\udc9c Suloinen Rib Bear Beanie yhdist\u00e4\u00e4 mukavuuden ja hauskan ilmeen! Peanut-s\u00e4vy, l\u00e4mmin ja pehme\u00e4 vaaleanruskea, tuo pipoon ajattoman ilmeen ja tekee siit\u00e4 helposti yhdistelt\u00e4v\u00e4n eri asuihin. Pehme\u00e4 ja joustava luomupuuvillainen rib-neulos tuntuu miellytt\u00e4v\u00e4lt\u00e4 p\u00e4\u00e4ss\u00e4 ja istuu hyvin. Suloiset karhunkorvat viimeistelev\u00e4t pipon ilmeen [&hellip;]<\/p>\n","protected":false},"featured_media":1072,"comment_status":"open","ping_status":"closed","template":"","meta":[],"product_brand":[48],"product_cat":[59],"product_tag":[26],"class_list":{"0":"post-1071","1":"product","2":"type-product","3":"status-publish","4":"has-post-thumbnail","6":"product_brand-my-happy-place","7":"product_cat-asusteet","8":"product_tag-metsola","10":"first","11":"instock","12":"shipping-taxable","13":"product-type-external"},"_links":{"self":[{"href":"https:\/\/lastenkamari.fi\/index.php?rest_route=\/wp\/v2\/product\/1071","targetHints":{"allow":["GET"]}}],"collection":[{"href":"https:\/\/lastenkamari.fi\/index.php?rest_route=\/wp\/v2\/product"}],"about":[{"href":"https:\/\/lastenkamari.fi\/index.php?rest_route=\/wp\/v2\/types\/product"}],"replies":[{"embeddable":true,"href":"https:\/\/lastenkamari.fi\/index.php?rest_route=%2Fwp%2Fv2%2Fcomments&post=1071"}],"wp:featuredmedia":[{"embeddable":true,"href":"https:\/\/lastenkamari.fi\/index.php?rest_route=\/wp\/v2\/media\/1072"}],"wp:attachment":[{"href":"https:\/\/lastenkamari.fi\/index.php?rest_route=%2Fwp%2Fv2%2Fmedia&parent=1071"}],"wp:term":[{"taxonomy":"product_brand","embeddable":true,"href":"https:\/\/lastenkamari.fi\/index.php?rest_route=%2Fwp%2Fv2%2Fproduct_brand&post=1071"},{"taxonomy":"product_cat","embeddable":true,"href":"https:\/\/lastenkamari.fi\/index.php?rest_route=%2Fwp%2Fv2%2Fproduct_cat&post=1071"},{"taxonomy":"product_tag","embeddable":true,"href":"https:\/\/lastenkamari.fi\/index.php?rest_route=%2Fwp%2Fv2%2Fproduct_tag&post=1071"}],"curies":[{"name":"wp","href":"https:\/\/api.w.org\/{rel}","templated":true}]}}