{"id":1093,"date":"2026-04-28T10:16:56","date_gmt":"2026-04-28T10:16:56","guid":{"rendered":"https:\/\/lastenkamari.fi\/?post_type=product&#038;p=1093"},"modified":"2026-04-28T10:16:56","modified_gmt":"2026-04-28T10:16:56","slug":"cotton-knit-beanie-puuvillapipo-candy-1-3y","status":"publish","type":"product","link":"https:\/\/lastenkamari.fi\/?product=cotton-knit-beanie-puuvillapipo-candy-1-3y","title":{"rendered":"Cotton Knit Beanie -Puuvillapipo |  Candy &#8211; 1-3Y"},"content":{"rendered":"<p>Circus of my life -mallisto on ylistys arjen ainutlaatuisuudelle \u2013 naurulle, kaaokselle ja niille pienille hetkille, jotka tekev\u00e4t lapsiperheen el\u00e4m\u00e4st\u00e4 juuri niin v\u00e4rik\u00e4st\u00e4 ja vauhdikasta. Malliston v\u00e4rimaailma on kuin karkkikaupasta!<br \/>\nCotton Knit Beanie -puuvillapipo Candy-s\u00e4vyss\u00e4 hurmaa hattaran pinkill\u00e4 s\u00e4vyll\u00e4\u00e4n. Leikkis\u00e4 ja iloinen v\u00e4ri tuo asukokonaisuuksiin pehmeytt\u00e4 ja iloa, ja sopii t\u00e4ydellisesti koko perheen kev\u00e4tasusteeksi.<br \/>\nPipo on valmistettu laadukkaasta ja pehme\u00e4st\u00e4 luomupuuvillaisesta neuloksesta, joka tuntuu miellytt\u00e4v\u00e4lt\u00e4 ihoa vasten ja hengitt\u00e4\u00e4 hyvin. Se pit\u00e4\u00e4 p\u00e4\u00e4n sopivan l\u00e4mpim\u00e4n\u00e4 ilman hiostavaa tunnetta.<br \/>\nPipon k\u00e4yt\u00e4nn\u00f6llisyytt\u00e4 lis\u00e4\u00e4 taitos, jonka korkeutta s\u00e4\u00e4t\u00e4m\u00e4ll\u00e4 voit muokata pipon syvyytt\u00e4. Edess\u00e4 viimeistelty merkki nahkaj\u00e4ljitelm\u00e4\u00e4.<br \/>\nYhdist\u00e4 pipo saman s\u00e4vyn Cotton Knit -tuubihuivin kanssa, niin saat hurmaavan ja yhten\u00e4isen asukokonaisuuden.<br \/>\nMik\u00e4li et ole varma oikeasta koosta, suosittelemme katsomaan apua kokotaulukosta.<\/p>\n","protected":false},"excerpt":{"rendered":"<p>Circus of my life -mallisto on ylistys arjen ainutlaatuisuudelle \u2013 naurulle, kaaokselle ja niille pienille hetkille, jotka tekev\u00e4t lapsiperheen el\u00e4m\u00e4st\u00e4 juuri niin v\u00e4rik\u00e4st\u00e4 ja vauhdikasta. Malliston v\u00e4rimaailma on kuin karkkikaupasta! Cotton Knit Beanie -puuvillapipo Candy-s\u00e4vyss\u00e4 hurmaa hattaran pinkill\u00e4 s\u00e4vyll\u00e4\u00e4n. Leikkis\u00e4 ja iloinen v\u00e4ri tuo asukokonaisuuksiin pehmeytt\u00e4 ja iloa, ja sopii [&hellip;]<\/p>\n","protected":false},"featured_media":1094,"comment_status":"open","ping_status":"closed","template":"","meta":[],"product_brand":[51],"product_cat":[59],"product_tag":[26],"class_list":{"0":"post-1093","1":"product","2":"type-product","3":"status-publish","4":"has-post-thumbnail","6":"product_brand-circus-of-my-life","7":"product_cat-asusteet","8":"product_tag-metsola","10":"first","11":"instock","12":"shipping-taxable","13":"product-type-external"},"_links":{"self":[{"href":"https:\/\/lastenkamari.fi\/index.php?rest_route=\/wp\/v2\/product\/1093","targetHints":{"allow":["GET"]}}],"collection":[{"href":"https:\/\/lastenkamari.fi\/index.php?rest_route=\/wp\/v2\/product"}],"about":[{"href":"https:\/\/lastenkamari.fi\/index.php?rest_route=\/wp\/v2\/types\/product"}],"replies":[{"embeddable":true,"href":"https:\/\/lastenkamari.fi\/index.php?rest_route=%2Fwp%2Fv2%2Fcomments&post=1093"}],"wp:featuredmedia":[{"embeddable":true,"href":"https:\/\/lastenkamari.fi\/index.php?rest_route=\/wp\/v2\/media\/1094"}],"wp:attachment":[{"href":"https:\/\/lastenkamari.fi\/index.php?rest_route=%2Fwp%2Fv2%2Fmedia&parent=1093"}],"wp:term":[{"taxonomy":"product_brand","embeddable":true,"href":"https:\/\/lastenkamari.fi\/index.php?rest_route=%2Fwp%2Fv2%2Fproduct_brand&post=1093"},{"taxonomy":"product_cat","embeddable":true,"href":"https:\/\/lastenkamari.fi\/index.php?rest_route=%2Fwp%2Fv2%2Fproduct_cat&post=1093"},{"taxonomy":"product_tag","embeddable":true,"href":"https:\/\/lastenkamari.fi\/index.php?rest_route=%2Fwp%2Fv2%2Fproduct_tag&post=1093"}],"curies":[{"name":"wp","href":"https:\/\/api.w.org\/{rel}","templated":true}]}}