{"id":1135,"date":"2026-04-28T10:17:10","date_gmt":"2026-04-28T10:17:10","guid":{"rendered":"https:\/\/lastenkamari.fi\/?post_type=product&#038;p=1135"},"modified":"2026-04-28T10:17:10","modified_gmt":"2026-04-28T10:17:10","slug":"textured-bear-hoodie-huppari-woody-86-92","status":"publish","type":"product","link":"https:\/\/lastenkamari.fi\/?product=textured-bear-hoodie-huppari-woody-86-92","title":{"rendered":"Textured Bear Hoodie -Huppari | Woody &#8211; 86\/92"},"content":{"rendered":"<p>Metsola kutsuu seikkailuun True Campers -malliston mukana \ud83d\udda4 Luonnonrauhasta ja retkitunnelmasta inspiroitunut kokoelma hurmaa uusilla vaatemalleilla, laadukkailla materiaaleilla ja kauden s\u00e4vyjen runsaudella. T\u00e4m\u00e4 mallisto tuo iloa arkeen ja l\u00e4mp\u00f6\u00e4 viileisiin hetkiin.<br \/>\nAjattoman rauhallinen Woody on l\u00e4mmin ruskea s\u00e4vy, joka sopii t\u00e4ydellisesti syksyn ja talven s\u00e4vymaailmaan. Textured Bear Hoodie on p\u00e4ivitetty versio tutusta Bear Hoodie -hupparista \u2013 nyt parannetulla hupun istuvuudella ja pienemmill\u00e4, sirommilla nallekorvilla.<br \/>\nUusi Textured-materiaali yhdist\u00e4\u00e4 luomupuuvillan pehmeyden ja kierr\u00e4tyspolyesterin kest\u00e4vyyden, ja sen kevyesti struktuurinen pinta tuo huppariin el\u00e4vyytt\u00e4 ja persoonallisuutta. Mukava istuvuus ja laadukkaat materiaalit tekev\u00e4t hupparista toimivan valinnan jokap\u00e4iv\u00e4iseen k\u00e4ytt\u00f6\u00f6n.<br \/>\nWoody-s\u00e4vyinen Textured Bear Hoodie -huppari on vastuullinen, mukava ja leikkis\u00e4n tyylik\u00e4s \u2013 suunniteltu kest\u00e4m\u00e4\u00e4n k\u00e4ytt\u00f6\u00e4 ja ilahduttamaan yksityiskohdillaan.<br \/>\nMik\u00e4li et ole varma oikeasta koosta, suosittelemme katsomaan apua kokotaulukosta.<\/p>\n","protected":false},"excerpt":{"rendered":"<p>Metsola kutsuu seikkailuun True Campers -malliston mukana \ud83d\udda4 Luonnonrauhasta ja retkitunnelmasta inspiroitunut kokoelma hurmaa uusilla vaatemalleilla, laadukkailla materiaaleilla ja kauden s\u00e4vyjen runsaudella. T\u00e4m\u00e4 mallisto tuo iloa arkeen ja l\u00e4mp\u00f6\u00e4 viileisiin hetkiin. Ajattoman rauhallinen Woody on l\u00e4mmin ruskea s\u00e4vy, joka sopii t\u00e4ydellisesti syksyn ja talven s\u00e4vymaailmaan. Textured Bear Hoodie on p\u00e4ivitetty [&hellip;]<\/p>\n","protected":false},"featured_media":1136,"comment_status":"open","ping_status":"closed","template":"","meta":[],"product_brand":[34],"product_cat":[40],"product_tag":[26],"class_list":{"0":"post-1135","1":"product","2":"type-product","3":"status-publish","4":"has-post-thumbnail","6":"product_brand-true-campers","7":"product_cat-lastenvaatteet","8":"product_tag-metsola","10":"first","11":"instock","12":"shipping-taxable","13":"product-type-external"},"_links":{"self":[{"href":"https:\/\/lastenkamari.fi\/index.php?rest_route=\/wp\/v2\/product\/1135","targetHints":{"allow":["GET"]}}],"collection":[{"href":"https:\/\/lastenkamari.fi\/index.php?rest_route=\/wp\/v2\/product"}],"about":[{"href":"https:\/\/lastenkamari.fi\/index.php?rest_route=\/wp\/v2\/types\/product"}],"replies":[{"embeddable":true,"href":"https:\/\/lastenkamari.fi\/index.php?rest_route=%2Fwp%2Fv2%2Fcomments&post=1135"}],"wp:featuredmedia":[{"embeddable":true,"href":"https:\/\/lastenkamari.fi\/index.php?rest_route=\/wp\/v2\/media\/1136"}],"wp:attachment":[{"href":"https:\/\/lastenkamari.fi\/index.php?rest_route=%2Fwp%2Fv2%2Fmedia&parent=1135"}],"wp:term":[{"taxonomy":"product_brand","embeddable":true,"href":"https:\/\/lastenkamari.fi\/index.php?rest_route=%2Fwp%2Fv2%2Fproduct_brand&post=1135"},{"taxonomy":"product_cat","embeddable":true,"href":"https:\/\/lastenkamari.fi\/index.php?rest_route=%2Fwp%2Fv2%2Fproduct_cat&post=1135"},{"taxonomy":"product_tag","embeddable":true,"href":"https:\/\/lastenkamari.fi\/index.php?rest_route=%2Fwp%2Fv2%2Fproduct_tag&post=1135"}],"curies":[{"name":"wp","href":"https:\/\/api.w.org\/{rel}","templated":true}]}}