{"id":1137,"date":"2026-04-28T10:17:10","date_gmt":"2026-04-28T10:17:10","guid":{"rendered":"https:\/\/lastenkamari.fi\/?post_type=product&#038;p=1137"},"modified":"2026-04-28T10:17:11","modified_gmt":"2026-04-28T10:17:11","slug":"textured-bear-hoodie-huppari-wildy-86-92","status":"publish","type":"product","link":"https:\/\/lastenkamari.fi\/?product=textured-bear-hoodie-huppari-wildy-86-92","title":{"rendered":"Textured Bear Hoodie -Huppari | Wildy &#8211; 86\/92"},"content":{"rendered":"<p>Metsola kutsuu seikkailuun True Campers -malliston mukana \ud83d\udda4 Luonnonrauhasta ja retkitunnelmasta inspiroitunut kokoelma hurmaa uusilla vaatemalleilla, laadukkailla materiaaleilla ja kauden s\u00e4vyjen runsaudella. T\u00e4m\u00e4 mallisto tuo iloa arkeen ja l\u00e4mp\u00f6\u00e4 viileisiin hetkiin.<br \/>\nLeikkis\u00e4n tyylik\u00e4s Wildy on syv\u00e4, tumma violetti s\u00e4vy, joka tuo v\u00e4ri\u00e4 ja persoonallisuutta lasten pukeutumiseen. Textured Bear Hoodie -paita on uudistettu versio aiemmasta Bear Hoodie -hupparista \u2013 nyt entist\u00e4 paremmalla istuvuudella ja hienovaraisemmilla nallekorvilla.<br \/>\nHuppari on valmistettu uudesta textured-materiaalista, jossa yhdistyv\u00e4t luomupuuvillan pehmeys ja kierr\u00e4tyspolyesterin kest\u00e4vyys. Pinta on kevyesti struktuurinen, mik\u00e4 antaa vaatteelle uniikin ilmeen ja mukavan tunnun. Parannettu huppu istuu napakammin, ja kokonaisuus on suunniteltu arjen k\u00e4ytt\u00f6\u00e4 ja mukavuutta ajatellen.<br \/>\nWildy -s\u00e4vyinen huppari on t\u00e4ydellinen valinta lapselle, joka arvostaa mukavuutta, vastuullisuutta ja hauskoja yksityiskohtia \u2013 arjen suosikki uudessa muodossa.<br \/>\nMik\u00e4li et ole varma oikeasta koosta, suosittelemme katsomaan apua kokotaulukosta.<\/p>\n","protected":false},"excerpt":{"rendered":"<p>Metsola kutsuu seikkailuun True Campers -malliston mukana \ud83d\udda4 Luonnonrauhasta ja retkitunnelmasta inspiroitunut kokoelma hurmaa uusilla vaatemalleilla, laadukkailla materiaaleilla ja kauden s\u00e4vyjen runsaudella. T\u00e4m\u00e4 mallisto tuo iloa arkeen ja l\u00e4mp\u00f6\u00e4 viileisiin hetkiin. Leikkis\u00e4n tyylik\u00e4s Wildy on syv\u00e4, tumma violetti s\u00e4vy, joka tuo v\u00e4ri\u00e4 ja persoonallisuutta lasten pukeutumiseen. Textured Bear Hoodie -paita [&hellip;]<\/p>\n","protected":false},"featured_media":1138,"comment_status":"open","ping_status":"closed","template":"","meta":[],"product_brand":[34],"product_cat":[40],"product_tag":[26],"class_list":{"0":"post-1137","1":"product","2":"type-product","3":"status-publish","4":"has-post-thumbnail","6":"product_brand-true-campers","7":"product_cat-lastenvaatteet","8":"product_tag-metsola","10":"first","11":"instock","12":"shipping-taxable","13":"product-type-external"},"_links":{"self":[{"href":"https:\/\/lastenkamari.fi\/index.php?rest_route=\/wp\/v2\/product\/1137","targetHints":{"allow":["GET"]}}],"collection":[{"href":"https:\/\/lastenkamari.fi\/index.php?rest_route=\/wp\/v2\/product"}],"about":[{"href":"https:\/\/lastenkamari.fi\/index.php?rest_route=\/wp\/v2\/types\/product"}],"replies":[{"embeddable":true,"href":"https:\/\/lastenkamari.fi\/index.php?rest_route=%2Fwp%2Fv2%2Fcomments&post=1137"}],"wp:featuredmedia":[{"embeddable":true,"href":"https:\/\/lastenkamari.fi\/index.php?rest_route=\/wp\/v2\/media\/1138"}],"wp:attachment":[{"href":"https:\/\/lastenkamari.fi\/index.php?rest_route=%2Fwp%2Fv2%2Fmedia&parent=1137"}],"wp:term":[{"taxonomy":"product_brand","embeddable":true,"href":"https:\/\/lastenkamari.fi\/index.php?rest_route=%2Fwp%2Fv2%2Fproduct_brand&post=1137"},{"taxonomy":"product_cat","embeddable":true,"href":"https:\/\/lastenkamari.fi\/index.php?rest_route=%2Fwp%2Fv2%2Fproduct_cat&post=1137"},{"taxonomy":"product_tag","embeddable":true,"href":"https:\/\/lastenkamari.fi\/index.php?rest_route=%2Fwp%2Fv2%2Fproduct_tag&post=1137"}],"curies":[{"name":"wp","href":"https:\/\/api.w.org\/{rel}","templated":true}]}}