{"id":1143,"date":"2026-04-28T10:17:13","date_gmt":"2026-04-28T10:17:13","guid":{"rendered":"https:\/\/lastenkamari.fi\/?post_type=product&#038;p=1143"},"modified":"2026-04-28T10:17:14","modified_gmt":"2026-04-28T10:17:14","slug":"lucky-one-paita-mystery-74-80","status":"publish","type":"product","link":"https:\/\/lastenkamari.fi\/?product=lucky-one-paita-mystery-74-80","title":{"rendered":"Lucky One -Paita | Mystery &#8211; 74\/80"},"content":{"rendered":"<p>Metsola kutsuu seikkailuun True Campers -malliston mukana \ud83d\udda4 Luonnonrauhasta ja retkitunnelmasta inspiroitunut kokoelma hurmaa uusilla vaatemalleilla, laadukkailla materiaaleilla ja kauden s\u00e4vyjen runsaudella. T\u00e4m\u00e4 mallisto tuo iloa arkeen ja l\u00e4mp\u00f6\u00e4 viileisiin hetkiin.<br \/>\nLucky One -kuosin iloinen kettu suuntaa kohti uusia seikkailuja, meloen pitkin pohjoisen kuohuvia koskia.\u00a0\ud83d\udda4<br \/>\nLucky One -trikoopaita on monik\u00e4ytt\u00f6inen luottovaate lasten arkeen. Pitk\u00e4hihainen malli on valmistettu pehme\u00e4st\u00e4 ja joustavasta luomupuuvillatrikoosta, joka tuntuu miellytt\u00e4v\u00e4lt\u00e4 ihoa vasten ja kest\u00e4\u00e4 aktiivista k\u00e4ytt\u00f6\u00e4. Henna Adelin suunnittelema kuosi tuo paitaan persoonallista ilmett\u00e4 ja ripauksen leikkisyytt\u00e4 \u2013 helposti yhdistelt\u00e4v\u00e4 ja mukava p\u00e4\u00e4ll\u00e4, p\u00e4iv\u00e4st\u00e4 toiseen.<br \/>\nKuosin kohdistus on jokaisessa tuotteessa yksil\u00f6llinen. Mik\u00e4li et ole varma oikeasta koosta, suosittelemme katsomaan apua kokotaulukosta.<\/p>\n","protected":false},"excerpt":{"rendered":"<p>Metsola kutsuu seikkailuun True Campers -malliston mukana \ud83d\udda4 Luonnonrauhasta ja retkitunnelmasta inspiroitunut kokoelma hurmaa uusilla vaatemalleilla, laadukkailla materiaaleilla ja kauden s\u00e4vyjen runsaudella. T\u00e4m\u00e4 mallisto tuo iloa arkeen ja l\u00e4mp\u00f6\u00e4 viileisiin hetkiin. Lucky One -kuosin iloinen kettu suuntaa kohti uusia seikkailuja, meloen pitkin pohjoisen kuohuvia koskia.\u00a0\ud83d\udda4 Lucky One -trikoopaita on monik\u00e4ytt\u00f6inen [&hellip;]<\/p>\n","protected":false},"featured_media":1144,"comment_status":"open","ping_status":"closed","template":"","meta":[],"product_brand":[34],"product_cat":[40],"product_tag":[26],"class_list":{"0":"post-1143","1":"product","2":"type-product","3":"status-publish","4":"has-post-thumbnail","6":"product_brand-true-campers","7":"product_cat-lastenvaatteet","8":"product_tag-metsola","10":"first","11":"instock","12":"shipping-taxable","13":"product-type-external"},"_links":{"self":[{"href":"https:\/\/lastenkamari.fi\/index.php?rest_route=\/wp\/v2\/product\/1143","targetHints":{"allow":["GET"]}}],"collection":[{"href":"https:\/\/lastenkamari.fi\/index.php?rest_route=\/wp\/v2\/product"}],"about":[{"href":"https:\/\/lastenkamari.fi\/index.php?rest_route=\/wp\/v2\/types\/product"}],"replies":[{"embeddable":true,"href":"https:\/\/lastenkamari.fi\/index.php?rest_route=%2Fwp%2Fv2%2Fcomments&post=1143"}],"wp:featuredmedia":[{"embeddable":true,"href":"https:\/\/lastenkamari.fi\/index.php?rest_route=\/wp\/v2\/media\/1144"}],"wp:attachment":[{"href":"https:\/\/lastenkamari.fi\/index.php?rest_route=%2Fwp%2Fv2%2Fmedia&parent=1143"}],"wp:term":[{"taxonomy":"product_brand","embeddable":true,"href":"https:\/\/lastenkamari.fi\/index.php?rest_route=%2Fwp%2Fv2%2Fproduct_brand&post=1143"},{"taxonomy":"product_cat","embeddable":true,"href":"https:\/\/lastenkamari.fi\/index.php?rest_route=%2Fwp%2Fv2%2Fproduct_cat&post=1143"},{"taxonomy":"product_tag","embeddable":true,"href":"https:\/\/lastenkamari.fi\/index.php?rest_route=%2Fwp%2Fv2%2Fproduct_tag&post=1143"}],"curies":[{"name":"wp","href":"https:\/\/api.w.org\/{rel}","templated":true}]}}