{"id":1147,"date":"2026-04-28T10:17:14","date_gmt":"2026-04-28T10:17:14","guid":{"rendered":"https:\/\/lastenkamari.fi\/?post_type=product&#038;p=1147"},"modified":"2026-04-28T10:17:15","modified_gmt":"2026-04-28T10:17:15","slug":"in-the-woods-paita-woody-86-92","status":"publish","type":"product","link":"https:\/\/lastenkamari.fi\/?product=in-the-woods-paita-woody-86-92","title":{"rendered":"In The Woods -Paita | Woody &#8211; 86\/92"},"content":{"rendered":"<p>Metsola kutsuu seikkailuun True Campers -malliston mukana \ud83d\udda4 Luonnonrauhasta ja retkitunnelmasta inspiroitunut kokoelma hurmaa uusilla vaatemalleilla, laadukkailla materiaaleilla ja kauden s\u00e4vyjen runsaudella. T\u00e4m\u00e4 mallisto tuo iloa arkeen ja l\u00e4mp\u00f6\u00e4 viileisiin hetkiin.<br \/>\nIn the Woods Woody -pitk\u00e4hihainen paita tuo ranskalaisen suunnittelijan retkeilyhenkisen kuosin osaksi arjen pukeutumista l\u00e4mpim\u00e4n Woody-ruskealla pohjas\u00e4vyll\u00e4. Paita on valmistettu pehme\u00e4st\u00e4 luomupuuvillatrikoosta, joka on hengitt\u00e4v\u00e4, joustava ja miellytt\u00e4v\u00e4 p\u00e4\u00e4ll\u00e4 \u2013 t\u00e4ydellinen valinta leikkiin, liikkeeseen ja lepohetkiin.<br \/>\nKlassinen pitk\u00e4hihainen malli on helppo yhdist\u00e4\u00e4 muihin vaatteisiin ja toimii loistavasti kerrospukeutumisessa. Laadukas trikoo kest\u00e4\u00e4 toistuvaa k\u00e4ytt\u00f6\u00e4 ja pesua, s\u00e4ilytt\u00e4en muotonsa ja v\u00e4rit kauniina.<br \/>\nMik\u00e4li et ole varma oikeasta koosta, suosittelemme katsomaan apua kokotaulukosta.<\/p>\n","protected":false},"excerpt":{"rendered":"<p>Metsola kutsuu seikkailuun True Campers -malliston mukana \ud83d\udda4 Luonnonrauhasta ja retkitunnelmasta inspiroitunut kokoelma hurmaa uusilla vaatemalleilla, laadukkailla materiaaleilla ja kauden s\u00e4vyjen runsaudella. T\u00e4m\u00e4 mallisto tuo iloa arkeen ja l\u00e4mp\u00f6\u00e4 viileisiin hetkiin. In the Woods Woody -pitk\u00e4hihainen paita tuo ranskalaisen suunnittelijan retkeilyhenkisen kuosin osaksi arjen pukeutumista l\u00e4mpim\u00e4n Woody-ruskealla pohjas\u00e4vyll\u00e4. Paita on [&hellip;]<\/p>\n","protected":false},"featured_media":1148,"comment_status":"open","ping_status":"closed","template":"","meta":[],"product_brand":[34],"product_cat":[40],"product_tag":[26],"class_list":{"0":"post-1147","1":"product","2":"type-product","3":"status-publish","4":"has-post-thumbnail","6":"product_brand-true-campers","7":"product_cat-lastenvaatteet","8":"product_tag-metsola","10":"first","11":"instock","12":"shipping-taxable","13":"product-type-external"},"_links":{"self":[{"href":"https:\/\/lastenkamari.fi\/index.php?rest_route=\/wp\/v2\/product\/1147","targetHints":{"allow":["GET"]}}],"collection":[{"href":"https:\/\/lastenkamari.fi\/index.php?rest_route=\/wp\/v2\/product"}],"about":[{"href":"https:\/\/lastenkamari.fi\/index.php?rest_route=\/wp\/v2\/types\/product"}],"replies":[{"embeddable":true,"href":"https:\/\/lastenkamari.fi\/index.php?rest_route=%2Fwp%2Fv2%2Fcomments&post=1147"}],"wp:featuredmedia":[{"embeddable":true,"href":"https:\/\/lastenkamari.fi\/index.php?rest_route=\/wp\/v2\/media\/1148"}],"wp:attachment":[{"href":"https:\/\/lastenkamari.fi\/index.php?rest_route=%2Fwp%2Fv2%2Fmedia&parent=1147"}],"wp:term":[{"taxonomy":"product_brand","embeddable":true,"href":"https:\/\/lastenkamari.fi\/index.php?rest_route=%2Fwp%2Fv2%2Fproduct_brand&post=1147"},{"taxonomy":"product_cat","embeddable":true,"href":"https:\/\/lastenkamari.fi\/index.php?rest_route=%2Fwp%2Fv2%2Fproduct_cat&post=1147"},{"taxonomy":"product_tag","embeddable":true,"href":"https:\/\/lastenkamari.fi\/index.php?rest_route=%2Fwp%2Fv2%2Fproduct_tag&post=1147"}],"curies":[{"name":"wp","href":"https:\/\/api.w.org\/{rel}","templated":true}]}}