{"id":115,"date":"2026-04-28T10:11:31","date_gmt":"2026-04-28T10:11:31","guid":{"rendered":"https:\/\/lastenkamari.fi\/?post_type=product&#038;p=115"},"modified":"2026-04-28T10:11:31","modified_gmt":"2026-04-28T10:11:31","slug":"lilly-volume-sleeve-midi-dress-mekko-xs","status":"publish","type":"product","link":"https:\/\/lastenkamari.fi\/?product=lilly-volume-sleeve-midi-dress-mekko-xs","title":{"rendered":"Lilly Volume Sleeve Midi Dress -Mekko &#8211; XS"},"content":{"rendered":"<p>Lilly Volume Sleeve Midi Dress -Mekko on moderni tulkinta klassisesta midimekosta \u2013 vaate, joka yhdist\u00e4\u00e4 kepe\u00e4n naisellisuuden ja k\u00e4yt\u00e4nn\u00f6llisen muotoilun. T\u00e4m\u00e4 Can you hear me? -malliston mekko on luotu hetkille, jolloin haluat tuntea olosi sek\u00e4 itsevarmaksi ett\u00e4 mukavaksi.<br \/>\nMekon katseenvangitsijoina toimivat puolipitk\u00e4t, kevyesti puhvimaiseen muotoon leikatut hihat, jotka tuovat siluettiin ilmett\u00e4 ja ryhdikkyytt\u00e4. Midimitta tekee mekosta monik\u00e4ytt\u00f6isen valinnan: se toimii niin arjen menoissa kuin juhlavammissa tilanteissa \u2013 valinta on sinun.<br \/>\nViskoosimekossa on my\u00f6s k\u00e4yt\u00e4nn\u00f6lliset sivutaskut, jotka tuovat lis\u00e4\u00e4 arjen helppoutta ilman ett\u00e4 tyylist\u00e4 tarvitsee tinki\u00e4.\u00a0<br \/>\nLilly Volume Sleeve Midi Dress sopii erinomaisesti yhdistett\u00e4v\u00e4ksi tennareiden, nilkkureiden tai siistimpien kenkien kanssa \u2013 riippuen siit\u00e4, mihin p\u00e4iv\u00e4 sinut vie. Yksi mekko, monta mahdollisuutta \u00a0\u2764<br \/>\nKuosin kohdistus on jokaisessa tuotteessa yksil\u00f6llinen. Huomioithan, ett\u00e4 viskoosi saattaa kutistua pesussa, joten suosittelemme tarkistamaan kokotaulukon ennen ostop\u00e4\u00e4t\u00f6st\u00e4.<\/p>\n","protected":false},"excerpt":{"rendered":"<p>Lilly Volume Sleeve Midi Dress -Mekko on moderni tulkinta klassisesta midimekosta \u2013 vaate, joka yhdist\u00e4\u00e4 kepe\u00e4n naisellisuuden ja k\u00e4yt\u00e4nn\u00f6llisen muotoilun. T\u00e4m\u00e4 Can you hear me? -malliston mekko on luotu hetkille, jolloin haluat tuntea olosi sek\u00e4 itsevarmaksi ett\u00e4 mukavaksi. Mekon katseenvangitsijoina toimivat puolipitk\u00e4t, kevyesti puhvimaiseen muotoon leikatut hihat, jotka tuovat siluettiin [&hellip;]<\/p>\n","protected":false},"featured_media":116,"comment_status":"open","ping_status":"closed","template":"","meta":[],"product_brand":[24],"product_cat":[25],"product_tag":[26],"class_list":{"0":"post-115","1":"product","2":"type-product","3":"status-publish","4":"has-post-thumbnail","6":"product_brand-can-you-hear-me","7":"product_cat-aikuisten-vaatteet","8":"product_tag-metsola","10":"first","11":"instock","12":"shipping-taxable","13":"product-type-external"},"_links":{"self":[{"href":"https:\/\/lastenkamari.fi\/index.php?rest_route=\/wp\/v2\/product\/115","targetHints":{"allow":["GET"]}}],"collection":[{"href":"https:\/\/lastenkamari.fi\/index.php?rest_route=\/wp\/v2\/product"}],"about":[{"href":"https:\/\/lastenkamari.fi\/index.php?rest_route=\/wp\/v2\/types\/product"}],"replies":[{"embeddable":true,"href":"https:\/\/lastenkamari.fi\/index.php?rest_route=%2Fwp%2Fv2%2Fcomments&post=115"}],"wp:featuredmedia":[{"embeddable":true,"href":"https:\/\/lastenkamari.fi\/index.php?rest_route=\/wp\/v2\/media\/116"}],"wp:attachment":[{"href":"https:\/\/lastenkamari.fi\/index.php?rest_route=%2Fwp%2Fv2%2Fmedia&parent=115"}],"wp:term":[{"taxonomy":"product_brand","embeddable":true,"href":"https:\/\/lastenkamari.fi\/index.php?rest_route=%2Fwp%2Fv2%2Fproduct_brand&post=115"},{"taxonomy":"product_cat","embeddable":true,"href":"https:\/\/lastenkamari.fi\/index.php?rest_route=%2Fwp%2Fv2%2Fproduct_cat&post=115"},{"taxonomy":"product_tag","embeddable":true,"href":"https:\/\/lastenkamari.fi\/index.php?rest_route=%2Fwp%2Fv2%2Fproduct_tag&post=115"}],"curies":[{"name":"wp","href":"https:\/\/api.w.org\/{rel}","templated":true}]}}