{"id":117,"date":"2026-04-28T10:11:31","date_gmt":"2026-04-28T10:11:31","guid":{"rendered":"https:\/\/lastenkamari.fi\/?post_type=product&#038;p=117"},"modified":"2026-04-28T10:11:32","modified_gmt":"2026-04-28T10:11:32","slug":"sophy-sweater-dress-collegemekko-licorice-xs","status":"publish","type":"product","link":"https:\/\/lastenkamari.fi\/?product=sophy-sweater-dress-collegemekko-licorice-xs","title":{"rendered":"Sophy Sweater Dress -Collegemekko | Licorice &#8211; XS"},"content":{"rendered":"<p>Sophy Sweater Dress -Collegemekko on t\u00e4ydellinen yhdistelm\u00e4 rentoutta, tyyli\u00e4 ja syksyn pehmeytt\u00e4. T\u00e4m\u00e4 graafisesti kuvitettu collegemekko on osa uutta Can you hear me? -mallistoa, joka juhlistaa yst\u00e4vyyden voimaa ja yksil\u00f6llist\u00e4 ilmaisua.<br \/>\nMekko on valmistettu miellytt\u00e4v\u00e4st\u00e4, sis\u00e4puolelta harjatusta luomupuuvillasta, joka tuntuu pehme\u00e4lt\u00e4 ihoa vasten ja l\u00e4mmitt\u00e4\u00e4 juuri sopivasti viilenevin\u00e4 p\u00e4ivin\u00e4. V\u00e4lj\u00e4, mutta siisti istuvuus sek\u00e4 k\u00e4yt\u00e4nn\u00f6lliset sivutaskut tekev\u00e4t siit\u00e4 arjen luottovaatteen \u2013 olitpa sitten liikkeell\u00e4 kaupungilla tai viett\u00e4m\u00e4ss\u00e4 rauhallista p\u00e4iv\u00e4\u00e4 kotona.<br \/>\nGraafinen kuosi tuo ilmeeseen s\u00e4rm\u00e4\u00e4 ja persoonallisuutta, ja se toimii upeasti sek\u00e4 yksin\u00e4\u00e4n ett\u00e4 yhdistettyn\u00e4 malliston neuleasusteisiin tai -takkiin.\u00a0<br \/>\nSophy Sweater Dress -Collegemekko on suunniteltu sinulle, joka arvostat vastuullisuutta, k\u00e4ytt\u00f6mukavuutta ja ajatonta tyyli\u00e4. Luo oma syystyylisi ja anna vaatteesi kertoa tarina yst\u00e4vyydest\u00e4 ja itsesi kuuntelemisesta \u2764<br \/>\nKuosin kohdistus on jokaisessa tuotteessa yksil\u00f6llinen. Mik\u00e4li et ole varma oikeasta koosta, suosittelemme katsomaan apua kokotaulukosta.<\/p>\n","protected":false},"excerpt":{"rendered":"<p>Sophy Sweater Dress -Collegemekko on t\u00e4ydellinen yhdistelm\u00e4 rentoutta, tyyli\u00e4 ja syksyn pehmeytt\u00e4. T\u00e4m\u00e4 graafisesti kuvitettu collegemekko on osa uutta Can you hear me? -mallistoa, joka juhlistaa yst\u00e4vyyden voimaa ja yksil\u00f6llist\u00e4 ilmaisua. Mekko on valmistettu miellytt\u00e4v\u00e4st\u00e4, sis\u00e4puolelta harjatusta luomupuuvillasta, joka tuntuu pehme\u00e4lt\u00e4 ihoa vasten ja l\u00e4mmitt\u00e4\u00e4 juuri sopivasti viilenevin\u00e4 p\u00e4ivin\u00e4. V\u00e4lj\u00e4, [&hellip;]<\/p>\n","protected":false},"featured_media":118,"comment_status":"open","ping_status":"closed","template":"","meta":[],"product_brand":[24],"product_cat":[25],"product_tag":[26],"class_list":{"0":"post-117","1":"product","2":"type-product","3":"status-publish","4":"has-post-thumbnail","6":"product_brand-can-you-hear-me","7":"product_cat-aikuisten-vaatteet","8":"product_tag-metsola","10":"first","11":"instock","12":"shipping-taxable","13":"product-type-external"},"_links":{"self":[{"href":"https:\/\/lastenkamari.fi\/index.php?rest_route=\/wp\/v2\/product\/117","targetHints":{"allow":["GET"]}}],"collection":[{"href":"https:\/\/lastenkamari.fi\/index.php?rest_route=\/wp\/v2\/product"}],"about":[{"href":"https:\/\/lastenkamari.fi\/index.php?rest_route=\/wp\/v2\/types\/product"}],"replies":[{"embeddable":true,"href":"https:\/\/lastenkamari.fi\/index.php?rest_route=%2Fwp%2Fv2%2Fcomments&post=117"}],"wp:featuredmedia":[{"embeddable":true,"href":"https:\/\/lastenkamari.fi\/index.php?rest_route=\/wp\/v2\/media\/118"}],"wp:attachment":[{"href":"https:\/\/lastenkamari.fi\/index.php?rest_route=%2Fwp%2Fv2%2Fmedia&parent=117"}],"wp:term":[{"taxonomy":"product_brand","embeddable":true,"href":"https:\/\/lastenkamari.fi\/index.php?rest_route=%2Fwp%2Fv2%2Fproduct_brand&post=117"},{"taxonomy":"product_cat","embeddable":true,"href":"https:\/\/lastenkamari.fi\/index.php?rest_route=%2Fwp%2Fv2%2Fproduct_cat&post=117"},{"taxonomy":"product_tag","embeddable":true,"href":"https:\/\/lastenkamari.fi\/index.php?rest_route=%2Fwp%2Fv2%2Fproduct_tag&post=117"}],"curies":[{"name":"wp","href":"https:\/\/api.w.org\/{rel}","templated":true}]}}