{"id":1175,"date":"2026-04-28T10:17:24","date_gmt":"2026-04-28T10:17:24","guid":{"rendered":"https:\/\/lastenkamari.fi\/?post_type=product&#038;p=1175"},"modified":"2026-04-28T10:17:24","modified_gmt":"2026-04-28T10:17:24","slug":"perfect-day-rib-frilla-paita-creamy-74-80","status":"publish","type":"product","link":"https:\/\/lastenkamari.fi\/?product=perfect-day-rib-frilla-paita-creamy-74-80","title":{"rendered":"Perfect Day Rib Frilla -Paita | Creamy &#8211; 74\/80"},"content":{"rendered":"<p>Perfect Day Rib Frilla -paita Creamy on ihastuttava lasten pitk\u00e4hihainen paita, jossa yhdistyv\u00e4t pehme\u00e4 k\u00e4ytt\u00f6mukavuus ja kauniit yksityiskohdat. Paita on osa Urban Story -mallistoa, jossa arki saa kukkia kuin satumainen puutarha.<br \/>\nCreamy-s\u00e4vyinen vaalea pohja on koristeltu herk\u00e4sti piirtyv\u00e4ll\u00e4 kukkakuosilla, jonka s\u00e4vyt tuovat mieleen l\u00e4mpim\u00e4n syksyn ja kev\u00e4iset niityt. Frillat olkap\u00e4ill\u00e4 tuovat asuun leikkisyytt\u00e4 ja pient\u00e4 juhlan tuntua \u2013 kuitenkaan mukavuudesta tinkim\u00e4tt\u00e4.<br \/>\nValmistettu joustavasta luomupuuvillaisesta ribbineuloksesta, joka tuntuu pehme\u00e4lt\u00e4 ihoa vasten ja liikkuu lapsen mukana p\u00e4iv\u00e4n leikeiss\u00e4. T\u00e4ydellinen valinta niin arkeen kuin erityisempiin hetkiin.<br \/>\nKuosin kohdistus on jokaisessa tuotteessa yksil\u00f6llinen. Mik\u00e4li et ole varma oikeasta koosta, suosittelemme katsomaan apua kokotaulukosta.<\/p>\n","protected":false},"excerpt":{"rendered":"<p>Perfect Day Rib Frilla -paita Creamy on ihastuttava lasten pitk\u00e4hihainen paita, jossa yhdistyv\u00e4t pehme\u00e4 k\u00e4ytt\u00f6mukavuus ja kauniit yksityiskohdat. Paita on osa Urban Story -mallistoa, jossa arki saa kukkia kuin satumainen puutarha. Creamy-s\u00e4vyinen vaalea pohja on koristeltu herk\u00e4sti piirtyv\u00e4ll\u00e4 kukkakuosilla, jonka s\u00e4vyt tuovat mieleen l\u00e4mpim\u00e4n syksyn ja kev\u00e4iset niityt. Frillat olkap\u00e4ill\u00e4 [&hellip;]<\/p>\n","protected":false},"featured_media":1176,"comment_status":"open","ping_status":"closed","template":"","meta":[],"product_brand":[38],"product_cat":[40],"product_tag":[26],"class_list":{"0":"post-1175","1":"product","2":"type-product","3":"status-publish","4":"has-post-thumbnail","6":"product_brand-urban-story","7":"product_cat-lastenvaatteet","8":"product_tag-metsola","10":"first","11":"instock","12":"shipping-taxable","13":"product-type-external"},"_links":{"self":[{"href":"https:\/\/lastenkamari.fi\/index.php?rest_route=\/wp\/v2\/product\/1175","targetHints":{"allow":["GET"]}}],"collection":[{"href":"https:\/\/lastenkamari.fi\/index.php?rest_route=\/wp\/v2\/product"}],"about":[{"href":"https:\/\/lastenkamari.fi\/index.php?rest_route=\/wp\/v2\/types\/product"}],"replies":[{"embeddable":true,"href":"https:\/\/lastenkamari.fi\/index.php?rest_route=%2Fwp%2Fv2%2Fcomments&post=1175"}],"wp:featuredmedia":[{"embeddable":true,"href":"https:\/\/lastenkamari.fi\/index.php?rest_route=\/wp\/v2\/media\/1176"}],"wp:attachment":[{"href":"https:\/\/lastenkamari.fi\/index.php?rest_route=%2Fwp%2Fv2%2Fmedia&parent=1175"}],"wp:term":[{"taxonomy":"product_brand","embeddable":true,"href":"https:\/\/lastenkamari.fi\/index.php?rest_route=%2Fwp%2Fv2%2Fproduct_brand&post=1175"},{"taxonomy":"product_cat","embeddable":true,"href":"https:\/\/lastenkamari.fi\/index.php?rest_route=%2Fwp%2Fv2%2Fproduct_cat&post=1175"},{"taxonomy":"product_tag","embeddable":true,"href":"https:\/\/lastenkamari.fi\/index.php?rest_route=%2Fwp%2Fv2%2Fproduct_tag&post=1175"}],"curies":[{"name":"wp","href":"https:\/\/api.w.org\/{rel}","templated":true}]}}