{"id":1183,"date":"2026-04-28T10:17:26","date_gmt":"2026-04-28T10:17:26","guid":{"rendered":"https:\/\/lastenkamari.fi\/?post_type=product&#038;p=1183"},"modified":"2026-04-28T10:17:26","modified_gmt":"2026-04-28T10:17:26","slug":"rib-paita-nighty-74-80","status":"publish","type":"product","link":"https:\/\/lastenkamari.fi\/?product=rib-paita-nighty-74-80","title":{"rendered":"Rib-Paita | Nighty &#8211; 74\/80"},"content":{"rendered":"<p>Rib-paita Nighty on laadukas ja monik\u00e4ytt\u00f6inen pitk\u00e4hihainen paita, joka kuuluu Urban Story -mallistoon. Klassinen tummansininen s\u00e4vy tekee t\u00e4st\u00e4 ribbipaidasta ajattoman valinnan niin arkeen kuin kerrospukeutumiseen.<br \/>\nPaita on valmistettu joustavasta ja pehme\u00e4st\u00e4 luomupuuvillasta, joka tuntuu miellytt\u00e4v\u00e4lt\u00e4 ihoa vasten ja kest\u00e4\u00e4 hyvin k\u00e4ytt\u00f6\u00e4. Hyv\u00e4 istuvuus ja siisti viimeistely tekev\u00e4t t\u00e4st\u00e4 luottovaatteen lapsen vaatekaappiin.<br \/>\nYhdist\u00e4 Rib-paita esimerkiksi collegehousuihin, farkkuihin tai hameeseen \u2013 ja kerrospukeutumisessa vaikkapa neuletakin tai haalarin alle. Nighty toimii kauniina tummana pohjav\u00e4rin\u00e4 monenlaisiin asukokonaisuuksiin.<br \/>\nMik\u00e4li et ole varma oikeasta koosta, suosittelemme katsomaan apua kokotaulukosta.<\/p>\n","protected":false},"excerpt":{"rendered":"<p>Rib-paita Nighty on laadukas ja monik\u00e4ytt\u00f6inen pitk\u00e4hihainen paita, joka kuuluu Urban Story -mallistoon. Klassinen tummansininen s\u00e4vy tekee t\u00e4st\u00e4 ribbipaidasta ajattoman valinnan niin arkeen kuin kerrospukeutumiseen. Paita on valmistettu joustavasta ja pehme\u00e4st\u00e4 luomupuuvillasta, joka tuntuu miellytt\u00e4v\u00e4lt\u00e4 ihoa vasten ja kest\u00e4\u00e4 hyvin k\u00e4ytt\u00f6\u00e4. Hyv\u00e4 istuvuus ja siisti viimeistely tekev\u00e4t t\u00e4st\u00e4 luottovaatteen lapsen [&hellip;]<\/p>\n","protected":false},"featured_media":1184,"comment_status":"open","ping_status":"closed","template":"","meta":[],"product_brand":[38],"product_cat":[40],"product_tag":[26],"class_list":{"0":"post-1183","1":"product","2":"type-product","3":"status-publish","4":"has-post-thumbnail","6":"product_brand-urban-story","7":"product_cat-lastenvaatteet","8":"product_tag-metsola","10":"first","11":"instock","12":"shipping-taxable","13":"product-type-external"},"_links":{"self":[{"href":"https:\/\/lastenkamari.fi\/index.php?rest_route=\/wp\/v2\/product\/1183","targetHints":{"allow":["GET"]}}],"collection":[{"href":"https:\/\/lastenkamari.fi\/index.php?rest_route=\/wp\/v2\/product"}],"about":[{"href":"https:\/\/lastenkamari.fi\/index.php?rest_route=\/wp\/v2\/types\/product"}],"replies":[{"embeddable":true,"href":"https:\/\/lastenkamari.fi\/index.php?rest_route=%2Fwp%2Fv2%2Fcomments&post=1183"}],"wp:featuredmedia":[{"embeddable":true,"href":"https:\/\/lastenkamari.fi\/index.php?rest_route=\/wp\/v2\/media\/1184"}],"wp:attachment":[{"href":"https:\/\/lastenkamari.fi\/index.php?rest_route=%2Fwp%2Fv2%2Fmedia&parent=1183"}],"wp:term":[{"taxonomy":"product_brand","embeddable":true,"href":"https:\/\/lastenkamari.fi\/index.php?rest_route=%2Fwp%2Fv2%2Fproduct_brand&post=1183"},{"taxonomy":"product_cat","embeddable":true,"href":"https:\/\/lastenkamari.fi\/index.php?rest_route=%2Fwp%2Fv2%2Fproduct_cat&post=1183"},{"taxonomy":"product_tag","embeddable":true,"href":"https:\/\/lastenkamari.fi\/index.php?rest_route=%2Fwp%2Fv2%2Fproduct_tag&post=1183"}],"curies":[{"name":"wp","href":"https:\/\/api.w.org\/{rel}","templated":true}]}}