{"id":119,"date":"2026-04-28T10:11:32","date_gmt":"2026-04-28T10:11:32","guid":{"rendered":"https:\/\/lastenkamari.fi\/?post_type=product&#038;p=119"},"modified":"2026-04-28T10:11:32","modified_gmt":"2026-04-28T10:11:32","slug":"a-line-dress-mekko-licorice-xs","status":"publish","type":"product","link":"https:\/\/lastenkamari.fi\/?product=a-line-dress-mekko-licorice-xs","title":{"rendered":"A-Line Dress -Mekko | Licorice &#8211; XS"},"content":{"rendered":"<p>My Happy Place -mallisto syntyi onnellisuuden tunteesta \u2013 hetkist\u00e4, jolloin kes\u00e4 tuntuu jo iholla, ilma v\u00e4reilee l\u00e4mp\u00f6n\u00e4 ja v\u00e4rit hehkuvat ymp\u00e4rill\u00e4. T\u00e4m\u00e4 mallisto kutsuu sinut unelmiesi paikkaan, jossa vain taivas on rajana \u2764\ufe0e<br \/>\nT\u00e4m\u00e4 A-linjainen luomupuuvillamekko on t\u00e4ydellinen yhdistelm\u00e4 rentoutta ja tyylikkyytt\u00e4. Pehme\u00e4 ja hengitt\u00e4v\u00e4 luomupuuvilla tuntuu miellytt\u00e4v\u00e4lt\u00e4 iholla, ja v\u00e4lj\u00e4 leikkaus tekee mekosta ihanan kevyen ja ilmavan. Lyhyet hihat tuovat asuun keveytt\u00e4, ja k\u00e4yt\u00e4nn\u00f6lliset taskut tekev\u00e4t mekosta arjen suosikin.<br \/>\nMukana tuleva irrallinen vy\u00f6 antaa mahdollisuuden muokata siluettia juuri omaan tyyliin sopivaksi \u2013 k\u00e4yt\u00e4 mekkoa rennosti ilman vy\u00f6t\u00e4 tai korosta vy\u00f6t\u00e4r\u00f6\u00e4 solmimalla vy\u00f6 haluamallasi tavalla. T\u00e4m\u00e4 monik\u00e4ytt\u00f6inen mekko on helppo stailata tilanteen mukaan: yhdist\u00e4 tennareihin rennon arkiseen lookiin tai viimeistele tyyli n\u00e4ytt\u00e4vill\u00e4 asusteilla.<br \/>\nAjaton musta v\u00e4ri tekee t\u00e4st\u00e4 mekosta vaatekaapin luottotuotteen, joka sopii niin kiireisiin ty\u00f6p\u00e4iviin kuin huolettomiin vapaahetkiinkin.<br \/>\nMik\u00e4li et ole varma oikeasta koosta, suosittelemme katsomaan apua kokotaulukosta.<\/p>\n","protected":false},"excerpt":{"rendered":"<p>My Happy Place -mallisto syntyi onnellisuuden tunteesta \u2013 hetkist\u00e4, jolloin kes\u00e4 tuntuu jo iholla, ilma v\u00e4reilee l\u00e4mp\u00f6n\u00e4 ja v\u00e4rit hehkuvat ymp\u00e4rill\u00e4. T\u00e4m\u00e4 mallisto kutsuu sinut unelmiesi paikkaan, jossa vain taivas on rajana \u2764\ufe0e T\u00e4m\u00e4 A-linjainen luomupuuvillamekko on t\u00e4ydellinen yhdistelm\u00e4 rentoutta ja tyylikkyytt\u00e4. Pehme\u00e4 ja hengitt\u00e4v\u00e4 luomupuuvilla tuntuu miellytt\u00e4v\u00e4lt\u00e4 iholla, ja [&hellip;]<\/p>\n","protected":false},"featured_media":120,"comment_status":"open","ping_status":"closed","template":"","meta":[],"product_brand":[27],"product_cat":[25],"product_tag":[26],"class_list":{"0":"post-119","1":"product","2":"type-product","3":"status-publish","4":"has-post-thumbnail","6":"product_brand-my-happy-place-women","7":"product_cat-aikuisten-vaatteet","8":"product_tag-metsola","10":"first","11":"instock","12":"shipping-taxable","13":"product-type-external"},"_links":{"self":[{"href":"https:\/\/lastenkamari.fi\/index.php?rest_route=\/wp\/v2\/product\/119","targetHints":{"allow":["GET"]}}],"collection":[{"href":"https:\/\/lastenkamari.fi\/index.php?rest_route=\/wp\/v2\/product"}],"about":[{"href":"https:\/\/lastenkamari.fi\/index.php?rest_route=\/wp\/v2\/types\/product"}],"replies":[{"embeddable":true,"href":"https:\/\/lastenkamari.fi\/index.php?rest_route=%2Fwp%2Fv2%2Fcomments&post=119"}],"wp:featuredmedia":[{"embeddable":true,"href":"https:\/\/lastenkamari.fi\/index.php?rest_route=\/wp\/v2\/media\/120"}],"wp:attachment":[{"href":"https:\/\/lastenkamari.fi\/index.php?rest_route=%2Fwp%2Fv2%2Fmedia&parent=119"}],"wp:term":[{"taxonomy":"product_brand","embeddable":true,"href":"https:\/\/lastenkamari.fi\/index.php?rest_route=%2Fwp%2Fv2%2Fproduct_brand&post=119"},{"taxonomy":"product_cat","embeddable":true,"href":"https:\/\/lastenkamari.fi\/index.php?rest_route=%2Fwp%2Fv2%2Fproduct_cat&post=119"},{"taxonomy":"product_tag","embeddable":true,"href":"https:\/\/lastenkamari.fi\/index.php?rest_route=%2Fwp%2Fv2%2Fproduct_tag&post=119"}],"curies":[{"name":"wp","href":"https:\/\/api.w.org\/{rel}","templated":true}]}}