{"id":1191,"date":"2026-04-28T10:17:28","date_gmt":"2026-04-28T10:17:28","guid":{"rendered":"https:\/\/lastenkamari.fi\/?post_type=product&#038;p=1191"},"modified":"2026-04-28T10:17:29","modified_gmt":"2026-04-28T10:17:29","slug":"happy-rain-pocket-sweater-collegepaita-74-80","status":"publish","type":"product","link":"https:\/\/lastenkamari.fi\/?product=happy-rain-pocket-sweater-collegepaita-74-80","title":{"rendered":"Happy Rain Pocket Sweater -Collegepaita &#8211; 74\/80"},"content":{"rendered":"<p>Universum-mallistomme on saanut innoituksensa maailman kaikkeudesta ja avaruudesta \u2013 my\u00f6s sellaisesta, jonka olemassaolosta emme ehk\u00e4 edes tied\u00e4.<br \/>\nHappy Rain Pocket Sweater -collegepaita yhdist\u00e4\u00e4 mukavuuden ja leikkis\u00e4n tyylin. Kuosin energiset salamat r\u00e4iskyv\u00e4t hauskoissa v\u00e4reiss\u00e4, tuoden ripauksen iloa lasten pukeutumiseen.<br \/>\nT\u00e4m\u00e4 lasten paita on valmistettu pehme\u00e4st\u00e4 ja hengitt\u00e4v\u00e4st\u00e4 luomupuuvillasta, jonka harjattu sis\u00e4pinta tuntuu miellytt\u00e4v\u00e4lt\u00e4 ihoa vasten. Paidan mallia on parannettu lyhent\u00e4m\u00e4ll\u00e4 hieman pituutta, mik\u00e4 tekee siit\u00e4 entist\u00e4kin paremmin istuvan ja k\u00e4yt\u00e4nn\u00f6llisen. Collegepaidassa on edess\u00e4 hauska tasku, joka lis\u00e4\u00e4 k\u00e4yt\u00e4nn\u00f6llisyytt\u00e4 ja pienen seikkailijan suosikkiasuun sopivaa s\u00e4ilytystilaa \u2764\ufe0f<br \/>\nKuosin kohdistus on jokaisessa tuotteessa yksil\u00f6llinen. Mik\u00e4li et ole varma oikeasta koosta, suosittelemme katsomaan apua kokotaulukosta.<\/p>\n","protected":false},"excerpt":{"rendered":"<p>Universum-mallistomme on saanut innoituksensa maailman kaikkeudesta ja avaruudesta \u2013 my\u00f6s sellaisesta, jonka olemassaolosta emme ehk\u00e4 edes tied\u00e4. Happy Rain Pocket Sweater -collegepaita yhdist\u00e4\u00e4 mukavuuden ja leikkis\u00e4n tyylin. Kuosin energiset salamat r\u00e4iskyv\u00e4t hauskoissa v\u00e4reiss\u00e4, tuoden ripauksen iloa lasten pukeutumiseen. T\u00e4m\u00e4 lasten paita on valmistettu pehme\u00e4st\u00e4 ja hengitt\u00e4v\u00e4st\u00e4 luomupuuvillasta, jonka harjattu sis\u00e4pinta [&hellip;]<\/p>\n","protected":false},"featured_media":1192,"comment_status":"open","ping_status":"closed","template":"","meta":[],"product_brand":[47],"product_cat":[40],"product_tag":[26],"class_list":{"0":"post-1191","1":"product","2":"type-product","3":"status-publish","4":"has-post-thumbnail","6":"product_brand-universum","7":"product_cat-lastenvaatteet","8":"product_tag-metsola","10":"first","11":"instock","12":"shipping-taxable","13":"product-type-external"},"_links":{"self":[{"href":"https:\/\/lastenkamari.fi\/index.php?rest_route=\/wp\/v2\/product\/1191","targetHints":{"allow":["GET"]}}],"collection":[{"href":"https:\/\/lastenkamari.fi\/index.php?rest_route=\/wp\/v2\/product"}],"about":[{"href":"https:\/\/lastenkamari.fi\/index.php?rest_route=\/wp\/v2\/types\/product"}],"replies":[{"embeddable":true,"href":"https:\/\/lastenkamari.fi\/index.php?rest_route=%2Fwp%2Fv2%2Fcomments&post=1191"}],"wp:featuredmedia":[{"embeddable":true,"href":"https:\/\/lastenkamari.fi\/index.php?rest_route=\/wp\/v2\/media\/1192"}],"wp:attachment":[{"href":"https:\/\/lastenkamari.fi\/index.php?rest_route=%2Fwp%2Fv2%2Fmedia&parent=1191"}],"wp:term":[{"taxonomy":"product_brand","embeddable":true,"href":"https:\/\/lastenkamari.fi\/index.php?rest_route=%2Fwp%2Fv2%2Fproduct_brand&post=1191"},{"taxonomy":"product_cat","embeddable":true,"href":"https:\/\/lastenkamari.fi\/index.php?rest_route=%2Fwp%2Fv2%2Fproduct_cat&post=1191"},{"taxonomy":"product_tag","embeddable":true,"href":"https:\/\/lastenkamari.fi\/index.php?rest_route=%2Fwp%2Fv2%2Fproduct_tag&post=1191"}],"curies":[{"name":"wp","href":"https:\/\/api.w.org\/{rel}","templated":true}]}}