{"id":1215,"date":"2026-04-28T10:17:36","date_gmt":"2026-04-28T10:17:36","guid":{"rendered":"https:\/\/lastenkamari.fi\/?post_type=product&#038;p=1215"},"modified":"2026-04-28T10:17:36","modified_gmt":"2026-04-28T10:17:36","slug":"collared-rib-paita-cloudy-74-80","status":"publish","type":"product","link":"https:\/\/lastenkamari.fi\/?product=collared-rib-paita-cloudy-74-80","title":{"rendered":"Collared Rib -Paita | Cloudy &#8211; 74\/80"},"content":{"rendered":"<p>Collared Rib -Paita v\u00e4riss\u00e4 Cloudy on tyylik\u00e4s ja ajaton lasten pitk\u00e4hihainen paita, joka tuo ripauksen juhlavuutta pukeutumiseen. Paitaa somistaa klassinen kaulus ja siro nepparilista edess\u00e4, jotka tekev\u00e4t kokonaisuudesta huolitellun &#8211; ilman kompromisseja mukavuuden suhteen. Pehme\u00e4 ja joustava luomupuuvilla rib tuntuu miellytt\u00e4v\u00e4lt\u00e4 p\u00e4\u00e4ll\u00e4 ja my\u00f6t\u00e4ilee lapsen liikkeit\u00e4.<br \/>\nHillitty Cloudy-s\u00e4vy on helposti yhdistelt\u00e4viss\u00e4 muihin s\u00e4vyihin ja toimii t\u00e4ydellisesti osana talven juhlapukeutumista tai arjen siistimp\u00e4\u00e4 tyyli\u00e4.<br \/>\nMik\u00e4li et ole varma oikeasta koosta, suosittelemme katsomaan apua kokotaulukosta.<\/p>\n","protected":false},"excerpt":{"rendered":"<p>Collared Rib -Paita v\u00e4riss\u00e4 Cloudy on tyylik\u00e4s ja ajaton lasten pitk\u00e4hihainen paita, joka tuo ripauksen juhlavuutta pukeutumiseen. Paitaa somistaa klassinen kaulus ja siro nepparilista edess\u00e4, jotka tekev\u00e4t kokonaisuudesta huolitellun &#8211; ilman kompromisseja mukavuuden suhteen. Pehme\u00e4 ja joustava luomupuuvilla rib tuntuu miellytt\u00e4v\u00e4lt\u00e4 p\u00e4\u00e4ll\u00e4 ja my\u00f6t\u00e4ilee lapsen liikkeit\u00e4. Hillitty Cloudy-s\u00e4vy on helposti [&hellip;]<\/p>\n","protected":false},"featured_media":1216,"comment_status":"open","ping_status":"closed","template":"","meta":[],"product_brand":[45],"product_cat":[40],"product_tag":[26],"class_list":{"0":"post-1215","1":"product","2":"type-product","3":"status-publish","4":"has-post-thumbnail","6":"product_brand-under-the-same-moon","7":"product_cat-lastenvaatteet","8":"product_tag-metsola","10":"first","11":"instock","12":"shipping-taxable","13":"product-type-external"},"_links":{"self":[{"href":"https:\/\/lastenkamari.fi\/index.php?rest_route=\/wp\/v2\/product\/1215","targetHints":{"allow":["GET"]}}],"collection":[{"href":"https:\/\/lastenkamari.fi\/index.php?rest_route=\/wp\/v2\/product"}],"about":[{"href":"https:\/\/lastenkamari.fi\/index.php?rest_route=\/wp\/v2\/types\/product"}],"replies":[{"embeddable":true,"href":"https:\/\/lastenkamari.fi\/index.php?rest_route=%2Fwp%2Fv2%2Fcomments&post=1215"}],"wp:featuredmedia":[{"embeddable":true,"href":"https:\/\/lastenkamari.fi\/index.php?rest_route=\/wp\/v2\/media\/1216"}],"wp:attachment":[{"href":"https:\/\/lastenkamari.fi\/index.php?rest_route=%2Fwp%2Fv2%2Fmedia&parent=1215"}],"wp:term":[{"taxonomy":"product_brand","embeddable":true,"href":"https:\/\/lastenkamari.fi\/index.php?rest_route=%2Fwp%2Fv2%2Fproduct_brand&post=1215"},{"taxonomy":"product_cat","embeddable":true,"href":"https:\/\/lastenkamari.fi\/index.php?rest_route=%2Fwp%2Fv2%2Fproduct_cat&post=1215"},{"taxonomy":"product_tag","embeddable":true,"href":"https:\/\/lastenkamari.fi\/index.php?rest_route=%2Fwp%2Fv2%2Fproduct_tag&post=1215"}],"curies":[{"name":"wp","href":"https:\/\/api.w.org\/{rel}","templated":true}]}}