{"id":1217,"date":"2026-04-28T10:17:36","date_gmt":"2026-04-28T10:17:36","guid":{"rendered":"https:\/\/lastenkamari.fi\/?post_type=product&#038;p=1217"},"modified":"2026-04-28T10:17:37","modified_gmt":"2026-04-28T10:17:37","slug":"polar-bears-oversize-sweater-collegepaita-sand-74-80","status":"publish","type":"product","link":"https:\/\/lastenkamari.fi\/?product=polar-bears-oversize-sweater-collegepaita-sand-74-80","title":{"rendered":"Polar Bears Oversize Sweater -Collegepaita | Sand &#8211; 74\/80"},"content":{"rendered":"<p>Polar Bears Oversize Sweater -Collegepaita v\u00e4riss\u00e4\u00a0 Sand on l\u00e4mmin ja rento collegepaita, jossa talven lempeys tulee kuosina n\u00e4kyv\u00e4ksi. Henna Adelin piirt\u00e4m\u00e4t j\u00e4\u00e4karhunpennut luovat rauhoittavan tunnelman, joka sopii t\u00e4ydellisesti talvikauteen.<br \/>\nOversize-malli takaa rennon istuvuuden ja mahdollistaa kerrospukeutumisen. Valmistettu pehme\u00e4st\u00e4 luomupuuvillacollegesta, Metsolan Under the Same Moon -mallistosta.<br \/>\nKuosin kohdistus on jokaisessa tuotteessa yksil\u00f6llinen. Mik\u00e4li et ole varma oikeasta koosta, suosittelemme katsomaan apua kokotaulukosta.<\/p>\n","protected":false},"excerpt":{"rendered":"<p>Polar Bears Oversize Sweater -Collegepaita v\u00e4riss\u00e4\u00a0 Sand on l\u00e4mmin ja rento collegepaita, jossa talven lempeys tulee kuosina n\u00e4kyv\u00e4ksi. Henna Adelin piirt\u00e4m\u00e4t j\u00e4\u00e4karhunpennut luovat rauhoittavan tunnelman, joka sopii t\u00e4ydellisesti talvikauteen. Oversize-malli takaa rennon istuvuuden ja mahdollistaa kerrospukeutumisen. Valmistettu pehme\u00e4st\u00e4 luomupuuvillacollegesta, Metsolan Under the Same Moon -mallistosta. Kuosin kohdistus on jokaisessa tuotteessa [&hellip;]<\/p>\n","protected":false},"featured_media":1218,"comment_status":"open","ping_status":"closed","template":"","meta":[],"product_brand":[45],"product_cat":[40],"product_tag":[26],"class_list":{"0":"post-1217","1":"product","2":"type-product","3":"status-publish","4":"has-post-thumbnail","6":"product_brand-under-the-same-moon","7":"product_cat-lastenvaatteet","8":"product_tag-metsola","10":"first","11":"instock","12":"shipping-taxable","13":"product-type-external"},"_links":{"self":[{"href":"https:\/\/lastenkamari.fi\/index.php?rest_route=\/wp\/v2\/product\/1217","targetHints":{"allow":["GET"]}}],"collection":[{"href":"https:\/\/lastenkamari.fi\/index.php?rest_route=\/wp\/v2\/product"}],"about":[{"href":"https:\/\/lastenkamari.fi\/index.php?rest_route=\/wp\/v2\/types\/product"}],"replies":[{"embeddable":true,"href":"https:\/\/lastenkamari.fi\/index.php?rest_route=%2Fwp%2Fv2%2Fcomments&post=1217"}],"wp:featuredmedia":[{"embeddable":true,"href":"https:\/\/lastenkamari.fi\/index.php?rest_route=\/wp\/v2\/media\/1218"}],"wp:attachment":[{"href":"https:\/\/lastenkamari.fi\/index.php?rest_route=%2Fwp%2Fv2%2Fmedia&parent=1217"}],"wp:term":[{"taxonomy":"product_brand","embeddable":true,"href":"https:\/\/lastenkamari.fi\/index.php?rest_route=%2Fwp%2Fv2%2Fproduct_brand&post=1217"},{"taxonomy":"product_cat","embeddable":true,"href":"https:\/\/lastenkamari.fi\/index.php?rest_route=%2Fwp%2Fv2%2Fproduct_cat&post=1217"},{"taxonomy":"product_tag","embeddable":true,"href":"https:\/\/lastenkamari.fi\/index.php?rest_route=%2Fwp%2Fv2%2Fproduct_tag&post=1217"}],"curies":[{"name":"wp","href":"https:\/\/api.w.org\/{rel}","templated":true}]}}