{"id":125,"date":"2026-04-28T10:11:34","date_gmt":"2026-04-28T10:11:34","guid":{"rendered":"https:\/\/lastenkamari.fi\/?post_type=product&#038;p=125"},"modified":"2026-04-28T10:11:34","modified_gmt":"2026-04-28T10:11:34","slug":"bell-sleeve-midi-dress-mekko-dream-xs","status":"publish","type":"product","link":"https:\/\/lastenkamari.fi\/?product=bell-sleeve-midi-dress-mekko-dream-xs","title":{"rendered":"Bell Sleeve Midi Dress -Mekko | Dream &#8211; XS"},"content":{"rendered":"<p>My Happy Place -mallisto syntyi onnellisuuden tunteesta \u2013 hetkist\u00e4, jolloin kes\u00e4 tuntuu jo iholla, ilma v\u00e4reilee l\u00e4mp\u00f6n\u00e4 ja v\u00e4rit hehkuvat ymp\u00e4rill\u00e4. T\u00e4m\u00e4 mallisto kutsuu sinut unelmiesi paikkaan, jossa vain taivas on rajana.<br \/>\nBell Sleeve Midi Dress hurmaa upealla Dream-kuosilla, jossa 90-luvun inspiroima, puuv\u00e4reill\u00e4 kuvitettu taideteos yhdistyy pehmeisiin pastellis\u00e4vyihin ja moderniin ilmeeseen. T\u00e4m\u00e4 midimittainen mekko on yht\u00e4 aikaa n\u00e4ytt\u00e4v\u00e4 ja ajaton \u2013 t\u00e4ydellinen valinta niin arkeen kuin juhlaan.<br \/>\nMekon elegantti siluetti, kauniisti laskeutuvat kellohihat ja k\u00e4yt\u00e4nn\u00f6lliset taskut tekev\u00e4t siit\u00e4 monik\u00e4ytt\u00f6isen ja mukavan. Valmistettu 100 % viskoosista, mekko tuntuu iholla kevyelt\u00e4 ja hengitt\u00e4v\u00e4lt\u00e4, laskeutuen kauniisti liikkuessasi.<br \/>\nYhdist\u00e4 mekon herk\u00e4t s\u00e4vyt neutraaleihin asusteisiin hillittyyn lookiin tai korosta kuosin taianomaista tunnelmaa rohkeammilla v\u00e4riyhdistelmill\u00e4. Olipa edess\u00e4si kiireinen p\u00e4iv\u00e4 kaupungilla, t\u00e4rke\u00e4 juhlatilaisuus tai hetki itselle, Bell Sleeve Midi Dress tuo asuusi ajatonta eleganssia.<br \/>\nKuosin kohdistus on jokaisessa tuotteessa yksil\u00f6llinen. Mik\u00e4li et ole varma oikeasta koosta, suosittelemme katsomaan apua kokotaulukosta.<\/p>\n","protected":false},"excerpt":{"rendered":"<p>My Happy Place -mallisto syntyi onnellisuuden tunteesta \u2013 hetkist\u00e4, jolloin kes\u00e4 tuntuu jo iholla, ilma v\u00e4reilee l\u00e4mp\u00f6n\u00e4 ja v\u00e4rit hehkuvat ymp\u00e4rill\u00e4. T\u00e4m\u00e4 mallisto kutsuu sinut unelmiesi paikkaan, jossa vain taivas on rajana. Bell Sleeve Midi Dress hurmaa upealla Dream-kuosilla, jossa 90-luvun inspiroima, puuv\u00e4reill\u00e4 kuvitettu taideteos yhdistyy pehmeisiin pastellis\u00e4vyihin ja moderniin [&hellip;]<\/p>\n","protected":false},"featured_media":126,"comment_status":"open","ping_status":"closed","template":"","meta":[],"product_brand":[27],"product_cat":[25],"product_tag":[26],"class_list":{"0":"post-125","1":"product","2":"type-product","3":"status-publish","4":"has-post-thumbnail","6":"product_brand-my-happy-place-women","7":"product_cat-aikuisten-vaatteet","8":"product_tag-metsola","10":"first","11":"instock","12":"shipping-taxable","13":"product-type-external"},"_links":{"self":[{"href":"https:\/\/lastenkamari.fi\/index.php?rest_route=\/wp\/v2\/product\/125","targetHints":{"allow":["GET"]}}],"collection":[{"href":"https:\/\/lastenkamari.fi\/index.php?rest_route=\/wp\/v2\/product"}],"about":[{"href":"https:\/\/lastenkamari.fi\/index.php?rest_route=\/wp\/v2\/types\/product"}],"replies":[{"embeddable":true,"href":"https:\/\/lastenkamari.fi\/index.php?rest_route=%2Fwp%2Fv2%2Fcomments&post=125"}],"wp:featuredmedia":[{"embeddable":true,"href":"https:\/\/lastenkamari.fi\/index.php?rest_route=\/wp\/v2\/media\/126"}],"wp:attachment":[{"href":"https:\/\/lastenkamari.fi\/index.php?rest_route=%2Fwp%2Fv2%2Fmedia&parent=125"}],"wp:term":[{"taxonomy":"product_brand","embeddable":true,"href":"https:\/\/lastenkamari.fi\/index.php?rest_route=%2Fwp%2Fv2%2Fproduct_brand&post=125"},{"taxonomy":"product_cat","embeddable":true,"href":"https:\/\/lastenkamari.fi\/index.php?rest_route=%2Fwp%2Fv2%2Fproduct_cat&post=125"},{"taxonomy":"product_tag","embeddable":true,"href":"https:\/\/lastenkamari.fi\/index.php?rest_route=%2Fwp%2Fv2%2Fproduct_tag&post=125"}],"curies":[{"name":"wp","href":"https:\/\/api.w.org\/{rel}","templated":true}]}}