{"id":1251,"date":"2026-04-28T10:17:47","date_gmt":"2026-04-28T10:17:47","guid":{"rendered":"https:\/\/lastenkamari.fi\/?post_type=product&#038;p=1251"},"modified":"2026-04-28T10:17:48","modified_gmt":"2026-04-28T10:17:48","slug":"sunset-puff-sleeve-sweater-lasten-collegepaita-mintie-74-80","status":"publish","type":"product","link":"https:\/\/lastenkamari.fi\/?product=sunset-puff-sleeve-sweater-lasten-collegepaita-mintie-74-80","title":{"rendered":"Sunset Puff Sleeve Sweater -Lasten Collegepaita | Mintie &#8211; 74\/80"},"content":{"rendered":"<p>Sunset-kuosissa, Iris Maschekin s\u00e4ken\u00f6iv\u00e4ss\u00e4 abstraktissa maalauksessa, mintun, laventelin ja persikan s\u00e4vyt kutsuvat mukaan unenomaisiin hetkiin ja rauhallisiin heng\u00e4hdyksiin arjen keskell\u00e4.\ud83d\udc9a<br \/>\nT\u00e4m\u00e4 ihanan puhvihihainen lasten collegepaita on mukavan rentoa mitoitusta, jossa lapsi viihtyy! Puhvihihat tuovat asuun kaunista n\u00e4ytt\u00e4vyytt\u00e4. Materiaalina unelmaisen pehme\u00e4 luomupuuvillainen college, jossa on harjattu sis\u00e4puoli &#8211; joka my\u00f6s l\u00e4mmitt\u00e4\u00e4 mukavasti.<br \/>\nKuosin kohdistus on jokaisessa tuotteessa yksil\u00f6llinen. Mik\u00e4li et ole varma oikeasta koosta, suosittelemme katsomaan apua kokotaulukosta.<\/p>\n","protected":false},"excerpt":{"rendered":"<p>Sunset-kuosissa, Iris Maschekin s\u00e4ken\u00f6iv\u00e4ss\u00e4 abstraktissa maalauksessa, mintun, laventelin ja persikan s\u00e4vyt kutsuvat mukaan unenomaisiin hetkiin ja rauhallisiin heng\u00e4hdyksiin arjen keskell\u00e4.\ud83d\udc9a T\u00e4m\u00e4 ihanan puhvihihainen lasten collegepaita on mukavan rentoa mitoitusta, jossa lapsi viihtyy! Puhvihihat tuovat asuun kaunista n\u00e4ytt\u00e4vyytt\u00e4. Materiaalina unelmaisen pehme\u00e4 luomupuuvillainen college, jossa on harjattu sis\u00e4puoli &#8211; joka my\u00f6s l\u00e4mmitt\u00e4\u00e4 [&hellip;]<\/p>\n","protected":false},"featured_media":1252,"comment_status":"open","ping_status":"closed","template":"","meta":[],"product_brand":[51],"product_cat":[40],"product_tag":[26],"class_list":{"0":"post-1251","1":"product","2":"type-product","3":"status-publish","4":"has-post-thumbnail","6":"product_brand-circus-of-my-life","7":"product_cat-lastenvaatteet","8":"product_tag-metsola","10":"first","11":"instock","12":"shipping-taxable","13":"product-type-external"},"_links":{"self":[{"href":"https:\/\/lastenkamari.fi\/index.php?rest_route=\/wp\/v2\/product\/1251","targetHints":{"allow":["GET"]}}],"collection":[{"href":"https:\/\/lastenkamari.fi\/index.php?rest_route=\/wp\/v2\/product"}],"about":[{"href":"https:\/\/lastenkamari.fi\/index.php?rest_route=\/wp\/v2\/types\/product"}],"replies":[{"embeddable":true,"href":"https:\/\/lastenkamari.fi\/index.php?rest_route=%2Fwp%2Fv2%2Fcomments&post=1251"}],"wp:featuredmedia":[{"embeddable":true,"href":"https:\/\/lastenkamari.fi\/index.php?rest_route=\/wp\/v2\/media\/1252"}],"wp:attachment":[{"href":"https:\/\/lastenkamari.fi\/index.php?rest_route=%2Fwp%2Fv2%2Fmedia&parent=1251"}],"wp:term":[{"taxonomy":"product_brand","embeddable":true,"href":"https:\/\/lastenkamari.fi\/index.php?rest_route=%2Fwp%2Fv2%2Fproduct_brand&post=1251"},{"taxonomy":"product_cat","embeddable":true,"href":"https:\/\/lastenkamari.fi\/index.php?rest_route=%2Fwp%2Fv2%2Fproduct_cat&post=1251"},{"taxonomy":"product_tag","embeddable":true,"href":"https:\/\/lastenkamari.fi\/index.php?rest_route=%2Fwp%2Fv2%2Fproduct_tag&post=1251"}],"curies":[{"name":"wp","href":"https:\/\/api.w.org\/{rel}","templated":true}]}}