{"id":127,"date":"2026-04-28T10:11:34","date_gmt":"2026-04-28T10:11:34","guid":{"rendered":"https:\/\/lastenkamari.fi\/?post_type=product&#038;p=127"},"modified":"2026-04-28T10:11:35","modified_gmt":"2026-04-28T10:11:35","slug":"bell-sleeve-midi-dress-mekko-licorice-xs","status":"publish","type":"product","link":"https:\/\/lastenkamari.fi\/?product=bell-sleeve-midi-dress-mekko-licorice-xs","title":{"rendered":"Bell Sleeve Midi Dress -Mekko | Licorice &#8211; XS"},"content":{"rendered":"<p>My Happy Place -mallisto syntyi onnellisuuden tunteesta \u2013 hetkist\u00e4, jolloin kes\u00e4 tuntuu jo iholla, ilma v\u00e4reilee l\u00e4mp\u00f6n\u00e4 ja v\u00e4rit hehkuvat ymp\u00e4rill\u00e4. T\u00e4m\u00e4 mallisto kutsuu sinut unelmiesi paikkaan, jossa vain taivas on rajana.<br \/>\nT\u00e4m\u00e4 upea Bell Sleeve Midi Dress yhdist\u00e4\u00e4 ajattoman tyylikkyyden ja rennon mukavuuden. Mustan mekon elegantti siluetti ja n\u00e4ytt\u00e4v\u00e4t kellohihat tuovat asuun hienostunutta liikkuvuutta, kun taas k\u00e4yt\u00e4nn\u00f6lliset taskut tekev\u00e4t siit\u00e4 t\u00e4ydellisen valinnan niin arkeen kuin juhlaan.<br \/>\nMekko on valmistettu 100 % viskoosista, joka tuntuu iholla kevyelt\u00e4 ja hengitt\u00e4v\u00e4lt\u00e4. Kauniisti laskeutuva materiaali tuo mekkoon ilmavuutta ja tekee siit\u00e4 miellytt\u00e4v\u00e4n k\u00e4ytt\u00e4\u00e4 ymp\u00e4ri vuoden. Midimittainen helma tekee ilmeest\u00e4 klassisen ja monik\u00e4ytt\u00f6isen.<br \/>\nMusta mekko on ajattoman tyylik\u00e4s ja sen huolella suunnitellut yksityiskohdat tekev\u00e4t siit\u00e4 vaatekaapin monik\u00e4ytt\u00f6isen luottotuotteen.<br \/>\nMik\u00e4li et ole varma oikeasta koosta, suosittelemme katsomaan apua kokotaulukosta.<\/p>\n","protected":false},"excerpt":{"rendered":"<p>My Happy Place -mallisto syntyi onnellisuuden tunteesta \u2013 hetkist\u00e4, jolloin kes\u00e4 tuntuu jo iholla, ilma v\u00e4reilee l\u00e4mp\u00f6n\u00e4 ja v\u00e4rit hehkuvat ymp\u00e4rill\u00e4. T\u00e4m\u00e4 mallisto kutsuu sinut unelmiesi paikkaan, jossa vain taivas on rajana. T\u00e4m\u00e4 upea Bell Sleeve Midi Dress yhdist\u00e4\u00e4 ajattoman tyylikkyyden ja rennon mukavuuden. Mustan mekon elegantti siluetti ja n\u00e4ytt\u00e4v\u00e4t [&hellip;]<\/p>\n","protected":false},"featured_media":128,"comment_status":"open","ping_status":"closed","template":"","meta":[],"product_brand":[27],"product_cat":[25],"product_tag":[26],"class_list":{"0":"post-127","1":"product","2":"type-product","3":"status-publish","4":"has-post-thumbnail","6":"product_brand-my-happy-place-women","7":"product_cat-aikuisten-vaatteet","8":"product_tag-metsola","10":"first","11":"instock","12":"shipping-taxable","13":"product-type-external"},"_links":{"self":[{"href":"https:\/\/lastenkamari.fi\/index.php?rest_route=\/wp\/v2\/product\/127","targetHints":{"allow":["GET"]}}],"collection":[{"href":"https:\/\/lastenkamari.fi\/index.php?rest_route=\/wp\/v2\/product"}],"about":[{"href":"https:\/\/lastenkamari.fi\/index.php?rest_route=\/wp\/v2\/types\/product"}],"replies":[{"embeddable":true,"href":"https:\/\/lastenkamari.fi\/index.php?rest_route=%2Fwp%2Fv2%2Fcomments&post=127"}],"wp:featuredmedia":[{"embeddable":true,"href":"https:\/\/lastenkamari.fi\/index.php?rest_route=\/wp\/v2\/media\/128"}],"wp:attachment":[{"href":"https:\/\/lastenkamari.fi\/index.php?rest_route=%2Fwp%2Fv2%2Fmedia&parent=127"}],"wp:term":[{"taxonomy":"product_brand","embeddable":true,"href":"https:\/\/lastenkamari.fi\/index.php?rest_route=%2Fwp%2Fv2%2Fproduct_brand&post=127"},{"taxonomy":"product_cat","embeddable":true,"href":"https:\/\/lastenkamari.fi\/index.php?rest_route=%2Fwp%2Fv2%2Fproduct_cat&post=127"},{"taxonomy":"product_tag","embeddable":true,"href":"https:\/\/lastenkamari.fi\/index.php?rest_route=%2Fwp%2Fv2%2Fproduct_tag&post=127"}],"curies":[{"name":"wp","href":"https:\/\/api.w.org\/{rel}","templated":true}]}}