{"id":1277,"date":"2026-04-28T10:17:55","date_gmt":"2026-04-28T10:17:55","guid":{"rendered":"https:\/\/lastenkamari.fi\/?post_type=product&#038;p=1277"},"modified":"2026-04-28T10:17:56","modified_gmt":"2026-04-28T10:17:56","slug":"heavy-rib-paita-candy-74-80","status":"publish","type":"product","link":"https:\/\/lastenkamari.fi\/?product=heavy-rib-paita-candy-74-80","title":{"rendered":"Heavy Rib -Paita |  Candy &#8211; 74\/80"},"content":{"rendered":"<p>Leikkis\u00e4 ja iloinen Candy on hattaran pinkki s\u00e4vy, joka tuo pehmeytt\u00e4 ja iloista v\u00e4rikkyytt\u00e4 lasten arkipukeutumiseen. Heavy Rib -paita on valmistettu paksusta ja joustavasta rib-kankaasta, joka tuntuu miellytt\u00e4v\u00e4lt\u00e4 ihoa vasten ja istuu mukavasti p\u00e4\u00e4ll\u00e4 koko p\u00e4iv\u00e4n ajan.<br \/>\nPitk\u00e4hihainen paita on rennosti, mutta huolitellusti mitoitettu, jotta lapsella on vapaus liikkua ja leikki\u00e4. Kest\u00e4v\u00e4 luomupuuvillasekoite, jossa on mukana my\u00f6s kierr\u00e4tyskuitua, tekee paidasta vastuullisen valinnan. Rib-materiaali joustaa k\u00e4yt\u00f6ss\u00e4 ja palautuu pesun j\u00e4lkeen kauniisti muotoonsa.<br \/>\nCandy-s\u00e4vyinen paita on monik\u00e4ytt\u00f6inen vaate, joka sopii t\u00e4ydellisesti sek\u00e4 yksiv\u00e4risten ett\u00e4 kuosillisten alaosien kanssa. Hempe\u00e4 s\u00e4vy ja miellytt\u00e4v\u00e4 istuvuus tekev\u00e4t siit\u00e4 arjen suosikin.<br \/>\nMik\u00e4li et ole varma oikeasta koosta, suosittelemme katsomaan apua kokotaulukosta.<\/p>\n","protected":false},"excerpt":{"rendered":"<p>Leikkis\u00e4 ja iloinen Candy on hattaran pinkki s\u00e4vy, joka tuo pehmeytt\u00e4 ja iloista v\u00e4rikkyytt\u00e4 lasten arkipukeutumiseen. Heavy Rib -paita on valmistettu paksusta ja joustavasta rib-kankaasta, joka tuntuu miellytt\u00e4v\u00e4lt\u00e4 ihoa vasten ja istuu mukavasti p\u00e4\u00e4ll\u00e4 koko p\u00e4iv\u00e4n ajan. Pitk\u00e4hihainen paita on rennosti, mutta huolitellusti mitoitettu, jotta lapsella on vapaus liikkua ja [&hellip;]<\/p>\n","protected":false},"featured_media":1278,"comment_status":"open","ping_status":"closed","template":"","meta":[],"product_brand":[51],"product_cat":[40],"product_tag":[26],"class_list":{"0":"post-1277","1":"product","2":"type-product","3":"status-publish","4":"has-post-thumbnail","6":"product_brand-circus-of-my-life","7":"product_cat-lastenvaatteet","8":"product_tag-metsola","10":"first","11":"instock","12":"shipping-taxable","13":"product-type-external"},"_links":{"self":[{"href":"https:\/\/lastenkamari.fi\/index.php?rest_route=\/wp\/v2\/product\/1277","targetHints":{"allow":["GET"]}}],"collection":[{"href":"https:\/\/lastenkamari.fi\/index.php?rest_route=\/wp\/v2\/product"}],"about":[{"href":"https:\/\/lastenkamari.fi\/index.php?rest_route=\/wp\/v2\/types\/product"}],"replies":[{"embeddable":true,"href":"https:\/\/lastenkamari.fi\/index.php?rest_route=%2Fwp%2Fv2%2Fcomments&post=1277"}],"wp:featuredmedia":[{"embeddable":true,"href":"https:\/\/lastenkamari.fi\/index.php?rest_route=\/wp\/v2\/media\/1278"}],"wp:attachment":[{"href":"https:\/\/lastenkamari.fi\/index.php?rest_route=%2Fwp%2Fv2%2Fmedia&parent=1277"}],"wp:term":[{"taxonomy":"product_brand","embeddable":true,"href":"https:\/\/lastenkamari.fi\/index.php?rest_route=%2Fwp%2Fv2%2Fproduct_brand&post=1277"},{"taxonomy":"product_cat","embeddable":true,"href":"https:\/\/lastenkamari.fi\/index.php?rest_route=%2Fwp%2Fv2%2Fproduct_cat&post=1277"},{"taxonomy":"product_tag","embeddable":true,"href":"https:\/\/lastenkamari.fi\/index.php?rest_route=%2Fwp%2Fv2%2Fproduct_tag&post=1277"}],"curies":[{"name":"wp","href":"https:\/\/api.w.org\/{rel}","templated":true}]}}