{"id":1283,"date":"2026-04-28T10:17:58","date_gmt":"2026-04-28T10:17:58","guid":{"rendered":"https:\/\/lastenkamari.fi\/?post_type=product&#038;p=1283"},"modified":"2026-04-28T10:17:59","modified_gmt":"2026-04-28T10:17:59","slug":"cotton-knit-jumper-lasten-neulepaita-milky-86-92","status":"publish","type":"product","link":"https:\/\/lastenkamari.fi\/?product=cotton-knit-jumper-lasten-neulepaita-milky-86-92","title":{"rendered":"Cotton Knit Jumper -Lasten Neulepaita |  Milky &#8211; 86\/92"},"content":{"rendered":"<p>Cotton Knit Jumper -lasten neulepaita Milky-s\u00e4vyss\u00e4 on ajaton valinta lasten pukeutumiseen. Pehme\u00e4 luonnonvalkoinen s\u00e4vy tuo asuun harmonista ilmett\u00e4 ja on helppo yhdist\u00e4\u00e4 my\u00f6s malliston v\u00e4rikk\u00e4\u00e4mpiin alaosiin.<br \/>\nNeulepaita on valmistettu laadukkaasta ja hengitt\u00e4v\u00e4st\u00e4 luomupuuvillaneuloksesta, joka tuntuu hell\u00e4varaiselta ihoa vasten. Rento malli tarjoaa mukavuutta ja liikkumisen vapautta niin leikkeihin kuin rauhallisempiin hetkiin.<br \/>\nMik\u00e4li et ole varma oikeasta koosta, suosittelemme katsomaan apua kokotaulukosta.<br \/>\nCircus of my life -mallisto on ylistys arjen ainutlaatuisuudelle \u2013 naurulle, kaaokselle ja niille pienille hetkille, jotka tekev\u00e4t lapsiperheen el\u00e4m\u00e4st\u00e4 juuri niin ihanan v\u00e4rik\u00e4st\u00e4 ja vauhdikasta. \u2764\ufe0f<\/p>\n","protected":false},"excerpt":{"rendered":"<p>Cotton Knit Jumper -lasten neulepaita Milky-s\u00e4vyss\u00e4 on ajaton valinta lasten pukeutumiseen. Pehme\u00e4 luonnonvalkoinen s\u00e4vy tuo asuun harmonista ilmett\u00e4 ja on helppo yhdist\u00e4\u00e4 my\u00f6s malliston v\u00e4rikk\u00e4\u00e4mpiin alaosiin. Neulepaita on valmistettu laadukkaasta ja hengitt\u00e4v\u00e4st\u00e4 luomupuuvillaneuloksesta, joka tuntuu hell\u00e4varaiselta ihoa vasten. Rento malli tarjoaa mukavuutta ja liikkumisen vapautta niin leikkeihin kuin rauhallisempiin hetkiin. [&hellip;]<\/p>\n","protected":false},"featured_media":1284,"comment_status":"open","ping_status":"closed","template":"","meta":[],"product_brand":[51],"product_cat":[40],"product_tag":[26],"class_list":{"0":"post-1283","1":"product","2":"type-product","3":"status-publish","4":"has-post-thumbnail","6":"product_brand-circus-of-my-life","7":"product_cat-lastenvaatteet","8":"product_tag-metsola","10":"first","11":"instock","12":"shipping-taxable","13":"product-type-external"},"_links":{"self":[{"href":"https:\/\/lastenkamari.fi\/index.php?rest_route=\/wp\/v2\/product\/1283","targetHints":{"allow":["GET"]}}],"collection":[{"href":"https:\/\/lastenkamari.fi\/index.php?rest_route=\/wp\/v2\/product"}],"about":[{"href":"https:\/\/lastenkamari.fi\/index.php?rest_route=\/wp\/v2\/types\/product"}],"replies":[{"embeddable":true,"href":"https:\/\/lastenkamari.fi\/index.php?rest_route=%2Fwp%2Fv2%2Fcomments&post=1283"}],"wp:featuredmedia":[{"embeddable":true,"href":"https:\/\/lastenkamari.fi\/index.php?rest_route=\/wp\/v2\/media\/1284"}],"wp:attachment":[{"href":"https:\/\/lastenkamari.fi\/index.php?rest_route=%2Fwp%2Fv2%2Fmedia&parent=1283"}],"wp:term":[{"taxonomy":"product_brand","embeddable":true,"href":"https:\/\/lastenkamari.fi\/index.php?rest_route=%2Fwp%2Fv2%2Fproduct_brand&post=1283"},{"taxonomy":"product_cat","embeddable":true,"href":"https:\/\/lastenkamari.fi\/index.php?rest_route=%2Fwp%2Fv2%2Fproduct_cat&post=1283"},{"taxonomy":"product_tag","embeddable":true,"href":"https:\/\/lastenkamari.fi\/index.php?rest_route=%2Fwp%2Fv2%2Fproduct_tag&post=1283"}],"curies":[{"name":"wp","href":"https:\/\/api.w.org\/{rel}","templated":true}]}}