{"id":1287,"date":"2026-04-28T10:17:59","date_gmt":"2026-04-28T10:17:59","guid":{"rendered":"https:\/\/lastenkamari.fi\/?post_type=product&#038;p=1287"},"modified":"2026-04-28T10:18:00","modified_gmt":"2026-04-28T10:18:00","slug":"cotton-knit-jumper-lasten-neulepaita-electric-86-92","status":"publish","type":"product","link":"https:\/\/lastenkamari.fi\/?product=cotton-knit-jumper-lasten-neulepaita-electric-86-92","title":{"rendered":"Cotton Knit Jumper -Lasten Neulepaita |  Electric &#8211; 86\/92"},"content":{"rendered":"<p>Cotton Knit Jumper -lasten neulepaita Electric-s\u00e4vyss\u00e4 tuo lasten pukeutumiseen energist\u00e4 ilmett\u00e4 ja rohkeaa v\u00e4ri\u00e4. Kirkas sininen s\u00e4vy pirist\u00e4\u00e4 asukokonaisuuksia ja toimii n\u00e4ytt\u00e4v\u00e4n\u00e4 mutta ajattomana valintana.<br \/>\nPaita on valmistettu pehme\u00e4st\u00e4 ja hengitt\u00e4v\u00e4st\u00e4 luomupuuvillaneuloksesta, joka tuntuu miellytt\u00e4v\u00e4lt\u00e4 p\u00e4\u00e4ll\u00e4 koko p\u00e4iv\u00e4n ajan. Luonnollinen joustavuus ja rento istuvuus tekev\u00e4t paidasta t\u00e4ydellisen aktiiviseen arkeen ja mukaan oleiluun.<br \/>\nMik\u00e4li et ole varma oikeasta koosta, suosittelemme katsomaan apua kokotaulukosta.<br \/>\nCircus of my life -mallisto on ylistys arjen ainutlaatuisuudelle \u2013 naurulle, kaaokselle ja niille pienille hetkille, jotka tekev\u00e4t lapsiperheen el\u00e4m\u00e4st\u00e4 juuri niin ihanan v\u00e4rik\u00e4st\u00e4 ja vauhdikasta. \u2764\ufe0f<\/p>\n","protected":false},"excerpt":{"rendered":"<p>Cotton Knit Jumper -lasten neulepaita Electric-s\u00e4vyss\u00e4 tuo lasten pukeutumiseen energist\u00e4 ilmett\u00e4 ja rohkeaa v\u00e4ri\u00e4. Kirkas sininen s\u00e4vy pirist\u00e4\u00e4 asukokonaisuuksia ja toimii n\u00e4ytt\u00e4v\u00e4n\u00e4 mutta ajattomana valintana. Paita on valmistettu pehme\u00e4st\u00e4 ja hengitt\u00e4v\u00e4st\u00e4 luomupuuvillaneuloksesta, joka tuntuu miellytt\u00e4v\u00e4lt\u00e4 p\u00e4\u00e4ll\u00e4 koko p\u00e4iv\u00e4n ajan. Luonnollinen joustavuus ja rento istuvuus tekev\u00e4t paidasta t\u00e4ydellisen aktiiviseen arkeen ja [&hellip;]<\/p>\n","protected":false},"featured_media":1288,"comment_status":"open","ping_status":"closed","template":"","meta":[],"product_brand":[51],"product_cat":[40],"product_tag":[26],"class_list":{"0":"post-1287","1":"product","2":"type-product","3":"status-publish","4":"has-post-thumbnail","6":"product_brand-circus-of-my-life","7":"product_cat-lastenvaatteet","8":"product_tag-metsola","10":"first","11":"instock","12":"shipping-taxable","13":"product-type-external"},"_links":{"self":[{"href":"https:\/\/lastenkamari.fi\/index.php?rest_route=\/wp\/v2\/product\/1287","targetHints":{"allow":["GET"]}}],"collection":[{"href":"https:\/\/lastenkamari.fi\/index.php?rest_route=\/wp\/v2\/product"}],"about":[{"href":"https:\/\/lastenkamari.fi\/index.php?rest_route=\/wp\/v2\/types\/product"}],"replies":[{"embeddable":true,"href":"https:\/\/lastenkamari.fi\/index.php?rest_route=%2Fwp%2Fv2%2Fcomments&post=1287"}],"wp:featuredmedia":[{"embeddable":true,"href":"https:\/\/lastenkamari.fi\/index.php?rest_route=\/wp\/v2\/media\/1288"}],"wp:attachment":[{"href":"https:\/\/lastenkamari.fi\/index.php?rest_route=%2Fwp%2Fv2%2Fmedia&parent=1287"}],"wp:term":[{"taxonomy":"product_brand","embeddable":true,"href":"https:\/\/lastenkamari.fi\/index.php?rest_route=%2Fwp%2Fv2%2Fproduct_brand&post=1287"},{"taxonomy":"product_cat","embeddable":true,"href":"https:\/\/lastenkamari.fi\/index.php?rest_route=%2Fwp%2Fv2%2Fproduct_cat&post=1287"},{"taxonomy":"product_tag","embeddable":true,"href":"https:\/\/lastenkamari.fi\/index.php?rest_route=%2Fwp%2Fv2%2Fproduct_tag&post=1287"}],"curies":[{"name":"wp","href":"https:\/\/api.w.org\/{rel}","templated":true}]}}