{"id":1289,"date":"2026-04-28T10:18:00","date_gmt":"2026-04-28T10:18:00","guid":{"rendered":"https:\/\/lastenkamari.fi\/?post_type=product&#038;p=1289"},"modified":"2026-04-28T10:18:01","modified_gmt":"2026-04-28T10:18:01","slug":"cotton-knit-jumper-lasten-neulepaita-candy-86-92","status":"publish","type":"product","link":"https:\/\/lastenkamari.fi\/?product=cotton-knit-jumper-lasten-neulepaita-candy-86-92","title":{"rendered":"Cotton Knit Jumper -Lasten Neulepaita |  Candy &#8211; 86\/92"},"content":{"rendered":"<p>Cotton Knit Jumper -lasten neulepaita Candy-s\u00e4vyss\u00e4 on t\u00e4ydellinen yhdistelm\u00e4 pehmeytt\u00e4 ja iloista v\u00e4rikkyytt\u00e4. Hattaran pinkki s\u00e4vy tuo lasten pukeutumiseen leikkisyytt\u00e4 ja raikasta ilmett\u00e4, sopien niin arkip\u00e4iviin kuin erityisiin hetkiin.<br \/>\nNeulepaita on valmistettu pehme\u00e4st\u00e4 ja hengitt\u00e4v\u00e4st\u00e4 luomupuuvillaneuloksesta, joka tuntuu miellytt\u00e4v\u00e4lt\u00e4 lasten iholla. Luomupuuvilla on luonnollinen ja kest\u00e4v\u00e4 materiaali, ja rento malli takaa liikkumisen vapauden ja k\u00e4ytt\u00f6mukavuuden.<br \/>\nCircus of my life -mallisto on ylistys arjen ainutlaatuisuudelle \u2013 naurulle, kaaokselle ja niille pienille hetkille, jotka tekev\u00e4t lapsiperheen el\u00e4m\u00e4st\u00e4 juuri niin ihanan v\u00e4rik\u00e4st\u00e4 ja vauhdikasta. \u2764\ufe0f<br \/>\nMik\u00e4li et ole varma oikeasta koosta, suosittelemme katsomaan apua kokotaulukosta.<\/p>\n","protected":false},"excerpt":{"rendered":"<p>Cotton Knit Jumper -lasten neulepaita Candy-s\u00e4vyss\u00e4 on t\u00e4ydellinen yhdistelm\u00e4 pehmeytt\u00e4 ja iloista v\u00e4rikkyytt\u00e4. Hattaran pinkki s\u00e4vy tuo lasten pukeutumiseen leikkisyytt\u00e4 ja raikasta ilmett\u00e4, sopien niin arkip\u00e4iviin kuin erityisiin hetkiin. Neulepaita on valmistettu pehme\u00e4st\u00e4 ja hengitt\u00e4v\u00e4st\u00e4 luomupuuvillaneuloksesta, joka tuntuu miellytt\u00e4v\u00e4lt\u00e4 lasten iholla. Luomupuuvilla on luonnollinen ja kest\u00e4v\u00e4 materiaali, ja rento malli [&hellip;]<\/p>\n","protected":false},"featured_media":1290,"comment_status":"open","ping_status":"closed","template":"","meta":[],"product_brand":[51],"product_cat":[40],"product_tag":[26],"class_list":{"0":"post-1289","1":"product","2":"type-product","3":"status-publish","4":"has-post-thumbnail","6":"product_brand-circus-of-my-life","7":"product_cat-lastenvaatteet","8":"product_tag-metsola","10":"first","11":"instock","12":"shipping-taxable","13":"product-type-external"},"_links":{"self":[{"href":"https:\/\/lastenkamari.fi\/index.php?rest_route=\/wp\/v2\/product\/1289","targetHints":{"allow":["GET"]}}],"collection":[{"href":"https:\/\/lastenkamari.fi\/index.php?rest_route=\/wp\/v2\/product"}],"about":[{"href":"https:\/\/lastenkamari.fi\/index.php?rest_route=\/wp\/v2\/types\/product"}],"replies":[{"embeddable":true,"href":"https:\/\/lastenkamari.fi\/index.php?rest_route=%2Fwp%2Fv2%2Fcomments&post=1289"}],"wp:featuredmedia":[{"embeddable":true,"href":"https:\/\/lastenkamari.fi\/index.php?rest_route=\/wp\/v2\/media\/1290"}],"wp:attachment":[{"href":"https:\/\/lastenkamari.fi\/index.php?rest_route=%2Fwp%2Fv2%2Fmedia&parent=1289"}],"wp:term":[{"taxonomy":"product_brand","embeddable":true,"href":"https:\/\/lastenkamari.fi\/index.php?rest_route=%2Fwp%2Fv2%2Fproduct_brand&post=1289"},{"taxonomy":"product_cat","embeddable":true,"href":"https:\/\/lastenkamari.fi\/index.php?rest_route=%2Fwp%2Fv2%2Fproduct_cat&post=1289"},{"taxonomy":"product_tag","embeddable":true,"href":"https:\/\/lastenkamari.fi\/index.php?rest_route=%2Fwp%2Fv2%2Fproduct_tag&post=1289"}],"curies":[{"name":"wp","href":"https:\/\/api.w.org\/{rel}","templated":true}]}}