{"id":129,"date":"2026-04-28T10:11:35","date_gmt":"2026-04-28T10:11:35","guid":{"rendered":"https:\/\/lastenkamari.fi\/?post_type=product&#038;p=129"},"modified":"2026-04-28T10:11:36","modified_gmt":"2026-04-28T10:11:36","slug":"bell-sleeve-tunic-dress-mekko-dream-xs","status":"publish","type":"product","link":"https:\/\/lastenkamari.fi\/?product=bell-sleeve-tunic-dress-mekko-dream-xs","title":{"rendered":"Bell Sleeve Tunic Dress -Mekko | Dream &#8211; XS"},"content":{"rendered":"<p>My Happy Place -mallisto syntyi onnellisuuden tunteesta \u2013 hetkist\u00e4, jolloin kes\u00e4 tuntuu jo iholla, ilma v\u00e4reilee l\u00e4mp\u00f6n\u00e4 ja v\u00e4rit hehkuvat ymp\u00e4rill\u00e4. T\u00e4m\u00e4 mallisto kutsuu sinut unelmiesi paikkaan, jossa vain taivas on rajana.<br \/>\nBell Sleeve -tunikamekko hurmaa keveydell\u00e4\u00e4n ja upealla Dream-kuosillaan. 90-luvun inspiroima, puuv\u00e4reill\u00e4 kuvitettu taideteos yhdist\u00e4\u00e4 modernin ilmeen unenomaiseen v\u00e4rimaailmaan, jossa pastellins\u00e4vyt sulautuvat toisiinsa pehme\u00e4sti. Viskoosista valmistettu mekko tuntuu iholla miellytt\u00e4v\u00e4n kevyelt\u00e4 ja laskeutuu kauniisti.<br \/>\nMekon n\u00e4ytt\u00e4v\u00e4t kellohihat tuovat ilmeeseen tyylik\u00e4st\u00e4 liikkuvuutta ja boheemia eleganssia. V\u00e4lj\u00e4, ilmava siluetti tekee mekosta t\u00e4ydellisen valinnan niin arkeen kuin juhlahetkiin. Voit k\u00e4ytt\u00e4\u00e4 sit\u00e4 rennosti sellaisenaan tai korostaa vy\u00f6t\u00e4r\u00f6\u00e4 asusteilla.<br \/>\nYhdist\u00e4 nilkkureihin ja sukkahousuihin viile\u00e4mm\u00e4ll\u00e4 s\u00e4\u00e4ll\u00e4 tai pue kevyesti sandaalien kanssa kes\u00e4p\u00e4ivien luottomekoksi. Dream-kuosinen Bell Sleeve -tunikamekko on t\u00e4ydellinen valinta, kun haluat pukeutua ajattoman kauniisti ripauksella taianomaista tunnelmaa.<br \/>\nKuosin kohdistus on jokaisessa tuotteessa yksil\u00f6llinen. Mik\u00e4li et ole varma oikeasta koosta, suosittelemme katsomaan apua kokotaulukosta.<\/p>\n","protected":false},"excerpt":{"rendered":"<p>My Happy Place -mallisto syntyi onnellisuuden tunteesta \u2013 hetkist\u00e4, jolloin kes\u00e4 tuntuu jo iholla, ilma v\u00e4reilee l\u00e4mp\u00f6n\u00e4 ja v\u00e4rit hehkuvat ymp\u00e4rill\u00e4. T\u00e4m\u00e4 mallisto kutsuu sinut unelmiesi paikkaan, jossa vain taivas on rajana. Bell Sleeve -tunikamekko hurmaa keveydell\u00e4\u00e4n ja upealla Dream-kuosillaan. 90-luvun inspiroima, puuv\u00e4reill\u00e4 kuvitettu taideteos yhdist\u00e4\u00e4 modernin ilmeen unenomaiseen v\u00e4rimaailmaan, [&hellip;]<\/p>\n","protected":false},"featured_media":130,"comment_status":"open","ping_status":"closed","template":"","meta":[],"product_brand":[27],"product_cat":[25],"product_tag":[26],"class_list":{"0":"post-129","1":"product","2":"type-product","3":"status-publish","4":"has-post-thumbnail","6":"product_brand-my-happy-place-women","7":"product_cat-aikuisten-vaatteet","8":"product_tag-metsola","10":"first","11":"instock","12":"shipping-taxable","13":"product-type-external"},"_links":{"self":[{"href":"https:\/\/lastenkamari.fi\/index.php?rest_route=\/wp\/v2\/product\/129","targetHints":{"allow":["GET"]}}],"collection":[{"href":"https:\/\/lastenkamari.fi\/index.php?rest_route=\/wp\/v2\/product"}],"about":[{"href":"https:\/\/lastenkamari.fi\/index.php?rest_route=\/wp\/v2\/types\/product"}],"replies":[{"embeddable":true,"href":"https:\/\/lastenkamari.fi\/index.php?rest_route=%2Fwp%2Fv2%2Fcomments&post=129"}],"wp:featuredmedia":[{"embeddable":true,"href":"https:\/\/lastenkamari.fi\/index.php?rest_route=\/wp\/v2\/media\/130"}],"wp:attachment":[{"href":"https:\/\/lastenkamari.fi\/index.php?rest_route=%2Fwp%2Fv2%2Fmedia&parent=129"}],"wp:term":[{"taxonomy":"product_brand","embeddable":true,"href":"https:\/\/lastenkamari.fi\/index.php?rest_route=%2Fwp%2Fv2%2Fproduct_brand&post=129"},{"taxonomy":"product_cat","embeddable":true,"href":"https:\/\/lastenkamari.fi\/index.php?rest_route=%2Fwp%2Fv2%2Fproduct_cat&post=129"},{"taxonomy":"product_tag","embeddable":true,"href":"https:\/\/lastenkamari.fi\/index.php?rest_route=%2Fwp%2Fv2%2Fproduct_tag&post=129"}],"curies":[{"name":"wp","href":"https:\/\/api.w.org\/{rel}","templated":true}]}}