{"id":1299,"date":"2026-04-28T10:18:03","date_gmt":"2026-04-28T10:18:03","guid":{"rendered":"https:\/\/lastenkamari.fi\/?post_type=product&#038;p=1299"},"modified":"2026-04-28T10:18:04","modified_gmt":"2026-04-28T10:18:04","slug":"leopold-paita-chocolate-74-80","status":"publish","type":"product","link":"https:\/\/lastenkamari.fi\/?product=leopold-paita-chocolate-74-80","title":{"rendered":"Leopold -Paita | Chocolate &#8211; 74\/80"},"content":{"rendered":"<p>Leopold -Paita v\u00e4riss\u00e4 Chocolate on lasten arjen luottovaate, jossa yhdistyv\u00e4t mukavuus ja ajankohtainen tyyli. Pitk\u00e4hihainen trikoopaita on valmistettu pehme\u00e4st\u00e4 ja hengitt\u00e4v\u00e4st\u00e4 luomupuuvillasta, joka tuntuu miellytt\u00e4v\u00e4lt\u00e4 ihoa vasten ja joustaa aktiivisessa k\u00e4yt\u00f6ss\u00e4.<br \/>\nTrendik\u00e4s Leopold-kuosi Chocolate-s\u00e4vyss\u00e4 tuo asuun l\u00e4mp\u00f6\u00e4 ja modernia ilmett\u00e4. Klassinen malli tekee paidasta helposti yhdistelt\u00e4v\u00e4n niin leggingseihin kuin muihin alaosiin.<br \/>\nPaita on saatavilla aina kokoon 146\/152 asti, joten se sopii monenik\u00e4isille lapsille. Yhdist\u00e4 yhteensopiviin asuihin ja luo harmoninen We are family -look koko perheelle.<br \/>\nT\u00e4m\u00e4 lasten trikoopaita on tehty leikkiin, liikkeeseen ja yhteisiin hetkiin &#8211; mukavasti ja tyylill\u00e4.<br \/>\nKuosin kohdistus on jokaisessa tuotteessa yksil\u00f6llinen. Mik\u00e4li et ole varma oikeasta koosta, suosittelemme katsomaan apua kokotaulukosta.<\/p>\n","protected":false},"excerpt":{"rendered":"<p>Leopold -Paita v\u00e4riss\u00e4 Chocolate on lasten arjen luottovaate, jossa yhdistyv\u00e4t mukavuus ja ajankohtainen tyyli. Pitk\u00e4hihainen trikoopaita on valmistettu pehme\u00e4st\u00e4 ja hengitt\u00e4v\u00e4st\u00e4 luomupuuvillasta, joka tuntuu miellytt\u00e4v\u00e4lt\u00e4 ihoa vasten ja joustaa aktiivisessa k\u00e4yt\u00f6ss\u00e4. Trendik\u00e4s Leopold-kuosi Chocolate-s\u00e4vyss\u00e4 tuo asuun l\u00e4mp\u00f6\u00e4 ja modernia ilmett\u00e4. Klassinen malli tekee paidasta helposti yhdistelt\u00e4v\u00e4n niin leggingseihin kuin muihin [&hellip;]<\/p>\n","protected":false},"featured_media":1300,"comment_status":"open","ping_status":"closed","template":"","meta":[],"product_brand":[36],"product_cat":[40],"product_tag":[26],"class_list":{"0":"post-1299","1":"product","2":"type-product","3":"status-publish","4":"has-post-thumbnail","6":"product_brand-we-are-family","7":"product_cat-lastenvaatteet","8":"product_tag-metsola","10":"first","11":"instock","12":"shipping-taxable","13":"product-type-external"},"_links":{"self":[{"href":"https:\/\/lastenkamari.fi\/index.php?rest_route=\/wp\/v2\/product\/1299","targetHints":{"allow":["GET"]}}],"collection":[{"href":"https:\/\/lastenkamari.fi\/index.php?rest_route=\/wp\/v2\/product"}],"about":[{"href":"https:\/\/lastenkamari.fi\/index.php?rest_route=\/wp\/v2\/types\/product"}],"replies":[{"embeddable":true,"href":"https:\/\/lastenkamari.fi\/index.php?rest_route=%2Fwp%2Fv2%2Fcomments&post=1299"}],"wp:featuredmedia":[{"embeddable":true,"href":"https:\/\/lastenkamari.fi\/index.php?rest_route=\/wp\/v2\/media\/1300"}],"wp:attachment":[{"href":"https:\/\/lastenkamari.fi\/index.php?rest_route=%2Fwp%2Fv2%2Fmedia&parent=1299"}],"wp:term":[{"taxonomy":"product_brand","embeddable":true,"href":"https:\/\/lastenkamari.fi\/index.php?rest_route=%2Fwp%2Fv2%2Fproduct_brand&post=1299"},{"taxonomy":"product_cat","embeddable":true,"href":"https:\/\/lastenkamari.fi\/index.php?rest_route=%2Fwp%2Fv2%2Fproduct_cat&post=1299"},{"taxonomy":"product_tag","embeddable":true,"href":"https:\/\/lastenkamari.fi\/index.php?rest_route=%2Fwp%2Fv2%2Fproduct_tag&post=1299"}],"curies":[{"name":"wp","href":"https:\/\/api.w.org\/{rel}","templated":true}]}}