{"id":1309,"date":"2026-04-28T10:18:07","date_gmt":"2026-04-28T10:18:07","guid":{"rendered":"https:\/\/lastenkamari.fi\/?post_type=product&#038;p=1309"},"modified":"2026-04-28T10:18:07","modified_gmt":"2026-04-28T10:18:07","slug":"polar-bears-pussilakanasetti-adult-icy-lilac","status":"publish","type":"product","link":"https:\/\/lastenkamari.fi\/?product=polar-bears-pussilakanasetti-adult-icy-lilac","title":{"rendered":"Polar Bears -Pussilakanasetti Adult | Icy Lilac"},"content":{"rendered":"<p>Polar Bears -Pussilakanasetti adult-koko, v\u00e4ri Icy Lilac tuo rauhoittavaa talvitunnelmaa aikuisen makuuhuoneeseen. Henna Adelin suunnittelema kuosi vie ajatukset lumisiin maisemiin, joissa pienet j\u00e4\u00e4karhut temmelt\u00e4v\u00e4t hiljaisuuden keskell\u00e4. Pehme\u00e4n viile\u00e4 Icy Lilac -s\u00e4vy luo rauhallisen ja harmonisen ilmeen koko huoneeseen.<br \/>\nSetiss\u00e4 mukana satiinipuuvilla pussilakana ja tyynyliina koossa 50&#215;60 cm. Valmistettu luomupuuvillaisesta puuvillasatiinista, jonka satiinisidos antaa kankaalle luonnollisen kiillon ja ylellisen sile\u00e4n pinnan. K\u00e4denaukot pussilakanassa helpottavat petaamista, ja lakanat s\u00e4ilyv\u00e4t parhaimmillaan silitettyn\u00e4 tai mankeloituna.<br \/>\nT\u00e4m\u00e4 setti on osa Under the Same Moon -mallistoa ja saatavilla my\u00f6s baby- ja junior-koossa &#8211; jotta koko perhe voi nukkua saman kuun alla, saman kuosin ymp\u00e4r\u00f6im\u00e4n\u00e4.<br \/>\nKuosin kohdistus on jokaisessa tuotteessa yksil\u00f6llinen.<\/p>\n","protected":false},"excerpt":{"rendered":"<p>Polar Bears -Pussilakanasetti adult-koko, v\u00e4ri Icy Lilac tuo rauhoittavaa talvitunnelmaa aikuisen makuuhuoneeseen. Henna Adelin suunnittelema kuosi vie ajatukset lumisiin maisemiin, joissa pienet j\u00e4\u00e4karhut temmelt\u00e4v\u00e4t hiljaisuuden keskell\u00e4. Pehme\u00e4n viile\u00e4 Icy Lilac -s\u00e4vy luo rauhallisen ja harmonisen ilmeen koko huoneeseen. Setiss\u00e4 mukana satiinipuuvilla pussilakana ja tyynyliina koossa 50&#215;60 cm. Valmistettu luomupuuvillaisesta puuvillasatiinista, [&hellip;]<\/p>\n","protected":false},"featured_media":1310,"comment_status":"open","ping_status":"closed","template":"","meta":[],"product_brand":[60],"product_cat":[57],"product_tag":[26],"class_list":{"0":"post-1309","1":"product","2":"type-product","3":"status-publish","4":"has-post-thumbnail","6":"product_brand-under-the-same-moon-home","7":"product_cat-sisustus","8":"product_tag-metsola","10":"first","11":"instock","12":"shipping-taxable","13":"product-type-external"},"_links":{"self":[{"href":"https:\/\/lastenkamari.fi\/index.php?rest_route=\/wp\/v2\/product\/1309","targetHints":{"allow":["GET"]}}],"collection":[{"href":"https:\/\/lastenkamari.fi\/index.php?rest_route=\/wp\/v2\/product"}],"about":[{"href":"https:\/\/lastenkamari.fi\/index.php?rest_route=\/wp\/v2\/types\/product"}],"replies":[{"embeddable":true,"href":"https:\/\/lastenkamari.fi\/index.php?rest_route=%2Fwp%2Fv2%2Fcomments&post=1309"}],"wp:featuredmedia":[{"embeddable":true,"href":"https:\/\/lastenkamari.fi\/index.php?rest_route=\/wp\/v2\/media\/1310"}],"wp:attachment":[{"href":"https:\/\/lastenkamari.fi\/index.php?rest_route=%2Fwp%2Fv2%2Fmedia&parent=1309"}],"wp:term":[{"taxonomy":"product_brand","embeddable":true,"href":"https:\/\/lastenkamari.fi\/index.php?rest_route=%2Fwp%2Fv2%2Fproduct_brand&post=1309"},{"taxonomy":"product_cat","embeddable":true,"href":"https:\/\/lastenkamari.fi\/index.php?rest_route=%2Fwp%2Fv2%2Fproduct_cat&post=1309"},{"taxonomy":"product_tag","embeddable":true,"href":"https:\/\/lastenkamari.fi\/index.php?rest_route=%2Fwp%2Fv2%2Fproduct_tag&post=1309"}],"curies":[{"name":"wp","href":"https:\/\/api.w.org\/{rel}","templated":true}]}}