{"id":1311,"date":"2026-04-28T10:18:08","date_gmt":"2026-04-28T10:18:08","guid":{"rendered":"https:\/\/lastenkamari.fi\/?post_type=product&#038;p=1311"},"modified":"2026-04-28T10:18:08","modified_gmt":"2026-04-28T10:18:08","slug":"polar-bears-pussilakanasetti-baby-icy-blue","status":"publish","type":"product","link":"https:\/\/lastenkamari.fi\/?product=polar-bears-pussilakanasetti-baby-icy-blue","title":{"rendered":"Polar Bears -Pussilakanasetti Baby | Icy Blue"},"content":{"rendered":"<p>Polar Bears -Pussilakanasetti baby-koko, v\u00e4ri Icy Blue on rauhoittava ja kauniin viile\u00e4 vuodevaatesetti vauvalle. Henna Adelin suunnittelema j\u00e4\u00e4karhukuosi her\u00e4tt\u00e4\u00e4 talvisen satumaailman eloon, jossa pienet karhunpoikaset temmelt\u00e4v\u00e4t. Icy Blue on hienostunut vaaleansininen s\u00e4vy, joka tuo makuutilaan seesteisen tunnelman.<br \/>\nSettiin kuuluu vauvan pussilakana ja tyynyliina koossa 40&#215;60 cm, t\u00e4ydellinen pienelle nukkujalle. Laadukas puuvillasatiini on valmistettu 100 % luomupuuvillasta &#8211; pehme\u00e4, hengitt\u00e4v\u00e4 ja iholla miellytt\u00e4v\u00e4 materiaali. K\u00e4denaukot pussilakanassa helpottavat petaamista, ja satiinin kiilto s\u00e4ilyy parhaiten silitettyn\u00e4 tai mankeloituna.<br \/>\nT\u00e4m\u00e4 setti on osa Under the Same Moon -mallistoa ja saatavilla my\u00f6s junior- ja adult-koossa, jotta koko perhe voi nukkua saman kuosin alla.<br \/>\nKuosin kohdistus on jokaisessa tuotteessa yksil\u00f6llinen.<\/p>\n","protected":false},"excerpt":{"rendered":"<p>Polar Bears -Pussilakanasetti baby-koko, v\u00e4ri Icy Blue on rauhoittava ja kauniin viile\u00e4 vuodevaatesetti vauvalle. Henna Adelin suunnittelema j\u00e4\u00e4karhukuosi her\u00e4tt\u00e4\u00e4 talvisen satumaailman eloon, jossa pienet karhunpoikaset temmelt\u00e4v\u00e4t. Icy Blue on hienostunut vaaleansininen s\u00e4vy, joka tuo makuutilaan seesteisen tunnelman. Settiin kuuluu vauvan pussilakana ja tyynyliina koossa 40&#215;60 cm, t\u00e4ydellinen pienelle nukkujalle. Laadukas [&hellip;]<\/p>\n","protected":false},"featured_media":1312,"comment_status":"open","ping_status":"closed","template":"","meta":[],"product_brand":[60],"product_cat":[57],"product_tag":[26],"class_list":{"0":"post-1311","1":"product","2":"type-product","3":"status-publish","4":"has-post-thumbnail","6":"product_brand-under-the-same-moon-home","7":"product_cat-sisustus","8":"product_tag-metsola","10":"first","11":"instock","12":"shipping-taxable","13":"product-type-external"},"_links":{"self":[{"href":"https:\/\/lastenkamari.fi\/index.php?rest_route=\/wp\/v2\/product\/1311","targetHints":{"allow":["GET"]}}],"collection":[{"href":"https:\/\/lastenkamari.fi\/index.php?rest_route=\/wp\/v2\/product"}],"about":[{"href":"https:\/\/lastenkamari.fi\/index.php?rest_route=\/wp\/v2\/types\/product"}],"replies":[{"embeddable":true,"href":"https:\/\/lastenkamari.fi\/index.php?rest_route=%2Fwp%2Fv2%2Fcomments&post=1311"}],"wp:featuredmedia":[{"embeddable":true,"href":"https:\/\/lastenkamari.fi\/index.php?rest_route=\/wp\/v2\/media\/1312"}],"wp:attachment":[{"href":"https:\/\/lastenkamari.fi\/index.php?rest_route=%2Fwp%2Fv2%2Fmedia&parent=1311"}],"wp:term":[{"taxonomy":"product_brand","embeddable":true,"href":"https:\/\/lastenkamari.fi\/index.php?rest_route=%2Fwp%2Fv2%2Fproduct_brand&post=1311"},{"taxonomy":"product_cat","embeddable":true,"href":"https:\/\/lastenkamari.fi\/index.php?rest_route=%2Fwp%2Fv2%2Fproduct_cat&post=1311"},{"taxonomy":"product_tag","embeddable":true,"href":"https:\/\/lastenkamari.fi\/index.php?rest_route=%2Fwp%2Fv2%2Fproduct_tag&post=1311"}],"curies":[{"name":"wp","href":"https:\/\/api.w.org\/{rel}","templated":true}]}}