{"id":1337,"date":"2026-04-28T10:18:15","date_gmt":"2026-04-28T10:18:15","guid":{"rendered":"https:\/\/lastenkamari.fi\/?post_type=product&#038;p=1337"},"modified":"2026-04-28T10:18:15","modified_gmt":"2026-04-28T10:18:15","slug":"bambi-lilac-biker-shortsit-74-80","status":"publish","type":"product","link":"https:\/\/lastenkamari.fi\/?product=bambi-lilac-biker-shortsit-74-80","title":{"rendered":"Bambi Lilac Biker -Shortsit &#8211; 74\/80"},"content":{"rendered":"<p>Rakastettu Henna Adelin Bambi hurmaa nyt lilan s\u00e4vyiss\u00e4 \u2013 herkk\u00e4n\u00e4, satumaisena ja ajattoman kauniina. Bambi Lilac -kuosi on nyt osa Metsola Klassikoita, tuoden ripauksen mets\u00e4n taikaa niin arkeen kuin juhlaan. \u2764\ufe0e<br \/>\nBambi Lilac -lasten biker shortsit on valmistettu luomupuuvillasta. Biker shortsit ovat materiaaliltaan kest\u00e4v\u00e4t, joustavat ja pehmoiset k\u00e4ytt\u00e4j\u00e4ns\u00e4 iholla. N\u00e4m\u00e4 lasten shortsit ovat helppo yhdistell\u00e4 osaksi erilaisia asukokonaisuuksia \ud83d\udc9c<br \/>\nKuosin kohdistus on jokaisessa tuotteessa yksil\u00f6llinen. Mik\u00e4li et ole varma oikeasta koosta, suosittelemme katsomaan apua kokotaulukosta.<\/p>\n","protected":false},"excerpt":{"rendered":"<p>Rakastettu Henna Adelin Bambi hurmaa nyt lilan s\u00e4vyiss\u00e4 \u2013 herkk\u00e4n\u00e4, satumaisena ja ajattoman kauniina. Bambi Lilac -kuosi on nyt osa Metsola Klassikoita, tuoden ripauksen mets\u00e4n taikaa niin arkeen kuin juhlaan. \u2764\ufe0e Bambi Lilac -lasten biker shortsit on valmistettu luomupuuvillasta. Biker shortsit ovat materiaaliltaan kest\u00e4v\u00e4t, joustavat ja pehmoiset k\u00e4ytt\u00e4j\u00e4ns\u00e4 iholla. N\u00e4m\u00e4 [&hellip;]<\/p>\n","protected":false},"featured_media":1338,"comment_status":"open","ping_status":"closed","template":"","meta":[],"product_brand":[39],"product_cat":[40],"product_tag":[26],"class_list":{"0":"post-1337","1":"product","2":"type-product","3":"status-publish","4":"has-post-thumbnail","6":"product_brand-metsola","7":"product_cat-lastenvaatteet","8":"product_tag-metsola","10":"first","11":"instock","12":"shipping-taxable","13":"product-type-external"},"_links":{"self":[{"href":"https:\/\/lastenkamari.fi\/index.php?rest_route=\/wp\/v2\/product\/1337","targetHints":{"allow":["GET"]}}],"collection":[{"href":"https:\/\/lastenkamari.fi\/index.php?rest_route=\/wp\/v2\/product"}],"about":[{"href":"https:\/\/lastenkamari.fi\/index.php?rest_route=\/wp\/v2\/types\/product"}],"replies":[{"embeddable":true,"href":"https:\/\/lastenkamari.fi\/index.php?rest_route=%2Fwp%2Fv2%2Fcomments&post=1337"}],"wp:featuredmedia":[{"embeddable":true,"href":"https:\/\/lastenkamari.fi\/index.php?rest_route=\/wp\/v2\/media\/1338"}],"wp:attachment":[{"href":"https:\/\/lastenkamari.fi\/index.php?rest_route=%2Fwp%2Fv2%2Fmedia&parent=1337"}],"wp:term":[{"taxonomy":"product_brand","embeddable":true,"href":"https:\/\/lastenkamari.fi\/index.php?rest_route=%2Fwp%2Fv2%2Fproduct_brand&post=1337"},{"taxonomy":"product_cat","embeddable":true,"href":"https:\/\/lastenkamari.fi\/index.php?rest_route=%2Fwp%2Fv2%2Fproduct_cat&post=1337"},{"taxonomy":"product_tag","embeddable":true,"href":"https:\/\/lastenkamari.fi\/index.php?rest_route=%2Fwp%2Fv2%2Fproduct_tag&post=1337"}],"curies":[{"name":"wp","href":"https:\/\/api.w.org\/{rel}","templated":true}]}}