{"id":1343,"date":"2026-04-28T10:18:16","date_gmt":"2026-04-28T10:18:16","guid":{"rendered":"https:\/\/lastenkamari.fi\/?post_type=product&#038;p=1343"},"modified":"2026-04-28T10:18:18","modified_gmt":"2026-04-28T10:18:18","slug":"check-terry-shortsit-toffee-74-80","status":"publish","type":"product","link":"https:\/\/lastenkamari.fi\/?product=check-terry-shortsit-toffee-74-80","title":{"rendered":"Check Terry -Shortsit | Toffee &#8211; 74\/80"},"content":{"rendered":"<p>Check Terry -Shortsit v\u00e4riss\u00e4 Toffee ovat rennot ja mukavat lasten shortsit, jotka on valmistettu pehme\u00e4st\u00e4 ruutukuvioisesta Terry-froteesta. El\u00e4v\u00e4pintainen materiaali tuo asuun ihanaa retrohenkist\u00e4 kes\u00e4tunnelmaa. Toffee on l\u00e4mmin kinuskinruskea s\u00e4vy, joka tekee shortseista helposti yhdistelt\u00e4v\u00e4n kes\u00e4vaatteen.<br \/>\nShortsit kuuluvat Metsolan Weekend Vibes -mallistoon, joka huokuu kiireett\u00f6mien viikonloppujen tunnelmaa, aurinkoisia p\u00e4ivi\u00e4 ja huolettomia kes\u00e4hetki\u00e4.<br \/>\nMukava kuminauhavy\u00f6t\u00e4r\u00f6 takaa hyv\u00e4n istuvuuden ja tekee shortseista helppok\u00e4ytt\u00f6iset aktiivisessa arjessa. K\u00e4yt\u00e4nn\u00f6lliset taskut tuovat shortsien ilmeeseen rentoa tyyli\u00e4 ja lis\u00e4\u00e4v\u00e4t k\u00e4ytt\u00f6mukavuutta. Pehme\u00e4 Terry-materiaali tekee shortseista t\u00e4ydelliset kes\u00e4n leikkeihin, retkille ja lomap\u00e4iviin.<br \/>\nMik\u00e4li et ole varma oikeasta koosta, suosittelemme katsomaan apua kokotaulukosta.<\/p>\n","protected":false},"excerpt":{"rendered":"<p>Check Terry -Shortsit v\u00e4riss\u00e4 Toffee ovat rennot ja mukavat lasten shortsit, jotka on valmistettu pehme\u00e4st\u00e4 ruutukuvioisesta Terry-froteesta. El\u00e4v\u00e4pintainen materiaali tuo asuun ihanaa retrohenkist\u00e4 kes\u00e4tunnelmaa. Toffee on l\u00e4mmin kinuskinruskea s\u00e4vy, joka tekee shortseista helposti yhdistelt\u00e4v\u00e4n kes\u00e4vaatteen. Shortsit kuuluvat Metsolan Weekend Vibes -mallistoon, joka huokuu kiireett\u00f6mien viikonloppujen tunnelmaa, aurinkoisia p\u00e4ivi\u00e4 ja huolettomia [&hellip;]<\/p>\n","protected":false},"featured_media":1344,"comment_status":"open","ping_status":"closed","template":"","meta":[],"product_brand":[35],"product_cat":[40],"product_tag":[26],"class_list":{"0":"post-1343","1":"product","2":"type-product","3":"status-publish","4":"has-post-thumbnail","6":"product_brand-weekend-vibes","7":"product_cat-lastenvaatteet","8":"product_tag-metsola","10":"first","11":"instock","12":"shipping-taxable","13":"product-type-external"},"_links":{"self":[{"href":"https:\/\/lastenkamari.fi\/index.php?rest_route=\/wp\/v2\/product\/1343","targetHints":{"allow":["GET"]}}],"collection":[{"href":"https:\/\/lastenkamari.fi\/index.php?rest_route=\/wp\/v2\/product"}],"about":[{"href":"https:\/\/lastenkamari.fi\/index.php?rest_route=\/wp\/v2\/types\/product"}],"replies":[{"embeddable":true,"href":"https:\/\/lastenkamari.fi\/index.php?rest_route=%2Fwp%2Fv2%2Fcomments&post=1343"}],"wp:featuredmedia":[{"embeddable":true,"href":"https:\/\/lastenkamari.fi\/index.php?rest_route=\/wp\/v2\/media\/1344"}],"wp:attachment":[{"href":"https:\/\/lastenkamari.fi\/index.php?rest_route=%2Fwp%2Fv2%2Fmedia&parent=1343"}],"wp:term":[{"taxonomy":"product_brand","embeddable":true,"href":"https:\/\/lastenkamari.fi\/index.php?rest_route=%2Fwp%2Fv2%2Fproduct_brand&post=1343"},{"taxonomy":"product_cat","embeddable":true,"href":"https:\/\/lastenkamari.fi\/index.php?rest_route=%2Fwp%2Fv2%2Fproduct_cat&post=1343"},{"taxonomy":"product_tag","embeddable":true,"href":"https:\/\/lastenkamari.fi\/index.php?rest_route=%2Fwp%2Fv2%2Fproduct_tag&post=1343"}],"curies":[{"name":"wp","href":"https:\/\/api.w.org\/{rel}","templated":true}]}}