{"id":1359,"date":"2026-04-28T10:18:22","date_gmt":"2026-04-28T10:18:22","guid":{"rendered":"https:\/\/lastenkamari.fi\/?post_type=product&#038;p=1359"},"modified":"2026-04-28T10:18:22","modified_gmt":"2026-04-28T10:18:22","slug":"merino-fleece-merinovillatakki-cloudy-sky-74-80","status":"publish","type":"product","link":"https:\/\/lastenkamari.fi\/?product=merino-fleece-merinovillatakki-cloudy-sky-74-80","title":{"rendered":"Merino Fleece -Merinovillatakki | Cloudy Sky &#8211; 74\/80"},"content":{"rendered":"<p>Lasten fleece-merinovillatakki on valmistettu eritt\u00e4in pehme\u00e4st\u00e4 ja laadukkaasta mulesing-vapaasta merinovillasta. Takin sis\u00e4pinta on ihanan pehmoista merinovilla-fleece\u00e4 ja siin\u00e4 on vetoketju edess\u00e4. Ihana taivaan sinisen s\u00e4vyinen villatakki hurmaa jokaisen!<br \/>\nMerinovilla on kevyt ja miellytt\u00e4v\u00e4n tuntuinen materiaali, ja erinomainen valinta viileneviin s\u00e4ihin. Takki sopii k\u00e4ytett\u00e4v\u00e4ksi toppavaatteiden alle tai esimerkiksi kevyemp\u00e4n\u00e4 takkina sellaisenaan.<br \/>\nMerinovillamallistomme koostuu syksyyn ja talveen loistavasti sopivista kausis\u00e4vyst\u00e4 sek\u00e4 useista eri pipo- ja huivimalleista sek\u00e4 merinovilla vaatteista.<\/p>\n","protected":false},"excerpt":{"rendered":"<p>Lasten fleece-merinovillatakki on valmistettu eritt\u00e4in pehme\u00e4st\u00e4 ja laadukkaasta mulesing-vapaasta merinovillasta. Takin sis\u00e4pinta on ihanan pehmoista merinovilla-fleece\u00e4 ja siin\u00e4 on vetoketju edess\u00e4. Ihana taivaan sinisen s\u00e4vyinen villatakki hurmaa jokaisen! Merinovilla on kevyt ja miellytt\u00e4v\u00e4n tuntuinen materiaali, ja erinomainen valinta viileneviin s\u00e4ihin. Takki sopii k\u00e4ytett\u00e4v\u00e4ksi toppavaatteiden alle tai esimerkiksi kevyemp\u00e4n\u00e4 takkina sellaisenaan. [&hellip;]<\/p>\n","protected":false},"featured_media":1360,"comment_status":"open","ping_status":"closed","template":"","meta":[],"product_brand":[53],"product_cat":[40],"product_tag":[26],"class_list":{"0":"post-1359","1":"product","2":"type-product","3":"status-publish","4":"has-post-thumbnail","6":"product_brand-little-things-in-life","7":"product_cat-lastenvaatteet","8":"product_tag-metsola","10":"first","11":"instock","12":"shipping-taxable","13":"product-type-external"},"_links":{"self":[{"href":"https:\/\/lastenkamari.fi\/index.php?rest_route=\/wp\/v2\/product\/1359","targetHints":{"allow":["GET"]}}],"collection":[{"href":"https:\/\/lastenkamari.fi\/index.php?rest_route=\/wp\/v2\/product"}],"about":[{"href":"https:\/\/lastenkamari.fi\/index.php?rest_route=\/wp\/v2\/types\/product"}],"replies":[{"embeddable":true,"href":"https:\/\/lastenkamari.fi\/index.php?rest_route=%2Fwp%2Fv2%2Fcomments&post=1359"}],"wp:featuredmedia":[{"embeddable":true,"href":"https:\/\/lastenkamari.fi\/index.php?rest_route=\/wp\/v2\/media\/1360"}],"wp:attachment":[{"href":"https:\/\/lastenkamari.fi\/index.php?rest_route=%2Fwp%2Fv2%2Fmedia&parent=1359"}],"wp:term":[{"taxonomy":"product_brand","embeddable":true,"href":"https:\/\/lastenkamari.fi\/index.php?rest_route=%2Fwp%2Fv2%2Fproduct_brand&post=1359"},{"taxonomy":"product_cat","embeddable":true,"href":"https:\/\/lastenkamari.fi\/index.php?rest_route=%2Fwp%2Fv2%2Fproduct_cat&post=1359"},{"taxonomy":"product_tag","embeddable":true,"href":"https:\/\/lastenkamari.fi\/index.php?rest_route=%2Fwp%2Fv2%2Fproduct_tag&post=1359"}],"curies":[{"name":"wp","href":"https:\/\/api.w.org\/{rel}","templated":true}]}}