{"id":1369,"date":"2026-04-28T10:18:26","date_gmt":"2026-04-28T10:18:26","guid":{"rendered":"https:\/\/lastenkamari.fi\/?post_type=product&#038;p=1369"},"modified":"2026-04-28T10:18:27","modified_gmt":"2026-04-28T10:18:27","slug":"pupu-torkkupeitto-pink-rose-natural-white","status":"publish","type":"product","link":"https:\/\/lastenkamari.fi\/?product=pupu-torkkupeitto-pink-rose-natural-white","title":{"rendered":"Pupu-Torkkupeitto | Pink Rose \/ Natural White"},"content":{"rendered":"<p>Upeasti kudottu, neulemainen ja puuvillasta valmistettu, torkkupeitto rakastetulla Henna Adelin Pupu-kuosilla! \u2764\ufe0e Vaalenpunainen\/luonnonvalkoinen torkkupeitto on kudottu jacquard-kudontatekniikalla.<br \/>\nTorkkupeitto on loistava lis\u00e4 lastenhuoneen sisustukseen tai vaikka vaunuihin lapselle mukaan. Huopa on saatavilla kolmessa eri s\u00e4vyss\u00e4 &#8211; sek\u00e4 yhdell\u00e4 pupulla ett\u00e4 useammalla.<br \/>\nTorkkupeitto on osa Anno x Metsola yhteisty\u00f6mallistoa.<br \/>\nPeiton mitat: 70x100cm.<\/p>\n","protected":false},"excerpt":{"rendered":"<p>Upeasti kudottu, neulemainen ja puuvillasta valmistettu, torkkupeitto rakastetulla Henna Adelin Pupu-kuosilla! \u2764\ufe0e Vaalenpunainen\/luonnonvalkoinen torkkupeitto on kudottu jacquard-kudontatekniikalla. Torkkupeitto on loistava lis\u00e4 lastenhuoneen sisustukseen tai vaikka vaunuihin lapselle mukaan. Huopa on saatavilla kolmessa eri s\u00e4vyss\u00e4 &#8211; sek\u00e4 yhdell\u00e4 pupulla ett\u00e4 useammalla. Torkkupeitto on osa Anno x Metsola yhteisty\u00f6mallistoa. Peiton mitat: 70x100cm.<\/p>\n","protected":false},"featured_media":1370,"comment_status":"open","ping_status":"closed","template":"","meta":[],"product_brand":[58],"product_cat":[57],"product_tag":[26],"class_list":{"0":"post-1369","1":"product","2":"type-product","3":"status-publish","4":"has-post-thumbnail","6":"product_brand-anno-x-metsola","7":"product_cat-sisustus","8":"product_tag-metsola","10":"first","11":"instock","12":"shipping-taxable","13":"product-type-external"},"_links":{"self":[{"href":"https:\/\/lastenkamari.fi\/index.php?rest_route=\/wp\/v2\/product\/1369","targetHints":{"allow":["GET"]}}],"collection":[{"href":"https:\/\/lastenkamari.fi\/index.php?rest_route=\/wp\/v2\/product"}],"about":[{"href":"https:\/\/lastenkamari.fi\/index.php?rest_route=\/wp\/v2\/types\/product"}],"replies":[{"embeddable":true,"href":"https:\/\/lastenkamari.fi\/index.php?rest_route=%2Fwp%2Fv2%2Fcomments&post=1369"}],"wp:featuredmedia":[{"embeddable":true,"href":"https:\/\/lastenkamari.fi\/index.php?rest_route=\/wp\/v2\/media\/1370"}],"wp:attachment":[{"href":"https:\/\/lastenkamari.fi\/index.php?rest_route=%2Fwp%2Fv2%2Fmedia&parent=1369"}],"wp:term":[{"taxonomy":"product_brand","embeddable":true,"href":"https:\/\/lastenkamari.fi\/index.php?rest_route=%2Fwp%2Fv2%2Fproduct_brand&post=1369"},{"taxonomy":"product_cat","embeddable":true,"href":"https:\/\/lastenkamari.fi\/index.php?rest_route=%2Fwp%2Fv2%2Fproduct_cat&post=1369"},{"taxonomy":"product_tag","embeddable":true,"href":"https:\/\/lastenkamari.fi\/index.php?rest_route=%2Fwp%2Fv2%2Fproduct_tag&post=1369"}],"curies":[{"name":"wp","href":"https:\/\/api.w.org\/{rel}","templated":true}]}}