{"id":139,"date":"2026-04-28T10:11:38","date_gmt":"2026-04-28T10:11:38","guid":{"rendered":"https:\/\/lastenkamari.fi\/?post_type=product&#038;p=139"},"modified":"2026-04-28T10:11:39","modified_gmt":"2026-04-28T10:11:39","slug":"bell-sleeve-tunic-dress-mekko-love-storm-xs","status":"publish","type":"product","link":"https:\/\/lastenkamari.fi\/?product=bell-sleeve-tunic-dress-mekko-love-storm-xs","title":{"rendered":"Bell Sleeve Tunic Dress -Mekko | Love Storm &#8211; XS"},"content":{"rendered":"<p>Bell Sleeve Tunic Dress -Mekko yhdist\u00e4\u00e4 graafisen ilmeen ja kevyen siluetin n\u00e4ytt\u00e4v\u00e4ksi kokonaisuudeksi. Mekkoa koristaa More Love -malliston Love Storm -kuosi &#8211; Cynthia de Vitin moderni piirros, joka tuo mieleen kukkakuosin ja el\u00e4inkuosin yhdistelm\u00e4n hieman ys\u00e4ri hengess\u00e4.<br \/>\nViskoosikangas laskeutuu pehme\u00e4sti, ja n\u00e4ytt\u00e4v\u00e4t kellohihat lis\u00e4\u00e4v\u00e4t ilmeeseen liikett\u00e4 ja naisellista muotoa. V\u00e4lj\u00e4 leikkaus tekee mekosta mukavan k\u00e4ytt\u00e4\u00e4, ja sivusaumoista l\u00f6ytyv\u00e4t taskut tuovat arjen tarpeisiin toimivuutta. Helppo valinta niin siistiin arkipukeutumiseen kuin juhlavampaan menoon.<br \/>\nKuosin kohdistus on jokaisessa tuotteessa yksil\u00f6llinen. Mik\u00e4li et ole varma oikeasta koosta, suosittelemme katsomaan apua kokotaulukosta.<\/p>\n","protected":false},"excerpt":{"rendered":"<p>Bell Sleeve Tunic Dress -Mekko yhdist\u00e4\u00e4 graafisen ilmeen ja kevyen siluetin n\u00e4ytt\u00e4v\u00e4ksi kokonaisuudeksi. Mekkoa koristaa More Love -malliston Love Storm -kuosi &#8211; Cynthia de Vitin moderni piirros, joka tuo mieleen kukkakuosin ja el\u00e4inkuosin yhdistelm\u00e4n hieman ys\u00e4ri hengess\u00e4. Viskoosikangas laskeutuu pehme\u00e4sti, ja n\u00e4ytt\u00e4v\u00e4t kellohihat lis\u00e4\u00e4v\u00e4t ilmeeseen liikett\u00e4 ja naisellista muotoa. V\u00e4lj\u00e4 [&hellip;]<\/p>\n","protected":false},"featured_media":140,"comment_status":"open","ping_status":"closed","template":"","meta":[],"product_brand":[29],"product_cat":[25],"product_tag":[26],"class_list":{"0":"post-139","1":"product","2":"type-product","3":"status-publish","4":"has-post-thumbnail","6":"product_brand-more-love","7":"product_cat-aikuisten-vaatteet","8":"product_tag-metsola","10":"first","11":"instock","12":"shipping-taxable","13":"product-type-external"},"_links":{"self":[{"href":"https:\/\/lastenkamari.fi\/index.php?rest_route=\/wp\/v2\/product\/139","targetHints":{"allow":["GET"]}}],"collection":[{"href":"https:\/\/lastenkamari.fi\/index.php?rest_route=\/wp\/v2\/product"}],"about":[{"href":"https:\/\/lastenkamari.fi\/index.php?rest_route=\/wp\/v2\/types\/product"}],"replies":[{"embeddable":true,"href":"https:\/\/lastenkamari.fi\/index.php?rest_route=%2Fwp%2Fv2%2Fcomments&post=139"}],"wp:featuredmedia":[{"embeddable":true,"href":"https:\/\/lastenkamari.fi\/index.php?rest_route=\/wp\/v2\/media\/140"}],"wp:attachment":[{"href":"https:\/\/lastenkamari.fi\/index.php?rest_route=%2Fwp%2Fv2%2Fmedia&parent=139"}],"wp:term":[{"taxonomy":"product_brand","embeddable":true,"href":"https:\/\/lastenkamari.fi\/index.php?rest_route=%2Fwp%2Fv2%2Fproduct_brand&post=139"},{"taxonomy":"product_cat","embeddable":true,"href":"https:\/\/lastenkamari.fi\/index.php?rest_route=%2Fwp%2Fv2%2Fproduct_cat&post=139"},{"taxonomy":"product_tag","embeddable":true,"href":"https:\/\/lastenkamari.fi\/index.php?rest_route=%2Fwp%2Fv2%2Fproduct_tag&post=139"}],"curies":[{"name":"wp","href":"https:\/\/api.w.org\/{rel}","templated":true}]}}