{"id":1397,"date":"2026-04-28T10:18:39","date_gmt":"2026-04-28T10:18:39","guid":{"rendered":"https:\/\/lastenkamari.fi\/?post_type=product&#038;p=1397"},"modified":"2026-04-28T10:18:40","modified_gmt":"2026-04-28T10:18:40","slug":"fox-green-yomekko-74-80","status":"publish","type":"product","link":"https:\/\/lastenkamari.fi\/?product=fox-green-yomekko-74-80","title":{"rendered":"Fox Green -Y\u00f6mekko &#8211; 74\/80"},"content":{"rendered":"<p>Lasten y\u00f6mekko ihastuttavalla Henna Adelin suunnittelemalla Fox-kuosilla\ud83d\udda4<br \/>\nIhana y\u00f6mekko valmistettu kevyest\u00e4 ja pehme\u00e4st\u00e4 luomupuuvillatrikoosta, joka tuntuu miellytt\u00e4v\u00e4lt\u00e4 ihoa vasten.<br \/>\nT\u00e4ss\u00e4 suloisessa Fox Green -y\u00f6mekossa viihtyy jokainen lapsi. \ud83d\udda4<br \/>\nKuosin kohdistus on jokaisessa tuotteessa yksil\u00f6llinen. Mik\u00e4li et ole varma oikeasta koosta, suosittelemme katsomaan apua mittataulukostamme.<\/p>\n","protected":false},"excerpt":{"rendered":"<p>Lasten y\u00f6mekko ihastuttavalla Henna Adelin suunnittelemalla Fox-kuosilla\ud83d\udda4 Ihana y\u00f6mekko valmistettu kevyest\u00e4 ja pehme\u00e4st\u00e4 luomupuuvillatrikoosta, joka tuntuu miellytt\u00e4v\u00e4lt\u00e4 ihoa vasten. T\u00e4ss\u00e4 suloisessa Fox Green -y\u00f6mekossa viihtyy jokainen lapsi. \ud83d\udda4 Kuosin kohdistus on jokaisessa tuotteessa yksil\u00f6llinen. Mik\u00e4li et ole varma oikeasta koosta, suosittelemme katsomaan apua mittataulukostamme.<\/p>\n","protected":false},"featured_media":1398,"comment_status":"open","ping_status":"closed","template":"","meta":[],"product_brand":[39],"product_cat":[40],"product_tag":[26],"class_list":{"0":"post-1397","1":"product","2":"type-product","3":"status-publish","4":"has-post-thumbnail","6":"product_brand-metsola","7":"product_cat-lastenvaatteet","8":"product_tag-metsola","10":"first","11":"instock","12":"shipping-taxable","13":"product-type-external"},"_links":{"self":[{"href":"https:\/\/lastenkamari.fi\/index.php?rest_route=\/wp\/v2\/product\/1397","targetHints":{"allow":["GET"]}}],"collection":[{"href":"https:\/\/lastenkamari.fi\/index.php?rest_route=\/wp\/v2\/product"}],"about":[{"href":"https:\/\/lastenkamari.fi\/index.php?rest_route=\/wp\/v2\/types\/product"}],"replies":[{"embeddable":true,"href":"https:\/\/lastenkamari.fi\/index.php?rest_route=%2Fwp%2Fv2%2Fcomments&post=1397"}],"wp:featuredmedia":[{"embeddable":true,"href":"https:\/\/lastenkamari.fi\/index.php?rest_route=\/wp\/v2\/media\/1398"}],"wp:attachment":[{"href":"https:\/\/lastenkamari.fi\/index.php?rest_route=%2Fwp%2Fv2%2Fmedia&parent=1397"}],"wp:term":[{"taxonomy":"product_brand","embeddable":true,"href":"https:\/\/lastenkamari.fi\/index.php?rest_route=%2Fwp%2Fv2%2Fproduct_brand&post=1397"},{"taxonomy":"product_cat","embeddable":true,"href":"https:\/\/lastenkamari.fi\/index.php?rest_route=%2Fwp%2Fv2%2Fproduct_cat&post=1397"},{"taxonomy":"product_tag","embeddable":true,"href":"https:\/\/lastenkamari.fi\/index.php?rest_route=%2Fwp%2Fv2%2Fproduct_tag&post=1397"}],"curies":[{"name":"wp","href":"https:\/\/api.w.org\/{rel}","templated":true}]}}