{"id":1407,"date":"2026-04-28T10:18:42","date_gmt":"2026-04-28T10:18:42","guid":{"rendered":"https:\/\/lastenkamari.fi\/?post_type=product&#038;p=1407"},"modified":"2026-04-28T10:18:42","modified_gmt":"2026-04-28T10:18:42","slug":"bear-yopuku-hazelnut-62-68","status":"publish","type":"product","link":"https:\/\/lastenkamari.fi\/?product=bear-yopuku-hazelnut-62-68","title":{"rendered":"Bear -Y\u00f6puku | Hazelnut &#8211; 62\/68"},"content":{"rendered":"<p>Bear -Y\u00f6puku v\u00e4riss\u00e4 Hazelnut on suloinen ja k\u00e4yt\u00e4nn\u00f6llinen uniasu vauvoille ja pienille lapsille. Pitk\u00e4 vetoketju tekee pukemisesta ja vaipanvaihdosta sujuvaa, ja pehme\u00e4 luomupuuvillatrikoo hellii herkk\u00e4\u00e4 ihoa. Y\u00f6puku on osa Metsolan tunnelmallista Under the Same Moon -mallistoa, jossa jokainen yksityiskohta kertoo yhteisist\u00e4 hetkist\u00e4 ja arjen taikavoimasta.<br \/>\nKarhukuosissa seikkailevat uteliaat nallehahmot l\u00e4mpim\u00e4n p\u00e4hkin\u00e4nruskealla Hazelnut-pohjalla. S\u00e4vy huokuu maanl\u00e4heisyytt\u00e4 ja rauhaa \u2013 t\u00e4ydellinen tausta talvi\u00f6iden satumaailmalle. Y\u00f6puku on mukava, hengitt\u00e4v\u00e4 ja kaunis valinta perheen pienimm\u00e4n iltahetkiin. Sopii vaikka lahjaksi \ud83d\udc3b<\/p>\n","protected":false},"excerpt":{"rendered":"<p>Bear -Y\u00f6puku v\u00e4riss\u00e4 Hazelnut on suloinen ja k\u00e4yt\u00e4nn\u00f6llinen uniasu vauvoille ja pienille lapsille. Pitk\u00e4 vetoketju tekee pukemisesta ja vaipanvaihdosta sujuvaa, ja pehme\u00e4 luomupuuvillatrikoo hellii herkk\u00e4\u00e4 ihoa. Y\u00f6puku on osa Metsolan tunnelmallista Under the Same Moon -mallistoa, jossa jokainen yksityiskohta kertoo yhteisist\u00e4 hetkist\u00e4 ja arjen taikavoimasta. Karhukuosissa seikkailevat uteliaat nallehahmot l\u00e4mpim\u00e4n [&hellip;]<\/p>\n","protected":false},"featured_media":1408,"comment_status":"open","ping_status":"closed","template":"","meta":[],"product_brand":[60],"product_cat":[40],"product_tag":[26],"class_list":{"0":"post-1407","1":"product","2":"type-product","3":"status-publish","4":"has-post-thumbnail","6":"product_brand-under-the-same-moon-home","7":"product_cat-lastenvaatteet","8":"product_tag-metsola","10":"first","11":"instock","12":"shipping-taxable","13":"product-type-external"},"_links":{"self":[{"href":"https:\/\/lastenkamari.fi\/index.php?rest_route=\/wp\/v2\/product\/1407","targetHints":{"allow":["GET"]}}],"collection":[{"href":"https:\/\/lastenkamari.fi\/index.php?rest_route=\/wp\/v2\/product"}],"about":[{"href":"https:\/\/lastenkamari.fi\/index.php?rest_route=\/wp\/v2\/types\/product"}],"replies":[{"embeddable":true,"href":"https:\/\/lastenkamari.fi\/index.php?rest_route=%2Fwp%2Fv2%2Fcomments&post=1407"}],"wp:featuredmedia":[{"embeddable":true,"href":"https:\/\/lastenkamari.fi\/index.php?rest_route=\/wp\/v2\/media\/1408"}],"wp:attachment":[{"href":"https:\/\/lastenkamari.fi\/index.php?rest_route=%2Fwp%2Fv2%2Fmedia&parent=1407"}],"wp:term":[{"taxonomy":"product_brand","embeddable":true,"href":"https:\/\/lastenkamari.fi\/index.php?rest_route=%2Fwp%2Fv2%2Fproduct_brand&post=1407"},{"taxonomy":"product_cat","embeddable":true,"href":"https:\/\/lastenkamari.fi\/index.php?rest_route=%2Fwp%2Fv2%2Fproduct_cat&post=1407"},{"taxonomy":"product_tag","embeddable":true,"href":"https:\/\/lastenkamari.fi\/index.php?rest_route=%2Fwp%2Fv2%2Fproduct_tag&post=1407"}],"curies":[{"name":"wp","href":"https:\/\/api.w.org\/{rel}","templated":true}]}}