{"id":1409,"date":"2026-04-28T10:18:42","date_gmt":"2026-04-28T10:18:42","guid":{"rendered":"https:\/\/lastenkamari.fi\/?post_type=product&#038;p=1409"},"modified":"2026-04-28T10:18:43","modified_gmt":"2026-04-28T10:18:43","slug":"bear-pyjama-hazelnut-74-80","status":"publish","type":"product","link":"https:\/\/lastenkamari.fi\/?product=bear-pyjama-hazelnut-74-80","title":{"rendered":"Bear -Pyjama | Hazelnut &#8211; 74\/80"},"content":{"rendered":"<p>Bear -Pyjama v\u00e4riss\u00e4 Hazelnut on l\u00e4mminhenkinen uniasu, jossa yhdistyv\u00e4t leikkisyys, k\u00e4yt\u00e4nn\u00f6llisyys ja luonnollinen v\u00e4rimaailma. T\u00e4ss\u00e4 pyjamassa pieni seikkailija voi rauhoittua p\u00e4iv\u00e4n touhuista ja k\u00e4perty\u00e4 iltasatuihin mets\u00e4n tunnelmassa. Pyjama on osa Metsolan ihastuttavaa Under the Same Moon -mallistoa, jossa tarinat ja tunnelmat yhdistyv\u00e4t pehmeisiin materiaaleihin.<br \/>\nKuosissa suloiset karhut kurkkivat uteliaina pehme\u00e4n p\u00e4hkin\u00e4isell\u00e4 pohjalla, ja kokonaisuus henkii luonnonl\u00e4heist\u00e4 estetiikkaa. Valmistettu joustavasta ja hengitt\u00e4v\u00e4st\u00e4 luomupuuvillatrikoosta, joka tuntuu miellytt\u00e4v\u00e4lt\u00e4 ihoa vasten. Pyjama on t\u00e4ydellinen valinta talvi\u00f6ihin &#8211; l\u00e4mmin, kaunis ja juuri sopivan leikkis\u00e4.<\/p>\n","protected":false},"excerpt":{"rendered":"<p>Bear -Pyjama v\u00e4riss\u00e4 Hazelnut on l\u00e4mminhenkinen uniasu, jossa yhdistyv\u00e4t leikkisyys, k\u00e4yt\u00e4nn\u00f6llisyys ja luonnollinen v\u00e4rimaailma. T\u00e4ss\u00e4 pyjamassa pieni seikkailija voi rauhoittua p\u00e4iv\u00e4n touhuista ja k\u00e4perty\u00e4 iltasatuihin mets\u00e4n tunnelmassa. Pyjama on osa Metsolan ihastuttavaa Under the Same Moon -mallistoa, jossa tarinat ja tunnelmat yhdistyv\u00e4t pehmeisiin materiaaleihin. Kuosissa suloiset karhut kurkkivat uteliaina pehme\u00e4n [&hellip;]<\/p>\n","protected":false},"featured_media":1410,"comment_status":"open","ping_status":"closed","template":"","meta":[],"product_brand":[60],"product_cat":[40],"product_tag":[26],"class_list":{"0":"post-1409","1":"product","2":"type-product","3":"status-publish","4":"has-post-thumbnail","6":"product_brand-under-the-same-moon-home","7":"product_cat-lastenvaatteet","8":"product_tag-metsola","10":"first","11":"instock","12":"shipping-taxable","13":"product-type-external"},"_links":{"self":[{"href":"https:\/\/lastenkamari.fi\/index.php?rest_route=\/wp\/v2\/product\/1409","targetHints":{"allow":["GET"]}}],"collection":[{"href":"https:\/\/lastenkamari.fi\/index.php?rest_route=\/wp\/v2\/product"}],"about":[{"href":"https:\/\/lastenkamari.fi\/index.php?rest_route=\/wp\/v2\/types\/product"}],"replies":[{"embeddable":true,"href":"https:\/\/lastenkamari.fi\/index.php?rest_route=%2Fwp%2Fv2%2Fcomments&post=1409"}],"wp:featuredmedia":[{"embeddable":true,"href":"https:\/\/lastenkamari.fi\/index.php?rest_route=\/wp\/v2\/media\/1410"}],"wp:attachment":[{"href":"https:\/\/lastenkamari.fi\/index.php?rest_route=%2Fwp%2Fv2%2Fmedia&parent=1409"}],"wp:term":[{"taxonomy":"product_brand","embeddable":true,"href":"https:\/\/lastenkamari.fi\/index.php?rest_route=%2Fwp%2Fv2%2Fproduct_brand&post=1409"},{"taxonomy":"product_cat","embeddable":true,"href":"https:\/\/lastenkamari.fi\/index.php?rest_route=%2Fwp%2Fv2%2Fproduct_cat&post=1409"},{"taxonomy":"product_tag","embeddable":true,"href":"https:\/\/lastenkamari.fi\/index.php?rest_route=%2Fwp%2Fv2%2Fproduct_tag&post=1409"}],"curies":[{"name":"wp","href":"https:\/\/api.w.org\/{rel}","templated":true}]}}