{"id":1413,"date":"2026-04-28T10:18:44","date_gmt":"2026-04-28T10:18:44","guid":{"rendered":"https:\/\/lastenkamari.fi\/?post_type=product&#038;p=1413"},"modified":"2026-04-28T10:18:44","modified_gmt":"2026-04-28T10:18:44","slug":"whispers-yopuku-vanilla-50-56","status":"publish","type":"product","link":"https:\/\/lastenkamari.fi\/?product=whispers-yopuku-vanilla-50-56","title":{"rendered":"Whispers -Y\u00f6puku | Vanilla &#8211; 50\/56"},"content":{"rendered":"<p>Whispers -Y\u00f6puku on suloinen ja k\u00e4yt\u00e4nn\u00f6llinen uniasu vauvoille ja pienille lapsille. Pitk\u00e4 vetoketju helpottaa pukemista ja vaipanvaihtoa, ja pehme\u00e4 luomupuuvillatrikoo tuntuu miellytt\u00e4v\u00e4lt\u00e4 herkk\u00e4\u00e4 ihoa vasten. Y\u00f6puku on osa tunnelmallista Under the Same Moon -mallistoa, jossa arjen hetket saavat ripauksen satua ja rauhaa.<br \/>\nHenna Adelin suunnittelema Whispers-kuosi hurmaa kermanvaalealla pohjalla ja hienovaraisilla kukkakuvioilla. Se luo lempe\u00e4n, tytt\u00f6m\u00e4isen ilmeen, joka sopii t\u00e4ydellisesti iltapesun j\u00e4lkeisiin halihetkiin ja rauhallisiin uniin. T\u00e4m\u00e4 y\u00f6puku on ihana valinta joulun aikaan ja sen j\u00e4lkeenkin.<\/p>\n","protected":false},"excerpt":{"rendered":"<p>Whispers -Y\u00f6puku on suloinen ja k\u00e4yt\u00e4nn\u00f6llinen uniasu vauvoille ja pienille lapsille. Pitk\u00e4 vetoketju helpottaa pukemista ja vaipanvaihtoa, ja pehme\u00e4 luomupuuvillatrikoo tuntuu miellytt\u00e4v\u00e4lt\u00e4 herkk\u00e4\u00e4 ihoa vasten. Y\u00f6puku on osa tunnelmallista Under the Same Moon -mallistoa, jossa arjen hetket saavat ripauksen satua ja rauhaa. Henna Adelin suunnittelema Whispers-kuosi hurmaa kermanvaalealla pohjalla ja [&hellip;]<\/p>\n","protected":false},"featured_media":1414,"comment_status":"open","ping_status":"closed","template":"","meta":[],"product_brand":[60],"product_cat":[40],"product_tag":[26],"class_list":{"0":"post-1413","1":"product","2":"type-product","3":"status-publish","4":"has-post-thumbnail","6":"product_brand-under-the-same-moon-home","7":"product_cat-lastenvaatteet","8":"product_tag-metsola","10":"first","11":"instock","12":"shipping-taxable","13":"product-type-external"},"_links":{"self":[{"href":"https:\/\/lastenkamari.fi\/index.php?rest_route=\/wp\/v2\/product\/1413","targetHints":{"allow":["GET"]}}],"collection":[{"href":"https:\/\/lastenkamari.fi\/index.php?rest_route=\/wp\/v2\/product"}],"about":[{"href":"https:\/\/lastenkamari.fi\/index.php?rest_route=\/wp\/v2\/types\/product"}],"replies":[{"embeddable":true,"href":"https:\/\/lastenkamari.fi\/index.php?rest_route=%2Fwp%2Fv2%2Fcomments&post=1413"}],"wp:featuredmedia":[{"embeddable":true,"href":"https:\/\/lastenkamari.fi\/index.php?rest_route=\/wp\/v2\/media\/1414"}],"wp:attachment":[{"href":"https:\/\/lastenkamari.fi\/index.php?rest_route=%2Fwp%2Fv2%2Fmedia&parent=1413"}],"wp:term":[{"taxonomy":"product_brand","embeddable":true,"href":"https:\/\/lastenkamari.fi\/index.php?rest_route=%2Fwp%2Fv2%2Fproduct_brand&post=1413"},{"taxonomy":"product_cat","embeddable":true,"href":"https:\/\/lastenkamari.fi\/index.php?rest_route=%2Fwp%2Fv2%2Fproduct_cat&post=1413"},{"taxonomy":"product_tag","embeddable":true,"href":"https:\/\/lastenkamari.fi\/index.php?rest_route=%2Fwp%2Fv2%2Fproduct_tag&post=1413"}],"curies":[{"name":"wp","href":"https:\/\/api.w.org\/{rel}","templated":true}]}}