{"id":1415,"date":"2026-04-28T10:18:44","date_gmt":"2026-04-28T10:18:44","guid":{"rendered":"https:\/\/lastenkamari.fi\/?post_type=product&#038;p=1415"},"modified":"2026-04-28T10:18:45","modified_gmt":"2026-04-28T10:18:45","slug":"whispers-pyjama-vanilla-74-80","status":"publish","type":"product","link":"https:\/\/lastenkamari.fi\/?product=whispers-pyjama-vanilla-74-80","title":{"rendered":"Whispers -Pyjama | Vanilla &#8211; 74\/80"},"content":{"rendered":"<p>Whispers -Pyjama kietoo pienen k\u00e4ytt\u00e4j\u00e4ns\u00e4 pehmeyteen ja kukkien keveyteen. T\u00e4ss\u00e4 pyjamassa yhdistyv\u00e4t herkk\u00e4 estetiikka ja k\u00e4yt\u00e4nn\u00f6llinen mukavuus \u2013 t\u00e4ydellinen valinta rauhallisiin iltahetkiin ja suloisiin uniin. Pyjama on osa Metsolan tunnelmallista Under the Same Moon -mallistoa, jossa jaetut unelmat ja yhdess\u00e4 vietetyt hetket saavat arvoisensa asun.<br \/>\nHenna Adelin suunnittelema Whispers-kuosi hurmaa vaalealla pohjallaan ja hennosti piirtyvill\u00e4 kukilla, jotka luovat romanttisen ja tytt\u00f6m\u00e4isen ilmeen. Lasten pyjama on valmistettu laadukkaasta luomupuuvillatrikoosta, joka hengitt\u00e4\u00e4 ja tuntuu miellytt\u00e4v\u00e4lt\u00e4 ihoa vasten, juuri niin kuin lasten y\u00f6asuilta toivotaan.<br \/>\nSaatavilla monessa koossa aina taaperoista isompiin lapsiin. Whispers -pyjama on kaunis, ajaton ja herkk\u00e4 &#8211; kuin talvi-illan hiljainen toive.<\/p>\n","protected":false},"excerpt":{"rendered":"<p>Whispers -Pyjama kietoo pienen k\u00e4ytt\u00e4j\u00e4ns\u00e4 pehmeyteen ja kukkien keveyteen. T\u00e4ss\u00e4 pyjamassa yhdistyv\u00e4t herkk\u00e4 estetiikka ja k\u00e4yt\u00e4nn\u00f6llinen mukavuus \u2013 t\u00e4ydellinen valinta rauhallisiin iltahetkiin ja suloisiin uniin. Pyjama on osa Metsolan tunnelmallista Under the Same Moon -mallistoa, jossa jaetut unelmat ja yhdess\u00e4 vietetyt hetket saavat arvoisensa asun. Henna Adelin suunnittelema Whispers-kuosi hurmaa [&hellip;]<\/p>\n","protected":false},"featured_media":1416,"comment_status":"open","ping_status":"closed","template":"","meta":[],"product_brand":[60],"product_cat":[40],"product_tag":[26],"class_list":{"0":"post-1415","1":"product","2":"type-product","3":"status-publish","4":"has-post-thumbnail","6":"product_brand-under-the-same-moon-home","7":"product_cat-lastenvaatteet","8":"product_tag-metsola","10":"first","11":"instock","12":"shipping-taxable","13":"product-type-external"},"_links":{"self":[{"href":"https:\/\/lastenkamari.fi\/index.php?rest_route=\/wp\/v2\/product\/1415","targetHints":{"allow":["GET"]}}],"collection":[{"href":"https:\/\/lastenkamari.fi\/index.php?rest_route=\/wp\/v2\/product"}],"about":[{"href":"https:\/\/lastenkamari.fi\/index.php?rest_route=\/wp\/v2\/types\/product"}],"replies":[{"embeddable":true,"href":"https:\/\/lastenkamari.fi\/index.php?rest_route=%2Fwp%2Fv2%2Fcomments&post=1415"}],"wp:featuredmedia":[{"embeddable":true,"href":"https:\/\/lastenkamari.fi\/index.php?rest_route=\/wp\/v2\/media\/1416"}],"wp:attachment":[{"href":"https:\/\/lastenkamari.fi\/index.php?rest_route=%2Fwp%2Fv2%2Fmedia&parent=1415"}],"wp:term":[{"taxonomy":"product_brand","embeddable":true,"href":"https:\/\/lastenkamari.fi\/index.php?rest_route=%2Fwp%2Fv2%2Fproduct_brand&post=1415"},{"taxonomy":"product_cat","embeddable":true,"href":"https:\/\/lastenkamari.fi\/index.php?rest_route=%2Fwp%2Fv2%2Fproduct_cat&post=1415"},{"taxonomy":"product_tag","embeddable":true,"href":"https:\/\/lastenkamari.fi\/index.php?rest_route=%2Fwp%2Fv2%2Fproduct_tag&post=1415"}],"curies":[{"name":"wp","href":"https:\/\/api.w.org\/{rel}","templated":true}]}}