{"id":147,"date":"2026-04-28T10:11:40","date_gmt":"2026-04-28T10:11:40","guid":{"rendered":"https:\/\/lastenkamari.fi\/?post_type=product&#038;p=147"},"modified":"2026-04-28T10:11:41","modified_gmt":"2026-04-28T10:11:41","slug":"womens-tiered-dress-mekko-pinkie-xs","status":"publish","type":"product","link":"https:\/\/lastenkamari.fi\/?product=womens-tiered-dress-mekko-pinkie-xs","title":{"rendered":"Womens Tiered Dress -Mekko | Pinkie &#8211; XS"},"content":{"rendered":"<p>Womens Tiered Dress -Mekko v\u00e4riss\u00e4 Pinkie on hurmaava naisten mekko, jossa yhdistyv\u00e4t romanttinen siluetti ja pehme\u00e4 pitsineulos. Mekossa on lyhyet hihat ja runsas kerrostettu helma, jotka luovat kevyen ja kauniisti liikkuvan ilmeen. Pinkie on herkullinen pinkki s\u00e4vy, joka tuo asuun iloista kev\u00e4ist\u00e4 energiaa.<br \/>\nMekko on osa Metsolan Weekend Vibes -mallistoa, joka juhlistaa aurinkoisia p\u00e4ivi\u00e4, kev\u00e4\u00e4n keveytt\u00e4 ja huolettomia viikonloppuja. Luomupuuvillainen pitsineulos tuntuu miellytt\u00e4v\u00e4lt\u00e4 p\u00e4\u00e4ll\u00e4 ja tekee mekosta t\u00e4ydellisen valinnan niin juhlaan kuin rennompaan kes\u00e4tyyliin.<br \/>\nSamasta materiaalista valmistettu lasten mekko mahdollistaa kauniin samistelun \u00e4idin ja lapsen v\u00e4lill\u00e4 &#8211; t\u00e4ydellinen asu kev\u00e4\u00e4n juhliin ja kes\u00e4n yhteisiin hetkiin.<br \/>\nMik\u00e4li et ole varma oikeasta koosta, suosittelemme katsomaan apua kokotaulukosta.<\/p>\n","protected":false},"excerpt":{"rendered":"<p>Womens Tiered Dress -Mekko v\u00e4riss\u00e4 Pinkie on hurmaava naisten mekko, jossa yhdistyv\u00e4t romanttinen siluetti ja pehme\u00e4 pitsineulos. Mekossa on lyhyet hihat ja runsas kerrostettu helma, jotka luovat kevyen ja kauniisti liikkuvan ilmeen. Pinkie on herkullinen pinkki s\u00e4vy, joka tuo asuun iloista kev\u00e4ist\u00e4 energiaa. Mekko on osa Metsolan Weekend Vibes -mallistoa, [&hellip;]<\/p>\n","protected":false},"featured_media":148,"comment_status":"open","ping_status":"closed","template":"","meta":[],"product_brand":[35],"product_cat":[25],"product_tag":[26],"class_list":{"0":"post-147","1":"product","2":"type-product","3":"status-publish","4":"has-post-thumbnail","6":"product_brand-weekend-vibes","7":"product_cat-aikuisten-vaatteet","8":"product_tag-metsola","10":"first","11":"instock","12":"shipping-taxable","13":"product-type-external"},"_links":{"self":[{"href":"https:\/\/lastenkamari.fi\/index.php?rest_route=\/wp\/v2\/product\/147","targetHints":{"allow":["GET"]}}],"collection":[{"href":"https:\/\/lastenkamari.fi\/index.php?rest_route=\/wp\/v2\/product"}],"about":[{"href":"https:\/\/lastenkamari.fi\/index.php?rest_route=\/wp\/v2\/types\/product"}],"replies":[{"embeddable":true,"href":"https:\/\/lastenkamari.fi\/index.php?rest_route=%2Fwp%2Fv2%2Fcomments&post=147"}],"wp:featuredmedia":[{"embeddable":true,"href":"https:\/\/lastenkamari.fi\/index.php?rest_route=\/wp\/v2\/media\/148"}],"wp:attachment":[{"href":"https:\/\/lastenkamari.fi\/index.php?rest_route=%2Fwp%2Fv2%2Fmedia&parent=147"}],"wp:term":[{"taxonomy":"product_brand","embeddable":true,"href":"https:\/\/lastenkamari.fi\/index.php?rest_route=%2Fwp%2Fv2%2Fproduct_brand&post=147"},{"taxonomy":"product_cat","embeddable":true,"href":"https:\/\/lastenkamari.fi\/index.php?rest_route=%2Fwp%2Fv2%2Fproduct_cat&post=147"},{"taxonomy":"product_tag","embeddable":true,"href":"https:\/\/lastenkamari.fi\/index.php?rest_route=%2Fwp%2Fv2%2Fproduct_tag&post=147"}],"curies":[{"name":"wp","href":"https:\/\/api.w.org\/{rel}","templated":true}]}}