{"id":177,"date":"2026-04-28T10:11:50","date_gmt":"2026-04-28T10:11:50","guid":{"rendered":"https:\/\/lastenkamari.fi\/?post_type=product&#038;p=177"},"modified":"2026-04-28T10:11:51","modified_gmt":"2026-04-28T10:11:51","slug":"mohair-short-cardigan-neuletakki-licorice-xs-s","status":"publish","type":"product","link":"https:\/\/lastenkamari.fi\/?product=mohair-short-cardigan-neuletakki-licorice-xs-s","title":{"rendered":"Mohair Short Cardigan -Neuletakki | Licorice &#8211; XS\/S"},"content":{"rendered":"<p>Metsola Woman -tuotesarjan Can&#8217;t stop dreaming -mallisto on saanut inspiraationsa unelmoinnin voimasta \u2013 siit\u00e4, kuinka t\u00e4rke\u00e4\u00e4 on uskaltaa haaveilla ja kulkea rohkeasti kohti omia unelmiaan. Se heijastaa haaveilun ihmeellist\u00e4 voimaa toteuttaa mahdottomaltakin tuntuvia asioita \u2764<br \/>\nIhanan pehme\u00e4 ja ylellisen tuntuinen mohair neuletakki on luotu l\u00e4mmitt\u00e4m\u00e4\u00e4n ja viimeistelem\u00e4\u00e4n asukokonaisuus. T\u00e4m\u00e4 korkealaatuinen neuletakki on valmistettu Suomessa Tuusulassa ja siin\u00e4 yhdistyy ylellinen mohair sek\u00e4 verraton merinovilla! Mohair-neuleen lyhyehk\u00f6 malli ja rento istuvuus sopii t\u00e4ydellisesti esimerkiksi runsaampien hihojen ja helmojen kaveriksi.<br \/>\nMik\u00e4li et ole varma oikeasta koosta, suosittelemme katsomaan apua kokotaulukosta.<\/p>\n","protected":false},"excerpt":{"rendered":"<p>Metsola Woman -tuotesarjan Can&#8217;t stop dreaming -mallisto on saanut inspiraationsa unelmoinnin voimasta \u2013 siit\u00e4, kuinka t\u00e4rke\u00e4\u00e4 on uskaltaa haaveilla ja kulkea rohkeasti kohti omia unelmiaan. Se heijastaa haaveilun ihmeellist\u00e4 voimaa toteuttaa mahdottomaltakin tuntuvia asioita \u2764 Ihanan pehme\u00e4 ja ylellisen tuntuinen mohair neuletakki on luotu l\u00e4mmitt\u00e4m\u00e4\u00e4n ja viimeistelem\u00e4\u00e4n asukokonaisuus. T\u00e4m\u00e4 korkealaatuinen [&hellip;]<\/p>\n","protected":false},"featured_media":178,"comment_status":"open","ping_status":"closed","template":"","meta":[],"product_brand":[31],"product_cat":[25],"product_tag":[26],"class_list":{"0":"post-177","1":"product","2":"type-product","3":"status-publish","4":"has-post-thumbnail","6":"product_brand-cant-stop-dreaming","7":"product_cat-aikuisten-vaatteet","8":"product_tag-metsola","10":"first","11":"instock","12":"shipping-taxable","13":"product-type-external"},"_links":{"self":[{"href":"https:\/\/lastenkamari.fi\/index.php?rest_route=\/wp\/v2\/product\/177","targetHints":{"allow":["GET"]}}],"collection":[{"href":"https:\/\/lastenkamari.fi\/index.php?rest_route=\/wp\/v2\/product"}],"about":[{"href":"https:\/\/lastenkamari.fi\/index.php?rest_route=\/wp\/v2\/types\/product"}],"replies":[{"embeddable":true,"href":"https:\/\/lastenkamari.fi\/index.php?rest_route=%2Fwp%2Fv2%2Fcomments&post=177"}],"wp:featuredmedia":[{"embeddable":true,"href":"https:\/\/lastenkamari.fi\/index.php?rest_route=\/wp\/v2\/media\/178"}],"wp:attachment":[{"href":"https:\/\/lastenkamari.fi\/index.php?rest_route=%2Fwp%2Fv2%2Fmedia&parent=177"}],"wp:term":[{"taxonomy":"product_brand","embeddable":true,"href":"https:\/\/lastenkamari.fi\/index.php?rest_route=%2Fwp%2Fv2%2Fproduct_brand&post=177"},{"taxonomy":"product_cat","embeddable":true,"href":"https:\/\/lastenkamari.fi\/index.php?rest_route=%2Fwp%2Fv2%2Fproduct_cat&post=177"},{"taxonomy":"product_tag","embeddable":true,"href":"https:\/\/lastenkamari.fi\/index.php?rest_route=%2Fwp%2Fv2%2Fproduct_tag&post=177"}],"curies":[{"name":"wp","href":"https:\/\/api.w.org\/{rel}","templated":true}]}}