{"id":191,"date":"2026-04-28T10:11:54","date_gmt":"2026-04-28T10:11:54","guid":{"rendered":"https:\/\/lastenkamari.fi\/?post_type=product&#038;p=191"},"modified":"2026-04-28T10:11:54","modified_gmt":"2026-04-28T10:11:54","slug":"cotton-knit-cardigan-neuletakki-licorice-xs-s","status":"publish","type":"product","link":"https:\/\/lastenkamari.fi\/?product=cotton-knit-cardigan-neuletakki-licorice-xs-s","title":{"rendered":"Cotton Knit Cardigan -Neuletakki |  Licorice &#8211; XS\/S"},"content":{"rendered":"<p>Cotton Knit Cardigan Licorice -Neuletakki on More Love -malliston uusi naisten neuletakki, jossa yhdistyv\u00e4t k\u00e4yt\u00e4nn\u00f6llisyys, laatu ja ajaton tyyli. Neuletakin rento malli tekee siit\u00e4 t\u00e4ydellisen yhdistett\u00e4v\u00e4n mekkoihin, hameisiin ja korkeavy\u00f6t\u00e4r\u00f6isiin housuihin.<br \/>\nPehme\u00e4 luomupuuvilla tuntuu miellytt\u00e4v\u00e4lt\u00e4 ihoa vasten ja tekee neuletakista vastuullisen valinnan. Klassinen musta Licorice-s\u00e4vy tuo ryhti\u00e4 asuun ja toimii helposti yhdistett\u00e4v\u00e4n\u00e4 monenlaisiin v\u00e4reihin ja kuoseihin. T\u00e4m\u00e4 neuletakki on klassikko joka sopii t\u00e4ydent\u00e4m\u00e4\u00e4n useat asukokonaisuudet \u2764<br \/>\nMik\u00e4li et ole varma oikeasta koosta, suosittelemme katsomaan apua kokotaulukosta.<\/p>\n","protected":false},"excerpt":{"rendered":"<p>Cotton Knit Cardigan Licorice -Neuletakki on More Love -malliston uusi naisten neuletakki, jossa yhdistyv\u00e4t k\u00e4yt\u00e4nn\u00f6llisyys, laatu ja ajaton tyyli. Neuletakin rento malli tekee siit\u00e4 t\u00e4ydellisen yhdistett\u00e4v\u00e4n mekkoihin, hameisiin ja korkeavy\u00f6t\u00e4r\u00f6isiin housuihin. Pehme\u00e4 luomupuuvilla tuntuu miellytt\u00e4v\u00e4lt\u00e4 ihoa vasten ja tekee neuletakista vastuullisen valinnan. Klassinen musta Licorice-s\u00e4vy tuo ryhti\u00e4 asuun ja toimii [&hellip;]<\/p>\n","protected":false},"featured_media":192,"comment_status":"open","ping_status":"closed","template":"","meta":[],"product_brand":[29],"product_cat":[25],"product_tag":[26],"class_list":{"0":"post-191","1":"product","2":"type-product","3":"status-publish","4":"has-post-thumbnail","6":"product_brand-more-love","7":"product_cat-aikuisten-vaatteet","8":"product_tag-metsola","10":"first","11":"instock","12":"shipping-taxable","13":"product-type-external"},"_links":{"self":[{"href":"https:\/\/lastenkamari.fi\/index.php?rest_route=\/wp\/v2\/product\/191","targetHints":{"allow":["GET"]}}],"collection":[{"href":"https:\/\/lastenkamari.fi\/index.php?rest_route=\/wp\/v2\/product"}],"about":[{"href":"https:\/\/lastenkamari.fi\/index.php?rest_route=\/wp\/v2\/types\/product"}],"replies":[{"embeddable":true,"href":"https:\/\/lastenkamari.fi\/index.php?rest_route=%2Fwp%2Fv2%2Fcomments&post=191"}],"wp:featuredmedia":[{"embeddable":true,"href":"https:\/\/lastenkamari.fi\/index.php?rest_route=\/wp\/v2\/media\/192"}],"wp:attachment":[{"href":"https:\/\/lastenkamari.fi\/index.php?rest_route=%2Fwp%2Fv2%2Fmedia&parent=191"}],"wp:term":[{"taxonomy":"product_brand","embeddable":true,"href":"https:\/\/lastenkamari.fi\/index.php?rest_route=%2Fwp%2Fv2%2Fproduct_brand&post=191"},{"taxonomy":"product_cat","embeddable":true,"href":"https:\/\/lastenkamari.fi\/index.php?rest_route=%2Fwp%2Fv2%2Fproduct_cat&post=191"},{"taxonomy":"product_tag","embeddable":true,"href":"https:\/\/lastenkamari.fi\/index.php?rest_route=%2Fwp%2Fv2%2Fproduct_tag&post=191"}],"curies":[{"name":"wp","href":"https:\/\/api.w.org\/{rel}","templated":true}]}}