{"id":223,"date":"2026-04-28T10:12:03","date_gmt":"2026-04-28T10:12:03","guid":{"rendered":"https:\/\/lastenkamari.fi\/?post_type=product&#038;p=223"},"modified":"2026-04-28T10:12:04","modified_gmt":"2026-04-28T10:12:04","slug":"bell-sleeve-shirt-paita-dream-xs","status":"publish","type":"product","link":"https:\/\/lastenkamari.fi\/?product=bell-sleeve-shirt-paita-dream-xs","title":{"rendered":"Bell Sleeve Shirt -Paita | Dream &#8211; XS"},"content":{"rendered":"<p>My Happy Place -mallisto syntyi onnellisuuden tunteesta \u2013 hetkist\u00e4, jolloin kes\u00e4 tuntuu jo iholla, ilma v\u00e4reilee l\u00e4mp\u00f6n\u00e4 ja v\u00e4rit hehkuvat ymp\u00e4rill\u00e4. T\u00e4m\u00e4 mallisto kutsuu sinut unelmiesi paikkaan, jossa vain taivas on rajana \u2764\ufe0e<br \/>\nT\u00e4m\u00e4 upea Bell Sleeve -paita hurmaa pehme\u00e4sti laskeutuvalla siluetillaan ja n\u00e4ytt\u00e4v\u00e4ll\u00e4 Dream-kuosilla. Kuosin puuv\u00e4reill\u00e4 kuvitettu taideteos yhdist\u00e4\u00e4 modernin ilmeen unenomaiseen v\u00e4rimaailmaan, jossa pastellis\u00e4vyt sulautuvat harmonisesti yhteen.<br \/>\nOlkap\u00e4iden kaunis rypytys tuo hihoihin upeaa volyymia, ja laskeutuvat kellohihat liikkuvat elegantisti jokaisella askeleella. Paita on valmistettu 100 % viskoosista, joka tuntuu iholla kevyelt\u00e4 ja hengitt\u00e4v\u00e4lt\u00e4. Laadukas, vastuullisesti valmistettu materiaali takaa paitaan miellytt\u00e4v\u00e4n k\u00e4ytt\u00f6kokemuksen ja kauniin istuvuuden.<br \/>\nT\u00e4m\u00e4 monik\u00e4ytt\u00f6inen viskoosipaita sopii t\u00e4ydellisesti niin arkeen kuin juhlaan \u2013 yhdist\u00e4 farkkuihin ja tennareihin rennon tyylikk\u00e4\u00e4seen asuun tai pue hameen ja korujen kanssa osaksi juhlavaa kokonaisuutta. Dream-kuosinen Bell Sleeve -paita tuo asuusi ripauksen taianomaista tunnelmaa ja ajatonta eleganssia.<br \/>\nKuosin kohdistus on jokaisessa tuotteessa yksil\u00f6llinen. Mik\u00e4li et ole varma oikeasta koosta, suosittelemme katsomaan apua kokotaulukosta.<\/p>\n","protected":false},"excerpt":{"rendered":"<p>My Happy Place -mallisto syntyi onnellisuuden tunteesta \u2013 hetkist\u00e4, jolloin kes\u00e4 tuntuu jo iholla, ilma v\u00e4reilee l\u00e4mp\u00f6n\u00e4 ja v\u00e4rit hehkuvat ymp\u00e4rill\u00e4. T\u00e4m\u00e4 mallisto kutsuu sinut unelmiesi paikkaan, jossa vain taivas on rajana \u2764\ufe0e T\u00e4m\u00e4 upea Bell Sleeve -paita hurmaa pehme\u00e4sti laskeutuvalla siluetillaan ja n\u00e4ytt\u00e4v\u00e4ll\u00e4 Dream-kuosilla. Kuosin puuv\u00e4reill\u00e4 kuvitettu taideteos yhdist\u00e4\u00e4 [&hellip;]<\/p>\n","protected":false},"featured_media":224,"comment_status":"open","ping_status":"closed","template":"","meta":[],"product_brand":[27],"product_cat":[25],"product_tag":[26],"class_list":{"0":"post-223","1":"product","2":"type-product","3":"status-publish","4":"has-post-thumbnail","6":"product_brand-my-happy-place-women","7":"product_cat-aikuisten-vaatteet","8":"product_tag-metsola","10":"first","11":"instock","12":"shipping-taxable","13":"product-type-external"},"_links":{"self":[{"href":"https:\/\/lastenkamari.fi\/index.php?rest_route=\/wp\/v2\/product\/223","targetHints":{"allow":["GET"]}}],"collection":[{"href":"https:\/\/lastenkamari.fi\/index.php?rest_route=\/wp\/v2\/product"}],"about":[{"href":"https:\/\/lastenkamari.fi\/index.php?rest_route=\/wp\/v2\/types\/product"}],"replies":[{"embeddable":true,"href":"https:\/\/lastenkamari.fi\/index.php?rest_route=%2Fwp%2Fv2%2Fcomments&post=223"}],"wp:featuredmedia":[{"embeddable":true,"href":"https:\/\/lastenkamari.fi\/index.php?rest_route=\/wp\/v2\/media\/224"}],"wp:attachment":[{"href":"https:\/\/lastenkamari.fi\/index.php?rest_route=%2Fwp%2Fv2%2Fmedia&parent=223"}],"wp:term":[{"taxonomy":"product_brand","embeddable":true,"href":"https:\/\/lastenkamari.fi\/index.php?rest_route=%2Fwp%2Fv2%2Fproduct_brand&post=223"},{"taxonomy":"product_cat","embeddable":true,"href":"https:\/\/lastenkamari.fi\/index.php?rest_route=%2Fwp%2Fv2%2Fproduct_cat&post=223"},{"taxonomy":"product_tag","embeddable":true,"href":"https:\/\/lastenkamari.fi\/index.php?rest_route=%2Fwp%2Fv2%2Fproduct_tag&post=223"}],"curies":[{"name":"wp","href":"https:\/\/api.w.org\/{rel}","templated":true}]}}