{"id":275,"date":"2026-04-28T10:12:22","date_gmt":"2026-04-28T10:12:22","guid":{"rendered":"https:\/\/lastenkamari.fi\/?post_type=product&#038;p=275"},"modified":"2026-04-28T10:12:23","modified_gmt":"2026-04-28T10:12:23","slug":"fox-cream-body-56","status":"publish","type":"product","link":"https:\/\/lastenkamari.fi\/?product=fox-cream-body-56","title":{"rendered":"Fox Cream -Body &#8211; 56"},"content":{"rendered":"<p>T\u00e4m\u00e4 Fox Cream -vauvan body on valmistettu pehme\u00e4st\u00e4 ja joustavasta luomupuuvillasta. Bodyn olkap\u00e4ill\u00e4 ja haaroissa olevat nepparit tekev\u00e4t pukemisesta vaivatonta.<br \/>\nKuosin kohdistus on jokaisessa tuotteessa yksil\u00f6llinen. Mik\u00e4li et ole varma oikeasta koosta, suosittelemme katsomaan apua kokotaulukosta.<\/p>\n","protected":false},"excerpt":{"rendered":"<p>T\u00e4m\u00e4 Fox Cream -vauvan body on valmistettu pehme\u00e4st\u00e4 ja joustavasta luomupuuvillasta. Bodyn olkap\u00e4ill\u00e4 ja haaroissa olevat nepparit tekev\u00e4t pukemisesta vaivatonta. Kuosin kohdistus on jokaisessa tuotteessa yksil\u00f6llinen. Mik\u00e4li et ole varma oikeasta koosta, suosittelemme katsomaan apua kokotaulukosta.<\/p>\n","protected":false},"featured_media":276,"comment_status":"open","ping_status":"closed","template":"","meta":[],"product_brand":[39],"product_cat":[40],"product_tag":[26],"class_list":{"0":"post-275","1":"product","2":"type-product","3":"status-publish","4":"has-post-thumbnail","6":"product_brand-metsola","7":"product_cat-lastenvaatteet","8":"product_tag-metsola","10":"first","11":"instock","12":"shipping-taxable","13":"product-type-external"},"_links":{"self":[{"href":"https:\/\/lastenkamari.fi\/index.php?rest_route=\/wp\/v2\/product\/275","targetHints":{"allow":["GET"]}}],"collection":[{"href":"https:\/\/lastenkamari.fi\/index.php?rest_route=\/wp\/v2\/product"}],"about":[{"href":"https:\/\/lastenkamari.fi\/index.php?rest_route=\/wp\/v2\/types\/product"}],"replies":[{"embeddable":true,"href":"https:\/\/lastenkamari.fi\/index.php?rest_route=%2Fwp%2Fv2%2Fcomments&post=275"}],"wp:featuredmedia":[{"embeddable":true,"href":"https:\/\/lastenkamari.fi\/index.php?rest_route=\/wp\/v2\/media\/276"}],"wp:attachment":[{"href":"https:\/\/lastenkamari.fi\/index.php?rest_route=%2Fwp%2Fv2%2Fmedia&parent=275"}],"wp:term":[{"taxonomy":"product_brand","embeddable":true,"href":"https:\/\/lastenkamari.fi\/index.php?rest_route=%2Fwp%2Fv2%2Fproduct_brand&post=275"},{"taxonomy":"product_cat","embeddable":true,"href":"https:\/\/lastenkamari.fi\/index.php?rest_route=%2Fwp%2Fv2%2Fproduct_cat&post=275"},{"taxonomy":"product_tag","embeddable":true,"href":"https:\/\/lastenkamari.fi\/index.php?rest_route=%2Fwp%2Fv2%2Fproduct_tag&post=275"}],"curies":[{"name":"wp","href":"https:\/\/api.w.org\/{rel}","templated":true}]}}