{"id":283,"date":"2026-04-28T10:12:25","date_gmt":"2026-04-28T10:12:25","guid":{"rendered":"https:\/\/lastenkamari.fi\/?post_type=product&#038;p=283"},"modified":"2026-04-28T10:12:25","modified_gmt":"2026-04-28T10:12:25","slug":"collared-rib-body-vanilla-56","status":"publish","type":"product","link":"https:\/\/lastenkamari.fi\/?product=collared-rib-body-vanilla-56","title":{"rendered":"Collared Rib -Body | Vanilla &#8211; 56"},"content":{"rendered":"<p>Suositut Metsolan klassikot \ud83d\udda4 Klassikoita t\u00e4ydent\u00e4\u00e4 juhlava, neutraalins\u00e4vyinen body. Pitk\u00e4hihaisen bodyn materiaali on pehmoinen, joustava ja eritt\u00e4in miellytt\u00e4v\u00e4n tuntuinen iholla. T\u00e4m\u00e4 body on t\u00e4ydellinen valinta esimerkiksi erityisiin tilaisuuksiin osaksi pienen juhlapukeutumista.<br \/>\nT\u00e4m\u00e4 vauvan body on valmistettu pehme\u00e4st\u00e4 ja joustavasta luomupuuvillasta. Bodyn  haaroissa olevat nepparit tekev\u00e4t pukemisesta vaivatonta. Pienet yksityiskohdat, kuten s\u00f6p\u00f6t kaulukset, tekev\u00e4t bodyn ilmeest\u00e4 klassisen tyylikk\u00e4\u00e4n.<br \/>\nMik\u00e4li et ole varma oikeasta koosta, suosittelemme katsomaan apua kokotaulukosta.<\/p>\n","protected":false},"excerpt":{"rendered":"<p>Suositut Metsolan klassikot \ud83d\udda4 Klassikoita t\u00e4ydent\u00e4\u00e4 juhlava, neutraalins\u00e4vyinen body. Pitk\u00e4hihaisen bodyn materiaali on pehmoinen, joustava ja eritt\u00e4in miellytt\u00e4v\u00e4n tuntuinen iholla. T\u00e4m\u00e4 body on t\u00e4ydellinen valinta esimerkiksi erityisiin tilaisuuksiin osaksi pienen juhlapukeutumista. T\u00e4m\u00e4 vauvan body on valmistettu pehme\u00e4st\u00e4 ja joustavasta luomupuuvillasta. Bodyn haaroissa olevat nepparit tekev\u00e4t pukemisesta vaivatonta. Pienet yksityiskohdat, kuten [&hellip;]<\/p>\n","protected":false},"featured_media":284,"comment_status":"open","ping_status":"closed","template":"","meta":[],"product_brand":[39],"product_cat":[40],"product_tag":[26],"class_list":{"0":"post-283","1":"product","2":"type-product","3":"status-publish","4":"has-post-thumbnail","6":"product_brand-metsola","7":"product_cat-lastenvaatteet","8":"product_tag-metsola","10":"first","11":"instock","12":"shipping-taxable","13":"product-type-external"},"_links":{"self":[{"href":"https:\/\/lastenkamari.fi\/index.php?rest_route=\/wp\/v2\/product\/283","targetHints":{"allow":["GET"]}}],"collection":[{"href":"https:\/\/lastenkamari.fi\/index.php?rest_route=\/wp\/v2\/product"}],"about":[{"href":"https:\/\/lastenkamari.fi\/index.php?rest_route=\/wp\/v2\/types\/product"}],"replies":[{"embeddable":true,"href":"https:\/\/lastenkamari.fi\/index.php?rest_route=%2Fwp%2Fv2%2Fcomments&post=283"}],"wp:featuredmedia":[{"embeddable":true,"href":"https:\/\/lastenkamari.fi\/index.php?rest_route=\/wp\/v2\/media\/284"}],"wp:attachment":[{"href":"https:\/\/lastenkamari.fi\/index.php?rest_route=%2Fwp%2Fv2%2Fmedia&parent=283"}],"wp:term":[{"taxonomy":"product_brand","embeddable":true,"href":"https:\/\/lastenkamari.fi\/index.php?rest_route=%2Fwp%2Fv2%2Fproduct_brand&post=283"},{"taxonomy":"product_cat","embeddable":true,"href":"https:\/\/lastenkamari.fi\/index.php?rest_route=%2Fwp%2Fv2%2Fproduct_cat&post=283"},{"taxonomy":"product_tag","embeddable":true,"href":"https:\/\/lastenkamari.fi\/index.php?rest_route=%2Fwp%2Fv2%2Fproduct_tag&post=283"}],"curies":[{"name":"wp","href":"https:\/\/api.w.org\/{rel}","templated":true}]}}