{"id":287,"date":"2026-04-28T10:12:26","date_gmt":"2026-04-28T10:12:26","guid":{"rendered":"https:\/\/lastenkamari.fi\/?post_type=product&#038;p=287"},"modified":"2026-04-28T10:12:27","modified_gmt":"2026-04-28T10:12:27","slug":"lemon-tree-rib-body-lemon-sorbet-56","status":"publish","type":"product","link":"https:\/\/lastenkamari.fi\/?product=lemon-tree-rib-body-lemon-sorbet-56","title":{"rendered":"Lemon Tree Rib -Body | Lemon Sorbet &#8211; 56"},"content":{"rendered":"<p>Beach Party -mallisto on t\u00e4ynn\u00e4 v\u00e4ri\u00e4, iloa ja leikkisyytt\u00e4 \u2013 juuri kuten lapsuus. Kuosit ja materiaalit on suunniteltu tuomaan hyv\u00e4\u00e4 ja huoletonta fiilist\u00e4 kes\u00e4isiin seikkailuihin.<br \/>\nRaikkaan iloinen ja ihanan pehme\u00e4 \u2013 Lemon Tree rib -body on vauvan body, jossa yhdistyv\u00e4t k\u00e4yt\u00e4nn\u00f6llisyys ja suloinen tyyli. Pitk\u00e4t hihat tuovat lis\u00e4suojaa ja l\u00e4mp\u00f6\u00e4, ja rib-neulos tekee bodysta mukavan joustavan vauvan liikkuessa ja kasvaessa.<br \/>\nValmistettu laadukkaasta luomupuuvillatrikoosta, body tuntuu miellytt\u00e4v\u00e4lt\u00e4 ihoa vasten ja sopii niin arkeen kuin vaatekerroksen osaksi viile\u00e4mpin\u00e4kin p\u00e4ivin\u00e4. Raikas sitruunakuosi pirist\u00e4\u00e4 pukeutumista ja tuo kes\u00e4isen tunnelman ymp\u00e4ri vuoden.<br \/>\nHelppo pukea ja riisua nepparikiinnityksen ansiosta \u2013 t\u00e4m\u00e4 pitk\u00e4hihainen body on vauvan vaatekaapin peruspilari, jossa on ripaus iloa mukana.<br \/>\nKuosin kohdistus on jokaisessa tuotteessa yksil\u00f6llinen. Mik\u00e4li et ole varma oikeasta koosta, suosittelemme katsomaan apua kokotaulukosta.<\/p>\n","protected":false},"excerpt":{"rendered":"<p>Beach Party -mallisto on t\u00e4ynn\u00e4 v\u00e4ri\u00e4, iloa ja leikkisyytt\u00e4 \u2013 juuri kuten lapsuus. Kuosit ja materiaalit on suunniteltu tuomaan hyv\u00e4\u00e4 ja huoletonta fiilist\u00e4 kes\u00e4isiin seikkailuihin. Raikkaan iloinen ja ihanan pehme\u00e4 \u2013 Lemon Tree rib -body on vauvan body, jossa yhdistyv\u00e4t k\u00e4yt\u00e4nn\u00f6llisyys ja suloinen tyyli. Pitk\u00e4t hihat tuovat lis\u00e4suojaa ja l\u00e4mp\u00f6\u00e4, [&hellip;]<\/p>\n","protected":false},"featured_media":288,"comment_status":"open","ping_status":"closed","template":"","meta":[],"product_brand":[44],"product_cat":[40],"product_tag":[26],"class_list":{"0":"post-287","1":"product","2":"type-product","3":"status-publish","4":"has-post-thumbnail","6":"product_brand-beach-party","7":"product_cat-lastenvaatteet","8":"product_tag-metsola","10":"first","11":"instock","12":"shipping-taxable","13":"product-type-external"},"_links":{"self":[{"href":"https:\/\/lastenkamari.fi\/index.php?rest_route=\/wp\/v2\/product\/287","targetHints":{"allow":["GET"]}}],"collection":[{"href":"https:\/\/lastenkamari.fi\/index.php?rest_route=\/wp\/v2\/product"}],"about":[{"href":"https:\/\/lastenkamari.fi\/index.php?rest_route=\/wp\/v2\/types\/product"}],"replies":[{"embeddable":true,"href":"https:\/\/lastenkamari.fi\/index.php?rest_route=%2Fwp%2Fv2%2Fcomments&post=287"}],"wp:featuredmedia":[{"embeddable":true,"href":"https:\/\/lastenkamari.fi\/index.php?rest_route=\/wp\/v2\/media\/288"}],"wp:attachment":[{"href":"https:\/\/lastenkamari.fi\/index.php?rest_route=%2Fwp%2Fv2%2Fmedia&parent=287"}],"wp:term":[{"taxonomy":"product_brand","embeddable":true,"href":"https:\/\/lastenkamari.fi\/index.php?rest_route=%2Fwp%2Fv2%2Fproduct_brand&post=287"},{"taxonomy":"product_cat","embeddable":true,"href":"https:\/\/lastenkamari.fi\/index.php?rest_route=%2Fwp%2Fv2%2Fproduct_cat&post=287"},{"taxonomy":"product_tag","embeddable":true,"href":"https:\/\/lastenkamari.fi\/index.php?rest_route=%2Fwp%2Fv2%2Fproduct_tag&post=287"}],"curies":[{"name":"wp","href":"https:\/\/api.w.org\/{rel}","templated":true}]}}