{"id":293,"date":"2026-04-28T10:12:29","date_gmt":"2026-04-28T10:12:29","guid":{"rendered":"https:\/\/lastenkamari.fi\/?post_type=product&#038;p=293"},"modified":"2026-04-28T10:12:30","modified_gmt":"2026-04-28T10:12:30","slug":"textured-bear-romper-woody-50-56","status":"publish","type":"product","link":"https:\/\/lastenkamari.fi\/?product=textured-bear-romper-woody-50-56","title":{"rendered":"Textured Bear Romper | Woody &#8211; 50\/56"},"content":{"rendered":"<p>Metsola kutsuu seikkailuun True Campers -malliston mukana \ud83d\udda4 Luonnonrauhasta ja retkitunnelmasta inspiroitunut kokoelma hurmaa uusilla vaatemalleilla, laadukkailla materiaaleilla ja kauden s\u00e4vyjen runsaudella. T\u00e4m\u00e4 mallisto tuo iloa arkeen ja l\u00e4mp\u00f6\u00e4 viileisiin hetkiin.<br \/>\nLuonnonl\u00e4heinen Woody on l\u00e4mmin ruskea s\u00e4vy, joka tuo rauhallista ilmett\u00e4 vauvan ja taaperon arkipukeutumiseen. Textured Bear Romper on mukava ja k\u00e4yt\u00e4nn\u00f6llinen bodyasu, jossa on pitk\u00e4t hihat ja nepparilista kauluksessa helpottamassa pukemista.<br \/>\nRomper on valmistettu uudesta Textured-materiaalista, joka yhdist\u00e4\u00e4 luomupuuvillan pehmeyden ja kierr\u00e4tyspolyesterin kest\u00e4vyyden. Kankaan kevyesti struktuurinen pinta tuo vaatteeseen el\u00e4vyytt\u00e4 ja miellytt\u00e4v\u00e4n tunnun.<br \/>\nHupun suloiset nallenkorvat viimeistelev\u00e4t ilmeen hauskalla ja leikkis\u00e4ll\u00e4 tavalla.<br \/>\nMik\u00e4li et ole varma oikeasta koosta, suosittelemme katsomaan apua kokotaulukosta.<\/p>\n","protected":false},"excerpt":{"rendered":"<p>Metsola kutsuu seikkailuun True Campers -malliston mukana \ud83d\udda4 Luonnonrauhasta ja retkitunnelmasta inspiroitunut kokoelma hurmaa uusilla vaatemalleilla, laadukkailla materiaaleilla ja kauden s\u00e4vyjen runsaudella. T\u00e4m\u00e4 mallisto tuo iloa arkeen ja l\u00e4mp\u00f6\u00e4 viileisiin hetkiin. Luonnonl\u00e4heinen Woody on l\u00e4mmin ruskea s\u00e4vy, joka tuo rauhallista ilmett\u00e4 vauvan ja taaperon arkipukeutumiseen. Textured Bear Romper on mukava [&hellip;]<\/p>\n","protected":false},"featured_media":294,"comment_status":"open","ping_status":"closed","template":"","meta":[],"product_brand":[34],"product_cat":[40],"product_tag":[26],"class_list":{"0":"post-293","1":"product","2":"type-product","3":"status-publish","4":"has-post-thumbnail","6":"product_brand-true-campers","7":"product_cat-lastenvaatteet","8":"product_tag-metsola","10":"first","11":"instock","12":"shipping-taxable","13":"product-type-external"},"_links":{"self":[{"href":"https:\/\/lastenkamari.fi\/index.php?rest_route=\/wp\/v2\/product\/293","targetHints":{"allow":["GET"]}}],"collection":[{"href":"https:\/\/lastenkamari.fi\/index.php?rest_route=\/wp\/v2\/product"}],"about":[{"href":"https:\/\/lastenkamari.fi\/index.php?rest_route=\/wp\/v2\/types\/product"}],"replies":[{"embeddable":true,"href":"https:\/\/lastenkamari.fi\/index.php?rest_route=%2Fwp%2Fv2%2Fcomments&post=293"}],"wp:featuredmedia":[{"embeddable":true,"href":"https:\/\/lastenkamari.fi\/index.php?rest_route=\/wp\/v2\/media\/294"}],"wp:attachment":[{"href":"https:\/\/lastenkamari.fi\/index.php?rest_route=%2Fwp%2Fv2%2Fmedia&parent=293"}],"wp:term":[{"taxonomy":"product_brand","embeddable":true,"href":"https:\/\/lastenkamari.fi\/index.php?rest_route=%2Fwp%2Fv2%2Fproduct_brand&post=293"},{"taxonomy":"product_cat","embeddable":true,"href":"https:\/\/lastenkamari.fi\/index.php?rest_route=%2Fwp%2Fv2%2Fproduct_cat&post=293"},{"taxonomy":"product_tag","embeddable":true,"href":"https:\/\/lastenkamari.fi\/index.php?rest_route=%2Fwp%2Fv2%2Fproduct_tag&post=293"}],"curies":[{"name":"wp","href":"https:\/\/api.w.org\/{rel}","templated":true}]}}