{"id":299,"date":"2026-04-28T10:12:31","date_gmt":"2026-04-28T10:12:31","guid":{"rendered":"https:\/\/lastenkamari.fi\/?post_type=product&#038;p=299"},"modified":"2026-04-28T10:12:32","modified_gmt":"2026-04-28T10:12:32","slug":"heavy-rib-body-woody-56","status":"publish","type":"product","link":"https:\/\/lastenkamari.fi\/?product=heavy-rib-body-woody-56","title":{"rendered":"Heavy Rib -Body | Woody &#8211; 56"},"content":{"rendered":"<p>Metsola kutsuu seikkailuun True Campers -malliston mukana \ud83d\udda4 Luonnonrauhasta ja retkitunnelmasta inspiroitunut kokoelma hurmaa uusilla vaatemalleilla, laadukkailla materiaaleilla ja kauden s\u00e4vyjen runsaudella. T\u00e4m\u00e4 mallisto tuo iloa arkeen ja l\u00e4mp\u00f6\u00e4 viileisiin hetkiin.<br \/>\nL\u00e4mmin ja maanl\u00e4heinen Woody on t\u00e4ydellinen s\u00e4vy syksyyn ja talveen \u2013 pehme\u00e4 ruskean s\u00e4vy, joka tuo rauhallista tunnelmaa vauvan pukeutumiseen. Heavy Rib body on suunniteltu arjen tarpeisiin: pitk\u00e4hihaisessa vauvan bodyssa yhdistyv\u00e4t k\u00e4yt\u00e4nn\u00f6llisyys, kest\u00e4vyys ja ihanan pehme\u00e4 tuntu.<br \/>\nBody on valmistettu paksummasta Heavy rib-kankaasta, joka joustaa mukavasti ja tuntuu miellytt\u00e4v\u00e4lt\u00e4 ihoa vasten. Laadukas luomupuuvillasekoite, jossa mukana kierr\u00e4tyskuitua, tekee t\u00e4st\u00e4 vaatteesta vastuullisen valinnan. Nepparit olalla ja haarassa helpottavat pukemista ja vaipanvaihtoa.<br \/>\nHeavy Rib -materiaali venyy k\u00e4yt\u00f6ss\u00e4, mutta palautuu muotoonsa pesussa \u2013 body pysyy napakkana ja siistin\u00e4 toistuvassakin k\u00e4yt\u00f6ss\u00e4. T\u00e4ydellinen perusvaate vauvan vaatekaappiin.<br \/>\nMik\u00e4li et ole varma oikeasta koosta, suosittelemme katsomaan apua kokotaulukosta.<br \/>\n\u00a0<\/p>\n","protected":false},"excerpt":{"rendered":"<p>Metsola kutsuu seikkailuun True Campers -malliston mukana \ud83d\udda4 Luonnonrauhasta ja retkitunnelmasta inspiroitunut kokoelma hurmaa uusilla vaatemalleilla, laadukkailla materiaaleilla ja kauden s\u00e4vyjen runsaudella. T\u00e4m\u00e4 mallisto tuo iloa arkeen ja l\u00e4mp\u00f6\u00e4 viileisiin hetkiin. L\u00e4mmin ja maanl\u00e4heinen Woody on t\u00e4ydellinen s\u00e4vy syksyyn ja talveen \u2013 pehme\u00e4 ruskean s\u00e4vy, joka tuo rauhallista tunnelmaa vauvan [&hellip;]<\/p>\n","protected":false},"featured_media":300,"comment_status":"open","ping_status":"closed","template":"","meta":[],"product_brand":[34],"product_cat":[40],"product_tag":[26],"class_list":{"0":"post-299","1":"product","2":"type-product","3":"status-publish","4":"has-post-thumbnail","6":"product_brand-true-campers","7":"product_cat-lastenvaatteet","8":"product_tag-metsola","10":"first","11":"instock","12":"shipping-taxable","13":"product-type-external"},"_links":{"self":[{"href":"https:\/\/lastenkamari.fi\/index.php?rest_route=\/wp\/v2\/product\/299","targetHints":{"allow":["GET"]}}],"collection":[{"href":"https:\/\/lastenkamari.fi\/index.php?rest_route=\/wp\/v2\/product"}],"about":[{"href":"https:\/\/lastenkamari.fi\/index.php?rest_route=\/wp\/v2\/types\/product"}],"replies":[{"embeddable":true,"href":"https:\/\/lastenkamari.fi\/index.php?rest_route=%2Fwp%2Fv2%2Fcomments&post=299"}],"wp:featuredmedia":[{"embeddable":true,"href":"https:\/\/lastenkamari.fi\/index.php?rest_route=\/wp\/v2\/media\/300"}],"wp:attachment":[{"href":"https:\/\/lastenkamari.fi\/index.php?rest_route=%2Fwp%2Fv2%2Fmedia&parent=299"}],"wp:term":[{"taxonomy":"product_brand","embeddable":true,"href":"https:\/\/lastenkamari.fi\/index.php?rest_route=%2Fwp%2Fv2%2Fproduct_brand&post=299"},{"taxonomy":"product_cat","embeddable":true,"href":"https:\/\/lastenkamari.fi\/index.php?rest_route=%2Fwp%2Fv2%2Fproduct_cat&post=299"},{"taxonomy":"product_tag","embeddable":true,"href":"https:\/\/lastenkamari.fi\/index.php?rest_route=%2Fwp%2Fv2%2Fproduct_tag&post=299"}],"curies":[{"name":"wp","href":"https:\/\/api.w.org\/{rel}","templated":true}]}}