{"id":301,"date":"2026-04-28T10:12:32","date_gmt":"2026-04-28T10:12:32","guid":{"rendered":"https:\/\/lastenkamari.fi\/?post_type=product&#038;p=301"},"modified":"2026-04-28T10:12:32","modified_gmt":"2026-04-28T10:12:32","slug":"heavy-rib-body-pinky-56","status":"publish","type":"product","link":"https:\/\/lastenkamari.fi\/?product=heavy-rib-body-pinky-56","title":{"rendered":"Heavy Rib -Body | Pinky &#8211; 56"},"content":{"rendered":"<p>Metsola kutsuu seikkailuun True Campers -malliston mukana \ud83d\udda4 Luonnonrauhasta ja retkitunnelmasta inspiroitunut kokoelma hurmaa uusilla vaatemalleilla, laadukkailla materiaaleilla ja kauden s\u00e4vyjen runsaudella. T\u00e4m\u00e4 mallisto tuo iloa arkeen ja l\u00e4mp\u00f6\u00e4 viileisiin hetkiin.<br \/>\nSuloisen s\u00e4vyinen Pinky tuo raikkaan tuulahduksen arjen asuihin! Heavy Rib -vauvojen body on valmistettu paksummasta, napakasta rib-kankaasta, joka tuntuu iholla pehme\u00e4lt\u00e4 ja joustavalta \u2013 t\u00e4ydellinen valinta pienen herkk\u00e4\u00e4 ihoa vasten.<br \/>\nBodyssa on k\u00e4yt\u00e4nn\u00f6lliset nepparit olalla ja haarassa, jotka helpottavat pukemista ja vaipanvaihtoa. Pitk\u00e4hihaisen bodyn materiaalina k\u00e4ytetty luomupuuvillasekoite sis\u00e4lt\u00e4\u00e4 my\u00f6s kierr\u00e4tyskuitua, mik\u00e4 tekee tuotteesta entist\u00e4 vastuullisemman valinnan. Kankaan paino ja tuntu voivat hieman vaihdella tuotantoerien mukaan.<br \/>\nHeavy Rib -materiaali mukautuu k\u00e4yt\u00f6ss\u00e4, mutta palautuu alkuper\u00e4iseen muotoonsa pesun j\u00e4lkeen. T\u00e4m\u00e4 tekee bodysta paitsi mukavan, my\u00f6s pitk\u00e4ik\u00e4isen osan lapsen vaatekaappia.<br \/>\nMik\u00e4li et ole varma oikeasta koosta, suosittelemme katsomaan apua kokotaulukosta.<\/p>\n","protected":false},"excerpt":{"rendered":"<p>Metsola kutsuu seikkailuun True Campers -malliston mukana \ud83d\udda4 Luonnonrauhasta ja retkitunnelmasta inspiroitunut kokoelma hurmaa uusilla vaatemalleilla, laadukkailla materiaaleilla ja kauden s\u00e4vyjen runsaudella. T\u00e4m\u00e4 mallisto tuo iloa arkeen ja l\u00e4mp\u00f6\u00e4 viileisiin hetkiin. Suloisen s\u00e4vyinen Pinky tuo raikkaan tuulahduksen arjen asuihin! Heavy Rib -vauvojen body on valmistettu paksummasta, napakasta rib-kankaasta, joka tuntuu [&hellip;]<\/p>\n","protected":false},"featured_media":302,"comment_status":"open","ping_status":"closed","template":"","meta":[],"product_brand":[34],"product_cat":[40],"product_tag":[26],"class_list":{"0":"post-301","1":"product","2":"type-product","3":"status-publish","4":"has-post-thumbnail","6":"product_brand-true-campers","7":"product_cat-lastenvaatteet","8":"product_tag-metsola","10":"first","11":"instock","12":"shipping-taxable","13":"product-type-external"},"_links":{"self":[{"href":"https:\/\/lastenkamari.fi\/index.php?rest_route=\/wp\/v2\/product\/301","targetHints":{"allow":["GET"]}}],"collection":[{"href":"https:\/\/lastenkamari.fi\/index.php?rest_route=\/wp\/v2\/product"}],"about":[{"href":"https:\/\/lastenkamari.fi\/index.php?rest_route=\/wp\/v2\/types\/product"}],"replies":[{"embeddable":true,"href":"https:\/\/lastenkamari.fi\/index.php?rest_route=%2Fwp%2Fv2%2Fcomments&post=301"}],"wp:featuredmedia":[{"embeddable":true,"href":"https:\/\/lastenkamari.fi\/index.php?rest_route=\/wp\/v2\/media\/302"}],"wp:attachment":[{"href":"https:\/\/lastenkamari.fi\/index.php?rest_route=%2Fwp%2Fv2%2Fmedia&parent=301"}],"wp:term":[{"taxonomy":"product_brand","embeddable":true,"href":"https:\/\/lastenkamari.fi\/index.php?rest_route=%2Fwp%2Fv2%2Fproduct_brand&post=301"},{"taxonomy":"product_cat","embeddable":true,"href":"https:\/\/lastenkamari.fi\/index.php?rest_route=%2Fwp%2Fv2%2Fproduct_cat&post=301"},{"taxonomy":"product_tag","embeddable":true,"href":"https:\/\/lastenkamari.fi\/index.php?rest_route=%2Fwp%2Fv2%2Fproduct_tag&post=301"}],"curies":[{"name":"wp","href":"https:\/\/api.w.org\/{rel}","templated":true}]}}