{"id":305,"date":"2026-04-28T10:12:33","date_gmt":"2026-04-28T10:12:33","guid":{"rendered":"https:\/\/lastenkamari.fi\/?post_type=product&#038;p=305"},"modified":"2026-04-28T10:12:33","modified_gmt":"2026-04-28T10:12:33","slug":"arctic-cruiser-body-nighty-56","status":"publish","type":"product","link":"https:\/\/lastenkamari.fi\/?product=arctic-cruiser-body-nighty-56","title":{"rendered":"Arctic Cruiser -Body | Nighty &#8211; 56"},"content":{"rendered":"<p>Arctic Cruiser -body Nighty on pehme\u00e4 ja k\u00e4yt\u00e4nn\u00f6llinen vauvojen body, jossa leikki ja mielikuvitus kulkevat mukana joka askeleella. Henna Adelin suunnittelema kuosi, jossa j\u00e4\u00e4karhu ajaa autolla, on hurmaava esimerkki Urban Story -malliston maailmasta \u2013 miss\u00e4 luonto kohtaa kaupungin yll\u00e4tt\u00e4v\u00e4ll\u00e4 ja hauskalla tavalla.<br \/>\nTummansininen Nighty-s\u00e4vy tekee kuosista rauhallisen, mutta t\u00e4ynn\u00e4 ilmett\u00e4. Body on valmistettu joustavasta ja ihanan pehme\u00e4st\u00e4 luomupuuvillatrikoosta, joka tuntuu miellytt\u00e4v\u00e4lt\u00e4 ihoa vasten ja kest\u00e4\u00e4 toistuvaa pesua ja k\u00e4ytt\u00f6\u00e4.<br \/>\nNepparit olalla ja haaraosassa tekev\u00e4t pukemisesta ja vaipanvaihdosta vaivatonta \u2013 arjen helppo ja laadukas valinta pienelle seikkailijalle.<br \/>\nKuosin kohdistus on jokaisessa tuotteessa yksil\u00f6llinen. Mik\u00e4li et ole varma oikeasta koosta, suosittelemme katsomaan apua kokotaulukosta.<\/p>\n","protected":false},"excerpt":{"rendered":"<p>Arctic Cruiser -body Nighty on pehme\u00e4 ja k\u00e4yt\u00e4nn\u00f6llinen vauvojen body, jossa leikki ja mielikuvitus kulkevat mukana joka askeleella. Henna Adelin suunnittelema kuosi, jossa j\u00e4\u00e4karhu ajaa autolla, on hurmaava esimerkki Urban Story -malliston maailmasta \u2013 miss\u00e4 luonto kohtaa kaupungin yll\u00e4tt\u00e4v\u00e4ll\u00e4 ja hauskalla tavalla. Tummansininen Nighty-s\u00e4vy tekee kuosista rauhallisen, mutta t\u00e4ynn\u00e4 ilmett\u00e4. [&hellip;]<\/p>\n","protected":false},"featured_media":306,"comment_status":"open","ping_status":"closed","template":"","meta":[],"product_brand":[38],"product_cat":[40],"product_tag":[26],"class_list":{"0":"post-305","1":"product","2":"type-product","3":"status-publish","4":"has-post-thumbnail","6":"product_brand-urban-story","7":"product_cat-lastenvaatteet","8":"product_tag-metsola","10":"first","11":"instock","12":"shipping-taxable","13":"product-type-external"},"_links":{"self":[{"href":"https:\/\/lastenkamari.fi\/index.php?rest_route=\/wp\/v2\/product\/305","targetHints":{"allow":["GET"]}}],"collection":[{"href":"https:\/\/lastenkamari.fi\/index.php?rest_route=\/wp\/v2\/product"}],"about":[{"href":"https:\/\/lastenkamari.fi\/index.php?rest_route=\/wp\/v2\/types\/product"}],"replies":[{"embeddable":true,"href":"https:\/\/lastenkamari.fi\/index.php?rest_route=%2Fwp%2Fv2%2Fcomments&post=305"}],"wp:featuredmedia":[{"embeddable":true,"href":"https:\/\/lastenkamari.fi\/index.php?rest_route=\/wp\/v2\/media\/306"}],"wp:attachment":[{"href":"https:\/\/lastenkamari.fi\/index.php?rest_route=%2Fwp%2Fv2%2Fmedia&parent=305"}],"wp:term":[{"taxonomy":"product_brand","embeddable":true,"href":"https:\/\/lastenkamari.fi\/index.php?rest_route=%2Fwp%2Fv2%2Fproduct_brand&post=305"},{"taxonomy":"product_cat","embeddable":true,"href":"https:\/\/lastenkamari.fi\/index.php?rest_route=%2Fwp%2Fv2%2Fproduct_cat&post=305"},{"taxonomy":"product_tag","embeddable":true,"href":"https:\/\/lastenkamari.fi\/index.php?rest_route=%2Fwp%2Fv2%2Fproduct_tag&post=305"}],"curies":[{"name":"wp","href":"https:\/\/api.w.org\/{rel}","templated":true}]}}