{"id":317,"date":"2026-04-28T10:12:38","date_gmt":"2026-04-28T10:12:38","guid":{"rendered":"https:\/\/lastenkamari.fi\/?post_type=product&#038;p=317"},"modified":"2026-04-28T10:12:38","modified_gmt":"2026-04-28T10:12:38","slug":"rib-frilla-body-berry-56","status":"publish","type":"product","link":"https:\/\/lastenkamari.fi\/?product=rib-frilla-body-berry-56","title":{"rendered":"Rib Frilla -Body | Berry &#8211; 56"},"content":{"rendered":"<p>Rib Frilla -body Berry on suloinen ja toimiva valinta arkeen ja juhlaan. T\u00e4m\u00e4 syv\u00e4n punavioletti s\u00e4vy tuo asuun kaunista l\u00e4mp\u00f6\u00e4 ja toimii erinomaisesti osana Urban Story -mallistoa.<br \/>\nBody on valmistettu luomupuuvillaisesta ribbineuloksesta, joka joustaa kauniisti ja tuntuu pehme\u00e4lt\u00e4 ihoa vasten. Olkap\u00e4iden frillat tuovat bodyn ilmeeseen ripauksen juhlallisuutta, ja k\u00e4yt\u00e4nn\u00f6llinen nepparikiinnitys olalla ja haaraosassa helpottaa arjen pukeutumista.<br \/>\nBerry on monik\u00e4ytt\u00f6inen s\u00e4vy, joka toimii loistavasti yksin\u00e4\u00e4n tai yhdess\u00e4 esimerkiksi neutraalien alaosien kanssa.<br \/>\nMik\u00e4li et ole varma oikeasta koosta, suosittelemme katsomaan apua kokotaulukosta.<\/p>\n","protected":false},"excerpt":{"rendered":"<p>Rib Frilla -body Berry on suloinen ja toimiva valinta arkeen ja juhlaan. T\u00e4m\u00e4 syv\u00e4n punavioletti s\u00e4vy tuo asuun kaunista l\u00e4mp\u00f6\u00e4 ja toimii erinomaisesti osana Urban Story -mallistoa. Body on valmistettu luomupuuvillaisesta ribbineuloksesta, joka joustaa kauniisti ja tuntuu pehme\u00e4lt\u00e4 ihoa vasten. Olkap\u00e4iden frillat tuovat bodyn ilmeeseen ripauksen juhlallisuutta, ja k\u00e4yt\u00e4nn\u00f6llinen nepparikiinnitys [&hellip;]<\/p>\n","protected":false},"featured_media":318,"comment_status":"open","ping_status":"closed","template":"","meta":[],"product_brand":[38],"product_cat":[40],"product_tag":[26],"class_list":{"0":"post-317","1":"product","2":"type-product","3":"status-publish","4":"has-post-thumbnail","6":"product_brand-urban-story","7":"product_cat-lastenvaatteet","8":"product_tag-metsola","10":"first","11":"instock","12":"shipping-taxable","13":"product-type-external"},"_links":{"self":[{"href":"https:\/\/lastenkamari.fi\/index.php?rest_route=\/wp\/v2\/product\/317","targetHints":{"allow":["GET"]}}],"collection":[{"href":"https:\/\/lastenkamari.fi\/index.php?rest_route=\/wp\/v2\/product"}],"about":[{"href":"https:\/\/lastenkamari.fi\/index.php?rest_route=\/wp\/v2\/types\/product"}],"replies":[{"embeddable":true,"href":"https:\/\/lastenkamari.fi\/index.php?rest_route=%2Fwp%2Fv2%2Fcomments&post=317"}],"wp:featuredmedia":[{"embeddable":true,"href":"https:\/\/lastenkamari.fi\/index.php?rest_route=\/wp\/v2\/media\/318"}],"wp:attachment":[{"href":"https:\/\/lastenkamari.fi\/index.php?rest_route=%2Fwp%2Fv2%2Fmedia&parent=317"}],"wp:term":[{"taxonomy":"product_brand","embeddable":true,"href":"https:\/\/lastenkamari.fi\/index.php?rest_route=%2Fwp%2Fv2%2Fproduct_brand&post=317"},{"taxonomy":"product_cat","embeddable":true,"href":"https:\/\/lastenkamari.fi\/index.php?rest_route=%2Fwp%2Fv2%2Fproduct_cat&post=317"},{"taxonomy":"product_tag","embeddable":true,"href":"https:\/\/lastenkamari.fi\/index.php?rest_route=%2Fwp%2Fv2%2Fproduct_tag&post=317"}],"curies":[{"name":"wp","href":"https:\/\/api.w.org\/{rel}","templated":true}]}}