{"id":321,"date":"2026-04-28T10:12:39","date_gmt":"2026-04-28T10:12:39","guid":{"rendered":"https:\/\/lastenkamari.fi\/?post_type=product&#038;p=321"},"modified":"2026-04-28T10:12:39","modified_gmt":"2026-04-28T10:12:39","slug":"heart-song-rib-body-poppy-56","status":"publish","type":"product","link":"https:\/\/lastenkamari.fi\/?product=heart-song-rib-body-poppy-56","title":{"rendered":"Heart Song Rib -Body | Poppy &#8211; 56"},"content":{"rendered":"<p>Heart Song Rib -Body v\u00e4riss\u00e4 Poppy on vauvan pehme\u00e4 ja juhlava rib-body, osana Under the Same Moon -mallistoa.<br \/>\nT\u00e4ss\u00e4 vauvojen bodyssa Metsolan syd\u00e4n n\u00e4kyy ja tuntuu! \u2764\ufe0e Pitk\u00e4hihaisen bodyn materiaali on todella pehme\u00e4 ja joustava luomupuuvilla rib-kangas. Bodyn olkap\u00e4ill\u00e4 ja haaroissa olevat nepparit tekev\u00e4t pukemisesta vaivatonta. Kaunis kuosi ja t\u00e4ydellinen punainen s\u00e4vy t\u00e4ydent\u00e4v\u00e4t perheen pienimm\u00e4n talvikauden arkea ja juhlaa.<br \/>\nKuosin kohdistus on jokaisessa tuotteessa yksil\u00f6llinen. Mik\u00e4li et ole varma oikeasta koosta, suosittelemme katsomaan apua kokotaulukosta.<\/p>\n","protected":false},"excerpt":{"rendered":"<p>Heart Song Rib -Body v\u00e4riss\u00e4 Poppy on vauvan pehme\u00e4 ja juhlava rib-body, osana Under the Same Moon -mallistoa. T\u00e4ss\u00e4 vauvojen bodyssa Metsolan syd\u00e4n n\u00e4kyy ja tuntuu! \u2764\ufe0e Pitk\u00e4hihaisen bodyn materiaali on todella pehme\u00e4 ja joustava luomupuuvilla rib-kangas. Bodyn olkap\u00e4ill\u00e4 ja haaroissa olevat nepparit tekev\u00e4t pukemisesta vaivatonta. Kaunis kuosi ja t\u00e4ydellinen [&hellip;]<\/p>\n","protected":false},"featured_media":322,"comment_status":"open","ping_status":"closed","template":"","meta":[],"product_brand":[45],"product_cat":[40],"product_tag":[26],"class_list":{"0":"post-321","1":"product","2":"type-product","3":"status-publish","4":"has-post-thumbnail","6":"product_brand-under-the-same-moon","7":"product_cat-lastenvaatteet","8":"product_tag-metsola","10":"first","11":"instock","12":"shipping-taxable","13":"product-type-external"},"_links":{"self":[{"href":"https:\/\/lastenkamari.fi\/index.php?rest_route=\/wp\/v2\/product\/321","targetHints":{"allow":["GET"]}}],"collection":[{"href":"https:\/\/lastenkamari.fi\/index.php?rest_route=\/wp\/v2\/product"}],"about":[{"href":"https:\/\/lastenkamari.fi\/index.php?rest_route=\/wp\/v2\/types\/product"}],"replies":[{"embeddable":true,"href":"https:\/\/lastenkamari.fi\/index.php?rest_route=%2Fwp%2Fv2%2Fcomments&post=321"}],"wp:featuredmedia":[{"embeddable":true,"href":"https:\/\/lastenkamari.fi\/index.php?rest_route=\/wp\/v2\/media\/322"}],"wp:attachment":[{"href":"https:\/\/lastenkamari.fi\/index.php?rest_route=%2Fwp%2Fv2%2Fmedia&parent=321"}],"wp:term":[{"taxonomy":"product_brand","embeddable":true,"href":"https:\/\/lastenkamari.fi\/index.php?rest_route=%2Fwp%2Fv2%2Fproduct_brand&post=321"},{"taxonomy":"product_cat","embeddable":true,"href":"https:\/\/lastenkamari.fi\/index.php?rest_route=%2Fwp%2Fv2%2Fproduct_cat&post=321"},{"taxonomy":"product_tag","embeddable":true,"href":"https:\/\/lastenkamari.fi\/index.php?rest_route=%2Fwp%2Fv2%2Fproduct_tag&post=321"}],"curies":[{"name":"wp","href":"https:\/\/api.w.org\/{rel}","templated":true}]}}